{"id":12,"date":"2019-01-23T06:32:08","date_gmt":"2019-01-23T06:32:08","guid":{"rendered":"https:\/\/nowa.kartysportowca.pl\/contact-us\/"},"modified":"2023-08-20T18:46:51","modified_gmt":"2023-08-20T16:46:51","slug":"kontakt","status":"publish","type":"page","link":"https:\/\/kartysportowca.pl\/en\/kontakt\/","title":{"rendered":"Kontakt"},"content":{"rendered":"\t\t<div data-elementor-type=\"wp-post\" data-elementor-id=\"12\" class=\"elementor elementor-12\">\n\t\t\t\t\t\t<section class=\"elementor-section elementor-top-section elementor-element elementor-element-bd765e3 elementor-section-content-middle elementor-section-boxed elementor-section-height-default elementor-section-height-default elementor-invisible\" data-id=\"bd765e3\" data-element_type=\"section\" data-e-type=\"section\" data-settings=\"{&quot;background_background&quot;:&quot;classic&quot;,&quot;animation&quot;:&quot;fadeInDown&quot;}\">\n\t\t\t\t\t\t\t<div class=\"elementor-background-overlay\"><\/div>\n\t\t\t\t\t\t\t<div class=\"elementor-container elementor-column-gap-no\">\n\t\t\t\t\t<div class=\"elementor-column elementor-col-100 elementor-top-column elementor-element elementor-element-1183914\" data-id=\"1183914\" data-element_type=\"column\" data-e-type=\"column\">\n\t\t\t<div class=\"elementor-widget-wrap\">\n\t\t\t\t\t\t\t<\/div>\n\t\t<\/div>\n\t\t\t\t\t<\/div>\n\t\t<\/section>\n\t\t\t\t<section class=\"elementor-section elementor-top-section elementor-element elementor-element-514c221 elementor-section-boxed elementor-section-height-default elementor-section-height-default elementor-invisible\" data-id=\"514c221\" data-element_type=\"section\" data-e-type=\"section\" data-settings=\"{&quot;animation&quot;:&quot;fadeInUp&quot;}\">\n\t\t\t\t\t\t<div class=\"elementor-container elementor-column-gap-default\">\n\t\t\t\t\t<div class=\"elementor-column elementor-col-25 elementor-top-column elementor-element elementor-element-344336c\" data-id=\"344336c\" data-element_type=\"column\" data-e-type=\"column\">\n\t\t\t<div class=\"elementor-widget-wrap elementor-element-populated\">\n\t\t\t\t\t\t<div class=\"elementor-element elementor-element-9fa71af elementor-widget elementor-widget-text-editor\" data-id=\"9fa71af\" data-element_type=\"widget\" data-e-type=\"widget\" data-widget_type=\"text-editor.default\">\n\t\t\t\t\t\t<div class=\"elementor-widget-container\">\n\t\t\t\t\t\t\t\t\t<div class=\"heading icon-left\"><h3 class=\"content-box-heading fusion-responsive-typography-calculated\"><span style=\"color: #7dcad8;\">Kariera<\/span><\/h3><\/div><div class=\"content-container\"><p>Jeste\u015b psychologiem sportu i chcesz nawi\u0105za\u0107 z nami wsp\u00f3\u0142prac\u0119?<\/p><\/div>\t\t\t\t\t\t\t\t<\/div>\n\t\t\t\t<\/div>\n\t\t\t\t\t<\/div>\n\t\t<\/div>\n\t\t\t\t<div class=\"elementor-column elementor-col-25 elementor-top-column elementor-element elementor-element-706bcb1\" data-id=\"706bcb1\" data-element_type=\"column\" data-e-type=\"column\">\n\t\t\t<div class=\"elementor-widget-wrap elementor-element-populated\">\n\t\t\t\t\t\t<div class=\"elementor-element elementor-element-2e09241 elementor-widget elementor-widget-text-editor\" data-id=\"2e09241\" data-element_type=\"widget\" data-e-type=\"widget\" data-widget_type=\"text-editor.default\">\n\t\t\t\t\t\t<div class=\"elementor-widget-container\">\n\t\t\t\t\t\t\t\t\t<div class=\"heading icon-left\"><h3 class=\"content-box-heading fusion-responsive-typography-calculated\"><span style=\"color: #7dcad8;\">Praktyki<\/span><\/h3><\/div><div class=\"content-container\"><p>Jeste\u015b studentem psychologii i szukasz miejsca, w kt\u00f3rym mo\u017cesz odby\u0107 praktyki?<\/p><\/div>\t\t\t\t\t\t\t\t<\/div>\n\t\t\t\t<\/div>\n\t\t\t\t\t<\/div>\n\t\t<\/div>\n\t\t\t\t<div class=\"elementor-column elementor-col-25 elementor-top-column elementor-element elementor-element-2fd7009\" data-id=\"2fd7009\" data-element_type=\"column\" data-e-type=\"column\">\n\t\t\t<div class=\"elementor-widget-wrap elementor-element-populated\">\n\t\t\t\t\t\t<div class=\"elementor-element elementor-element-05af914 elementor-widget elementor-widget-text-editor\" data-id=\"05af914\" data-element_type=\"widget\" data-e-type=\"widget\" data-widget_type=\"text-editor.default\">\n\t\t\t\t\t\t<div class=\"elementor-widget-container\">\n\t\t\t\t\t\t\t\t\t<div class=\"heading icon-left\"><h3 class=\"content-box-heading fusion-responsive-typography-calculated\"><span style=\"color: #7dcad8;\">Edukacja<\/span><\/h3><\/div><div class=\"content-container\"><p>Chcesz zorganizowa\u0107 szkolenie lub warsztaty treningu mentalnego w swoim klubie sportowym?<\/p><\/div>\t\t\t\t\t\t\t\t<\/div>\n\t\t\t\t<\/div>\n\t\t\t\t\t<\/div>\n\t\t<\/div>\n\t\t\t\t<div class=\"elementor-column elementor-col-25 elementor-top-column elementor-element elementor-element-de81af3\" data-id=\"de81af3\" data-element_type=\"column\" data-e-type=\"column\">\n\t\t\t<div class=\"elementor-widget-wrap elementor-element-populated\">\n\t\t\t\t\t\t<div class=\"elementor-element elementor-element-cdfc6b4 elementor-widget elementor-widget-text-editor\" data-id=\"cdfc6b4\" data-element_type=\"widget\" data-e-type=\"widget\" data-widget_type=\"text-editor.default\">\n\t\t\t\t\t\t<div class=\"elementor-widget-container\">\n\t\t\t\t\t\t\t\t\t<div class=\"heading icon-left\"><div class=\"heading icon-left\"><h3 class=\"content-box-heading fusion-responsive-typography-calculated\"><span style=\"color: #7dcad8;\">Wsparcie<\/span><\/h3><\/div><div class=\"content-container\"><p>Poszukujesz psychologa sportu do konsultacji indywidualnych, warsztat\u00f3w grupowych, wyjazdu na ob\u00f3z sportowy?<\/p><\/div><\/div>\t\t\t\t\t\t\t\t<\/div>\n\t\t\t\t<\/div>\n\t\t\t\t\t<\/div>\n\t\t<\/div>\n\t\t\t\t\t<\/div>\n\t\t<\/section>\n\t\t\t\t<section class=\"elementor-section elementor-top-section elementor-element elementor-element-8977841 elementor-section-boxed elementor-section-height-default elementor-section-height-default elementor-invisible\" data-id=\"8977841\" data-element_type=\"section\" data-e-type=\"section\" data-settings=\"{&quot;animation&quot;:&quot;fadeIn&quot;}\">\n\t\t\t\t\t\t<div class=\"elementor-container elementor-column-gap-no\">\n\t\t\t\t\t<div class=\"elementor-column elementor-col-100 elementor-top-column elementor-element elementor-element-d2afd70\" data-id=\"d2afd70\" data-element_type=\"column\" data-e-type=\"column\">\n\t\t\t<div class=\"elementor-widget-wrap elementor-element-populated\">\n\t\t\t\t\t\t<div class=\"elementor-element elementor-element-e1c9f5e elementor-widget elementor-widget-text-editor\" data-id=\"e1c9f5e\" data-element_type=\"widget\" data-e-type=\"widget\" data-widget_type=\"text-editor.default\">\n\t\t\t\t\t\t<div class=\"elementor-widget-container\">\n\t\t\t\t\t\t\t\t\t<p><strong>Skontaktuj si\u0119 z Nami!<\/strong><\/p>\t\t\t\t\t\t\t\t<\/div>\n\t\t\t\t<\/div>\n\t\t\t\t<div class=\"elementor-element elementor-element-79d303f elementor-widget elementor-widget-shortcode\" data-id=\"79d303f\" data-element_type=\"widget\" data-e-type=\"widget\" data-widget_type=\"shortcode.default\">\n\t\t\t\t\t\t<div class=\"elementor-widget-container\">\n\t\t\t\t\t\t\t<div class=\"elementor-shortcode\"><div class=\"wpforms-container \" id=\"wpforms-22060\"><form id=\"wpforms-form-22060\" class=\"wpforms-validate wpforms-form\" data-formid=\"22060\" method=\"post\" enctype=\"multipart\/form-data\" action=\"\/en\/wp-json\/wp\/v2\/pages\/12\" data-token=\"9ac6db20974085ca47522704cd1c387e\" data-token-time=\"1776614604\"><noscript class=\"wpforms-error-noscript\">Please enable JavaScript in your browser to complete this form.<\/noscript><div class=\"wpforms-field-container\"><div id=\"wpforms-22060-field_0-container\" class=\"wpforms-field wpforms-field-name\" data-field-id=\"0\"><label class=\"wpforms-field-label wpforms-label-hide\" for=\"wpforms-22060-field_0\">Imi\u0119 i nazwisko <span class=\"wpforms-required-label\">*<\/span><\/label><input type=\"text\" id=\"wpforms-22060-field_0\" class=\"wpforms-field-large wpforms-field-required\" name=\"wpforms[fields][0]\" placeholder=\"Imi\u0119 i nazwisko\" required><\/div><div id=\"wpforms-22060-field_1-container\" class=\"wpforms-field wpforms-field-email\" data-field-id=\"1\"><label class=\"wpforms-field-label wpforms-label-hide\" for=\"wpforms-22060-field_1\">Email <span class=\"wpforms-required-label\">*<\/span><\/label><input type=\"email\" id=\"wpforms-22060-field_1\" class=\"wpforms-field-large wpforms-field-required\" name=\"wpforms[fields][1]\" placeholder=\"Email\" spellcheck=\"false\" required><\/div><div id=\"wpforms-22060-field_4-container\" class=\"wpforms-field wpforms-field-text\" data-field-id=\"4\"><label class=\"wpforms-field-label wpforms-label-hide\" for=\"wpforms-22060-field_4\">Temat <span class=\"wpforms-required-label\">*<\/span><\/label><input type=\"text\" id=\"wpforms-22060-field_4\" class=\"wpforms-field-large wpforms-field-required\" name=\"wpforms[fields][4]\" placeholder=\"Temat\" required><\/div><div id=\"wpforms-22060-field_2-container\" class=\"wpforms-field wpforms-field-textarea\" data-field-id=\"2\"><label class=\"wpforms-field-label wpforms-label-hide\" for=\"wpforms-22060-field_2\">Wiadomo\u015b\u0107 <span class=\"wpforms-required-label\">*<\/span><\/label><textarea id=\"wpforms-22060-field_2\" class=\"wpforms-field-medium wpforms-field-required\" name=\"wpforms[fields][2]\" placeholder=\"Wiadomo\u015b\u0107\" required><\/textarea><\/div><\/div><!-- .wpforms-field-container --><div class=\"wpforms-field wpforms-field-hp\"><label for=\"wpforms-22060-field-hp\" class=\"wpforms-field-label\">Message<\/label><input type=\"text\" name=\"wpforms[hp]\" id=\"wpforms-22060-field-hp\" class=\"wpforms-field-medium\"><\/div><div class=\"wpforms-submit-container\" ><input type=\"hidden\" name=\"wpforms[id]\" value=\"22060\"><input type=\"hidden\" name=\"page_title\" value=\"\"><input type=\"hidden\" name=\"page_url\" value=\"https:\/\/kartysportowca.pl\/en\/wp-json\/wp\/v2\/pages\/12\"><input type=\"hidden\" name=\"url_referer\" value=\"\"><button type=\"submit\" name=\"wpforms[submit]\" id=\"wpforms-submit-22060\" class=\"wpforms-submit\" data-alt-text=\"wysy\u0142a...\" data-submit-text=\"Wy\u015blij \" aria-live=\"assertive\" value=\"wpforms-submit\">Wy\u015blij <\/button><\/div><\/form><\/div>  <!-- .wpforms-container --><\/div>\n\t\t\t\t\t\t<\/div>\n\t\t\t\t<\/div>\n\t\t\t\t\t<\/div>\n\t\t<\/div>\n\t\t\t\t\t<\/div>\n\t\t<\/section>\n\t\t\t\t<\/div>\n\t\t","protected":false},"excerpt":{"rendered":"<p>Kariera Jeste\u015b psychologiem sportu i chcesz nawi\u0105za\u0107 z nami wsp\u00f3\u0142prac\u0119? Praktyki Jeste\u015b studentem psychologii i szukasz miejsca, w kt\u00f3rym mo\u017cesz odby\u0107 praktyki? Edukacja Chcesz zorganizowa\u0107 szkolenie lub warsztaty treningu mentalnego w swoim klubie sportowym? Wsparcie Poszukujesz psychologa sportu do konsultacji indywidualnych, warsztat\u00f3w grupowych, wyjazdu na ob\u00f3z sportowy? Skontaktuj si\u0119 z Nami!<\/p>","protected":false},"author":4,"featured_media":0,"parent":0,"menu_order":0,"comment_status":"closed","ping_status":"closed","template":"","meta":{"site-sidebar-layout":"no-sidebar","site-content-layout":"page-builder","ast-site-content-layout":"full-width-container","site-content-style":"unboxed","site-sidebar-style":"unboxed","ast-global-header-display":"","ast-banner-title-visibility":"","ast-main-header-display":"","ast-hfb-above-header-display":"","ast-hfb-below-header-display":"","ast-hfb-mobile-header-display":"","site-post-title":"disabled","ast-breadcrumbs-content":"","ast-featured-img":"disabled","footer-sml-layout":"","ast-disable-related-posts":"","theme-transparent-header-meta":"enabled","adv-header-id-meta":"","stick-header-meta":"","header-above-stick-meta":"","header-main-stick-meta":"","header-below-stick-meta":"","astra-migrate-meta-layouts":"set","ast-page-background-enabled":"default","ast-page-background-meta":{"desktop":{"background-color":"","background-image":"","background-repeat":"repeat","background-position":"center center","background-size":"auto","background-attachment":"scroll","background-type":"","background-media":"","overlay-type":"","overlay-color":"","overlay-opacity":"","overlay-gradient":""},"tablet":{"background-color":"","background-image":"","background-repeat":"repeat","background-position":"center center","background-size":"auto","background-attachment":"scroll","background-type":"","background-media":"","overlay-type":"","overlay-color":"","overlay-opacity":"","overlay-gradient":""},"mobile":{"background-color":"","background-image":"","background-repeat":"repeat","background-position":"center center","background-size":"auto","background-attachment":"scroll","background-type":"","background-media":"","overlay-type":"","overlay-color":"","overlay-opacity":"","overlay-gradient":""}},"ast-content-background-meta":{"desktop":{"background-color":"var(--ast-global-color-5)","background-image":"","background-repeat":"repeat","background-position":"center center","background-size":"auto","background-attachment":"scroll","background-type":"","background-media":"","overlay-type":"","overlay-color":"","overlay-opacity":"","overlay-gradient":""},"tablet":{"background-color":"var(--ast-global-color-5)","background-image":"","background-repeat":"repeat","background-position":"center center","background-size":"auto","background-attachment":"scroll","background-type":"","background-media":"","overlay-type":"","overlay-color":"","overlay-opacity":"","overlay-gradient":""},"mobile":{"background-color":"var(--ast-global-color-5)","background-image":"","background-repeat":"repeat","background-position":"center center","background-size":"auto","background-attachment":"scroll","background-type":"","background-media":"","overlay-type":"","overlay-color":"","overlay-opacity":"","overlay-gradient":""}},"footnotes":""},"class_list":["post-12","page","type-page","status-publish","hentry"],"yoast_head":"<!-- This site is optimized with the Yoast SEO plugin v27.4 - https:\/\/yoast.com\/product\/yoast-seo-wordpress\/ -->\n<title>Kontakt -<\/title>\n<meta name=\"description\" content=\"Psychologia sportu, trening mentalny oraz produkty i narz\u0119dzia do pracy nad sfer\u0105 mentaln\u0105 dla Zawodnik\u00f3w, Trener\u00f3w, Rodzic\u00f3w, Psycholog\u00f3w.\" \/>\n<meta name=\"robots\" content=\"index, follow, max-snippet:-1, max-image-preview:large, max-video-preview:-1\" \/>\n<link rel=\"canonical\" href=\"https:\/\/kartysportowca.pl\/en\/kontakt\/\" \/>\n<meta property=\"og:locale\" content=\"en_US\" \/>\n<meta property=\"og:type\" content=\"article\" \/>\n<meta property=\"og:title\" content=\"Kontakt -\" \/>\n<meta property=\"og:description\" content=\"Psychologia sportu, trening mentalny oraz produkty i narz\u0119dzia do pracy nad sfer\u0105 mentaln\u0105 dla Zawodnik\u00f3w, Trener\u00f3w, Rodzic\u00f3w, Psycholog\u00f3w.\" \/>\n<meta property=\"og:url\" content=\"https:\/\/kartysportowca.pl\/en\/kontakt\/\" \/>\n<meta property=\"article:publisher\" content=\"https:\/\/www.facebook.com\/kartysportowca\" \/>\n<meta property=\"article:modified_time\" content=\"2023-08-20T16:46:51+00:00\" \/>\n<meta name=\"twitter:card\" content=\"summary_large_image\" \/>\n<meta name=\"twitter:label1\" content=\"Est. reading time\" \/>\n\t<meta name=\"twitter:data1\" content=\"1 minute\" \/>\n<script type=\"application\/ld+json\" class=\"yoast-schema-graph\">{\"@context\":\"https:\\\/\\\/schema.org\",\"@graph\":[{\"@type\":\"WebPage\",\"@id\":\"https:\\\/\\\/kartysportowca.pl\\\/kontakt\\\/\",\"url\":\"https:\\\/\\\/kartysportowca.pl\\\/kontakt\\\/\",\"name\":\"Kontakt -\",\"isPartOf\":{\"@id\":\"https:\\\/\\\/kartysportowca.pl\\\/#website\"},\"datePublished\":\"2019-01-23T06:32:08+00:00\",\"dateModified\":\"2023-08-20T16:46:51+00:00\",\"description\":\"Psychologia sportu, trening mentalny oraz produkty i narz\u0119dzia do pracy nad sfer\u0105 mentaln\u0105 dla Zawodnik\u00f3w, Trener\u00f3w, Rodzic\u00f3w, Psycholog\u00f3w.\",\"breadcrumb\":{\"@id\":\"https:\\\/\\\/kartysportowca.pl\\\/kontakt\\\/#breadcrumb\"},\"inLanguage\":\"en-US\",\"potentialAction\":[{\"@type\":\"ReadAction\",\"target\":[\"https:\\\/\\\/kartysportowca.pl\\\/kontakt\\\/\"]}]},{\"@type\":\"BreadcrumbList\",\"@id\":\"https:\\\/\\\/kartysportowca.pl\\\/kontakt\\\/#breadcrumb\",\"itemListElement\":[{\"@type\":\"ListItem\",\"position\":1,\"name\":\"Strona g\u0142\u00f3wna\",\"item\":\"https:\\\/\\\/kartysportowca.pl\\\/\"},{\"@type\":\"ListItem\",\"position\":2,\"name\":\"Kontakt\"}]},{\"@type\":\"WebSite\",\"@id\":\"https:\\\/\\\/kartysportowca.pl\\\/#website\",\"url\":\"https:\\\/\\\/kartysportowca.pl\\\/\",\"name\":\"Karty Sportowca\",\"description\":\"\",\"publisher\":{\"@id\":\"https:\\\/\\\/kartysportowca.pl\\\/#organization\"},\"potentialAction\":[{\"@type\":\"SearchAction\",\"target\":{\"@type\":\"EntryPoint\",\"urlTemplate\":\"https:\\\/\\\/kartysportowca.pl\\\/?s={search_term_string}\"},\"query-input\":{\"@type\":\"PropertyValueSpecification\",\"valueRequired\":true,\"valueName\":\"search_term_string\"}}],\"inLanguage\":\"en-US\"},{\"@type\":\"Organization\",\"@id\":\"https:\\\/\\\/kartysportowca.pl\\\/#organization\",\"name\":\"Karty Sportowca\",\"url\":\"https:\\\/\\\/kartysportowca.pl\\\/\",\"logo\":{\"@type\":\"ImageObject\",\"inLanguage\":\"en-US\",\"@id\":\"https:\\\/\\\/kartysportowca.pl\\\/#\\\/schema\\\/logo\\\/image\\\/\",\"url\":\"https:\\\/\\\/kartysportowca.pl\\\/wp-content\\\/uploads\\\/2021\\\/03\\\/logo_karty_sportowca.png\",\"contentUrl\":\"https:\\\/\\\/kartysportowca.pl\\\/wp-content\\\/uploads\\\/2021\\\/03\\\/logo_karty_sportowca.png\",\"width\":800,\"height\":274,\"caption\":\"Karty Sportowca\"},\"image\":{\"@id\":\"https:\\\/\\\/kartysportowca.pl\\\/#\\\/schema\\\/logo\\\/image\\\/\"},\"sameAs\":[\"https:\\\/\\\/www.facebook.com\\\/kartysportowca\",\"https:\\\/\\\/www.instagram.com\\\/kartysportowca\\\/\",\"https:\\\/\\\/pl.linkedin.com\\\/company\\\/karty-sportowca\"]}]}<\/script>\n<!-- \/ Yoast SEO plugin. -->","yoast_head_json":{"title":"Kontakt -","description":"Psychologia sportu, trening mentalny oraz produkty i narz\u0119dzia do pracy nad sfer\u0105 mentaln\u0105 dla Zawodnik\u00f3w, Trener\u00f3w, Rodzic\u00f3w, Psycholog\u00f3w.","robots":{"index":"index","follow":"follow","max-snippet":"max-snippet:-1","max-image-preview":"max-image-preview:large","max-video-preview":"max-video-preview:-1"},"canonical":"https:\/\/kartysportowca.pl\/en\/kontakt\/","og_locale":"en_US","og_type":"article","og_title":"Kontakt -","og_description":"Psychologia sportu, trening mentalny oraz produkty i narz\u0119dzia do pracy nad sfer\u0105 mentaln\u0105 dla Zawodnik\u00f3w, Trener\u00f3w, Rodzic\u00f3w, Psycholog\u00f3w.","og_url":"https:\/\/kartysportowca.pl\/en\/kontakt\/","article_publisher":"https:\/\/www.facebook.com\/kartysportowca","article_modified_time":"2023-08-20T16:46:51+00:00","twitter_card":"summary_large_image","twitter_misc":{"Est. reading time":"1 minute"},"schema":{"@context":"https:\/\/schema.org","@graph":[{"@type":"WebPage","@id":"https:\/\/kartysportowca.pl\/kontakt\/","url":"https:\/\/kartysportowca.pl\/kontakt\/","name":"Kontakt -","isPartOf":{"@id":"https:\/\/kartysportowca.pl\/#website"},"datePublished":"2019-01-23T06:32:08+00:00","dateModified":"2023-08-20T16:46:51+00:00","description":"Psychologia sportu, trening mentalny oraz produkty i narz\u0119dzia do pracy nad sfer\u0105 mentaln\u0105 dla Zawodnik\u00f3w, Trener\u00f3w, Rodzic\u00f3w, Psycholog\u00f3w.","breadcrumb":{"@id":"https:\/\/kartysportowca.pl\/kontakt\/#breadcrumb"},"inLanguage":"en-US","potentialAction":[{"@type":"ReadAction","target":["https:\/\/kartysportowca.pl\/kontakt\/"]}]},{"@type":"BreadcrumbList","@id":"https:\/\/kartysportowca.pl\/kontakt\/#breadcrumb","itemListElement":[{"@type":"ListItem","position":1,"name":"Strona g\u0142\u00f3wna","item":"https:\/\/kartysportowca.pl\/"},{"@type":"ListItem","position":2,"name":"Kontakt"}]},{"@type":"WebSite","@id":"https:\/\/kartysportowca.pl\/#website","url":"https:\/\/kartysportowca.pl\/","name":"Karty Sportowca","description":"","publisher":{"@id":"https:\/\/kartysportowca.pl\/#organization"},"potentialAction":[{"@type":"SearchAction","target":{"@type":"EntryPoint","urlTemplate":"https:\/\/kartysportowca.pl\/?s={search_term_string}"},"query-input":{"@type":"PropertyValueSpecification","valueRequired":true,"valueName":"search_term_string"}}],"inLanguage":"en-US"},{"@type":"Organization","@id":"https:\/\/kartysportowca.pl\/#organization","name":"Karty Sportowca","url":"https:\/\/kartysportowca.pl\/","logo":{"@type":"ImageObject","inLanguage":"en-US","@id":"https:\/\/kartysportowca.pl\/#\/schema\/logo\/image\/","url":"https:\/\/kartysportowca.pl\/wp-content\/uploads\/2021\/03\/logo_karty_sportowca.png","contentUrl":"https:\/\/kartysportowca.pl\/wp-content\/uploads\/2021\/03\/logo_karty_sportowca.png","width":800,"height":274,"caption":"Karty Sportowca"},"image":{"@id":"https:\/\/kartysportowca.pl\/#\/schema\/logo\/image\/"},"sameAs":["https:\/\/www.facebook.com\/kartysportowca","https:\/\/www.instagram.com\/kartysportowca\/","https:\/\/pl.linkedin.com\/company\/karty-sportowca"]}]}},"_links":{"self":[{"href":"https:\/\/kartysportowca.pl\/en\/wp-json\/wp\/v2\/pages\/12","targetHints":{"allow":["GET"]}}],"collection":[{"href":"https:\/\/kartysportowca.pl\/en\/wp-json\/wp\/v2\/pages"}],"about":[{"href":"https:\/\/kartysportowca.pl\/en\/wp-json\/wp\/v2\/types\/page"}],"author":[{"embeddable":true,"href":"https:\/\/kartysportowca.pl\/en\/wp-json\/wp\/v2\/users\/4"}],"replies":[{"embeddable":true,"href":"https:\/\/kartysportowca.pl\/en\/wp-json\/wp\/v2\/comments?post=12"}],"version-history":[{"count":5,"href":"https:\/\/kartysportowca.pl\/en\/wp-json\/wp\/v2\/pages\/12\/revisions"}],"predecessor-version":[{"id":22343,"href":"https:\/\/kartysportowca.pl\/en\/wp-json\/wp\/v2\/pages\/12\/revisions\/22343"}],"wp:attachment":[{"href":"https:\/\/kartysportowca.pl\/en\/wp-json\/wp\/v2\/media?parent=12"}],"curies":[{"name":"wp","href":"https:\/\/api.w.org\/{rel}","templated":true}]}}