{"id":20501,"date":"2021-12-30T22:37:47","date_gmt":"2021-12-30T21:37:47","guid":{"rendered":"https:\/\/nowa.kartysportowca.pl\/rodo\/"},"modified":"2024-08-16T21:22:45","modified_gmt":"2024-08-16T19:22:45","slug":"rodo-2","status":"publish","type":"page","link":"https:\/\/kartysportowca.pl\/en\/rodo-2\/","title":{"rendered":"RODO"},"content":{"rendered":"<div data-elementor-type=\"wp-page\" data-elementor-id=\"20501\" class=\"elementor elementor-20501\">\n\t\t\t\t\t\t<section class=\"elementor-section elementor-top-section elementor-element elementor-element-1334fd37 elementor-section-boxed elementor-section-height-default elementor-section-height-default\" data-id=\"1334fd37\" data-element_type=\"section\" data-e-type=\"section\">\n\t\t\t\t\t\t<div class=\"elementor-container elementor-column-gap-default\">\n\t\t\t\t\t<div class=\"elementor-column elementor-col-100 elementor-top-column elementor-element elementor-element-5486871c\" data-id=\"5486871c\" data-element_type=\"column\" data-e-type=\"column\">\n\t\t\t<div class=\"elementor-widget-wrap elementor-element-populated\">\n\t\t\t\t\t\t<div class=\"elementor-element elementor-element-308aeb4c elementor-widget elementor-widget-text-editor\" data-id=\"308aeb4c\" data-element_type=\"widget\" data-e-type=\"widget\" data-widget_type=\"text-editor.default\">\n\t\t\t\t\t\t<div class=\"elementor-widget-container\">\n\t\t\t\t\t\t\t\t\t<p><b>Drogi U\u017cytkowniku<\/b>, w zwi\u0105zku z Rozporz\u0105dzeniem Parlamentu Europejskiego i Rady (UE) 2016\/679 z dnia 27 kwietnia 2016r. w sprawie ochrony os\u00f3b fizycznych w zwi\u0105zku z przetwarzaniem danych osobowych i w sprawie swobodnego przep\u0142ywu takich danych oraz uchylenia dyrektywy 95\/46\/WE\u00a0<b>(RODO)<\/b>, informujemy:<\/p><ol><li aria-level=\"\\&quot;1\\&quot;\"><b>Administratorem\u00a0<\/b>Twoich danych jest firma<br \/><b>Psychologia i trening mentalny dr Zuzanna Gazdowska<\/b> z siedzib\u0105 w Bielawie (05-520), ul. Stanis\u0142awa Lema 6\/1. Mo\u017cesz skontaktowa\u0107 si\u0119 z nami wysy\u0142aj\u0105c maila na adres: kontakt@kartysportowca.pl .<\/li><li aria-level=\"\\&quot;1\\&quot;\">Je\u017celi chcesz otrzymywa\u0107 od nas\u00a0<b>Newsletter\u00a0<\/b>b\u0119dziemy przetwarzali Tw\u00f3j adres e-mail. Celem przetwarzania jest prezentacja materia\u0142\u00f3w reklamowych naszej firmy. Podstaw\u0105 prawn\u0105 tego przetwarzania jest dobrowolna zgoda wyra\u017cona dzia\u0142aniem potwierdzaj\u0105cym (zaznaczenie odpowiedniego checkboxa). Dane b\u0119d\u0105 przetwarzane do czasu wycofania tej zgody.<\/li><li aria-level=\"\\&quot;1\\&quot;\">Je\u017celi sk\u0142adasz u nas\u00a0<b>Zam\u00f3wienie\u00a0<\/b>b\u0119dziemy przetwarzali Twoje dane do wysy\u0142ki (adres korespondencyjny: imi\u0119 i nazwisko, ulica, numer domu\/lokalu, kod pocztowy, miejscowo\u015b\u0107, pa\u0144stwo; ewentualnie dane do faktury: nazwa firmy, adres siedziby, NIP; numer telefonu i adres mailowy \u2013 aby usprawni\u0107 dostaw\u0119 paczki i poinformowa\u0107 Ci\u0119 o post\u0119pach realizacji zam\u00f3wienia). Celem przetwarzania jest realizacja umowy sprzeda\u017cy. Podstaw\u0105 prawn\u0105 tego przetwarzania jest jego niezb\u0119dno\u015b\u0107 do realizacji umowy sprzeda\u017cy. Dane b\u0119d\u0105 przetwarzane do czasu wywi\u0105zania si\u0119 z umowy, tj. dostarczenia przesy\u0142ki do Klienta, a p\u00f3\u017aniej do czasu wyga\u015bni\u0119cia roszcze\u0144 wynikaj\u0105cych z tej umowy.<\/li><li aria-level=\"\\&quot;1\\&quot;\">Je\u017celi zak\u0142adasz u nas\u00a0<b>Konto Klienta\u00a0<\/b>b\u0119dziemy przetwarzali Twoje dane do wysy\u0142ki (jak w punkcie 3) oraz histori\u0119 zam\u00f3wie\u0144. Celem przetwarzania jest prowadzenie konta w naszym serwisie. Podstaw\u0105 prawn\u0105 tego przetwarzania jest dobrowolna zgoda wyra\u017cona dzia\u0142aniem potwierdzaj\u0105cym (za\u0142o\u017cenie konta). Dane b\u0119d\u0105 przetwarzane do czasu posiadania konta.<\/li><li aria-level=\"\\&quot;1\\&quot;\">W przypadku sk\u0142adania\u00a0<b>Zam\u00f3wienia:<\/b><\/li><\/ol><ol><li aria-level=\"\\&quot;1\\&quot;\">W celu dokonania p\u0142atno\u015bci niezb\u0119dne dane zostan\u0105 przekazane wybranemu<br \/>agentowi rozliczeniowemu:<\/li><\/ol><ul><li aria-level=\"\\&quot;3\\&quot;\">P\u0142atno\u015bci elektroniczne PayU obs\u0142ugiwane s\u0105 przez nast\u0119puj\u0105cego operatora p\u0142atno\u015bci: PayU S.A. z siedzib\u0105 w Poznaniu, 60-166 Pozna\u0144, ul. Grunwaldzka 186, wpisan\u0105 do rejestru przedsi\u0119biorc\u00f3w prowadzonego przez S\u0105d Rejonowy Nowe Miasto i Wilda w Poznaniu VIII Wydzia\u0142 Gospodarczy Krajowego Rejestru S\u0105dowego pod numerem KRS 0000274399, kapita\u0142 zak\u0142adowy 4.944.000 z\u0142 (op\u0142acony w ca\u0142o\u015bci), NIP: 7792308495.<\/li><\/ul><ol><li aria-level=\"\\&quot;1\\&quot;\">W celu wysy\u0142ki towaru niezb\u0119dne dane zostan\u0105 przekazane wybranemu przewo\u017anikowi:<\/li><\/ol><ul><li aria-level=\"\\&quot;3\\&quot;\"><b>DPD Polska Sp. z o. o. (Dynamic Parcel Distribution) (DPD)<\/b>\u00a0z siedzib\u0105 w Warszawie 02-274, ul. Mineralna 15, Sp\u00f3\u0142ka wpisana do rejestru przedsi\u0119biorc\u00f3w w S\u0105dzie Rejonowym dla m.st. Warszawy, XIII Wydzia\u0142 Gospodarczy Krajowego Rejestru S\u0105dowego, KRS nr 0000028368, NIP: 526-020-41-10, Regon 012026421, realizuj\u0105ca us\u0142ug\u0119 kuriersk\u0105.<\/li><li aria-level=\"\\&quot;3\\&quot;\"><b>DHL Parcel Polska Sp. z o.o. (DHL)<\/b>\u00a0z siedzib\u0105 w Warszawie, wpisana do rejestru przedsi\u0119biorc\u00f3w Krajowego Rejestru S\u0105dowego prowadzonego przez S\u0105d Rejonowy dla m.st. Warszawy XIII Wydzia\u0142 Gospodarczy Krajowego Rejestru S\u0105dowego pod numerem KRS nr 631916, NIP 9512417713.<\/li><\/ul><ol><li aria-level=\"\\&quot;1\\&quot;\">Administrator dokonuje monitorowania informacji o U\u017cytkownikach korzystaj\u0105c z narz\u0119dzia Google Analitics. Administrator umo\u017cliwia logowanie si\u0119 do Sklepu z wykorzystaniem kont w innych serwisach (Facebook, Google). Administrator wsp\u00f3\u0142pracuje z serwisami Opineo i Ceneo. Administrator posiada stosowne umowy powierzania z SalesManago. Administrator informuje r\u00f3wnie\u017c o zautomatyzowanym podejmowaniu decyzji, w tym profilowaniu, w celu dopasowywania prezentowanych tre\u015bci do preferencji U\u017cytkownika oraz w celu ulepszania funkcjonowania naszego Sklepu.<\/li><li aria-level=\"\\&quot;1\\&quot;\">Zawsze\u00a0<b>przys\u0142uguje Ci prawo\u00a0<\/b>dost\u0119pu do danych, prawo do sprostowania i usuni\u0119cia danych, prawo do ograniczenia przetwarzania, prawo do przenoszenia danych. Masz prawo do z\u0142o\u017cenia sprzeciwu na przetwarzanie danych, w tym profilowanie i cofni\u0119cia wyra\u017conej zgody. W celu realizacji wymienionych uprawnie\u0144 nale\u017cy przes\u0142a\u0107 stosown\u0105 wiadomo\u015b\u0107 na adres: kontakt@kartysportowca.pl lub skorzysta\u0107 z opcji Konta Klienta (je\u017celi takie posiadasz). Masz r\u00f3wnie\u017c prawo do wniesienia skargi do organu nadzorczego.<\/li><li aria-level=\"\\&quot;1\\&quot;\">Wi\u0119cej szczeg\u00f3\u0142\u00f3w odnajdziesz w Polityce Prywatno\u015bci i Regulaminie sklepu.<\/li><\/ol>\t\t\t\t\t\t\t\t<\/div>\n\t\t\t\t<\/div>\n\t\t\t\t\t<\/div>\n\t\t<\/div>\n\t\t\t\t\t<\/div>\n\t\t<\/section>\n\t\t\t\t<\/div>","protected":false},"excerpt":{"rendered":"<p>Drogi U\u017cytkowniku, w zwi\u0105zku z Rozporz\u0105dzeniem Parlamentu Europejskiego i Rady (UE) 2016\/679 z dnia 27 kwietnia 2016r. w sprawie ochrony os\u00f3b fizycznych w zwi\u0105zku z przetwarzaniem danych osobowych i w sprawie swobodnego przep\u0142ywu takich danych oraz uchylenia dyrektywy 95\/46\/WE\u00a0(RODO), informujemy: Administratorem\u00a0Twoich danych jest firmaPsychologia i trening mentalny dr Zuzanna Gazdowska z siedzib\u0105 w Bielawie (05-520), [&hellip;]<\/p>\n","protected":false},"author":4,"featured_media":0,"parent":0,"menu_order":0,"comment_status":"closed","ping_status":"closed","template":"","meta":{"site-sidebar-layout":"default","site-content-layout":"","ast-site-content-layout":"default","site-content-style":"default","site-sidebar-style":"default","ast-global-header-display":"","ast-banner-title-visibility":"","ast-main-header-display":"","ast-hfb-above-header-display":"","ast-hfb-below-header-display":"","ast-hfb-mobile-header-display":"","site-post-title":"","ast-breadcrumbs-content":"","ast-featured-img":"","footer-sml-layout":"","ast-disable-related-posts":"","theme-transparent-header-meta":"","adv-header-id-meta":"","stick-header-meta":"","header-above-stick-meta":"","header-main-stick-meta":"","header-below-stick-meta":"","astra-migrate-meta-layouts":"default","ast-page-background-enabled":"default","ast-page-background-meta":{"desktop":{"background-color":"","background-image":"","background-repeat":"repeat","background-position":"center center","background-size":"auto","background-attachment":"scroll","background-type":"","background-media":"","overlay-type":"","overlay-color":"","overlay-opacity":"","overlay-gradient":""},"tablet":{"background-color":"","background-image":"","background-repeat":"repeat","background-position":"center center","background-size":"auto","background-attachment":"scroll","background-type":"","background-media":"","overlay-type":"","overlay-color":"","overlay-opacity":"","overlay-gradient":""},"mobile":{"background-color":"","background-image":"","background-repeat":"repeat","background-position":"center center","background-size":"auto","background-attachment":"scroll","background-type":"","background-media":"","overlay-type":"","overlay-color":"","overlay-opacity":"","overlay-gradient":""}},"ast-content-background-meta":{"desktop":{"background-color":"var(--ast-global-color-5)","background-image":"","background-repeat":"repeat","background-position":"center center","background-size":"auto","background-attachment":"scroll","background-type":"","background-media":"","overlay-type":"","overlay-color":"","overlay-opacity":"","overlay-gradient":""},"tablet":{"background-color":"var(--ast-global-color-5)","background-image":"","background-repeat":"repeat","background-position":"center center","background-size":"auto","background-attachment":"scroll","background-type":"","background-media":"","overlay-type":"","overlay-color":"","overlay-opacity":"","overlay-gradient":""},"mobile":{"background-color":"var(--ast-global-color-5)","background-image":"","background-repeat":"repeat","background-position":"center center","background-size":"auto","background-attachment":"scroll","background-type":"","background-media":"","overlay-type":"","overlay-color":"","overlay-opacity":"","overlay-gradient":""}},"footnotes":""},"class_list":["post-20501","page","type-page","status-publish","hentry"],"yoast_head":"<!-- This site is optimized with the Yoast SEO plugin v27.4 - https:\/\/yoast.com\/product\/yoast-seo-wordpress\/ -->\n<title>RODO -<\/title>\n<meta name=\"description\" content=\"Psychologia sportu, trening mentalny oraz produkty i narz\u0119dzia do pracy nad sfer\u0105 mentaln\u0105 dla Zawodnik\u00f3w, Trener\u00f3w, Rodzic\u00f3w, Psycholog\u00f3w.\" \/>\n<meta name=\"robots\" content=\"index, follow, max-snippet:-1, max-image-preview:large, max-video-preview:-1\" \/>\n<link rel=\"canonical\" href=\"https:\/\/kartysportowca.pl\/en\/rodo-2\/\" \/>\n<meta property=\"og:locale\" content=\"en_US\" \/>\n<meta property=\"og:type\" content=\"article\" \/>\n<meta property=\"og:title\" content=\"RODO -\" \/>\n<meta property=\"og:description\" content=\"Psychologia sportu, trening mentalny oraz produkty i narz\u0119dzia do pracy nad sfer\u0105 mentaln\u0105 dla Zawodnik\u00f3w, Trener\u00f3w, Rodzic\u00f3w, Psycholog\u00f3w.\" \/>\n<meta property=\"og:url\" content=\"https:\/\/kartysportowca.pl\/en\/rodo-2\/\" \/>\n<meta property=\"article:publisher\" content=\"https:\/\/www.facebook.com\/kartysportowca\" \/>\n<meta property=\"article:modified_time\" content=\"2024-08-16T19:22:45+00:00\" \/>\n<meta name=\"twitter:card\" content=\"summary_large_image\" \/>\n<meta name=\"twitter:label1\" content=\"Est. reading time\" \/>\n\t<meta name=\"twitter:data1\" content=\"4 minutes\" \/>\n<script type=\"application\/ld+json\" class=\"yoast-schema-graph\">{\"@context\":\"https:\\\/\\\/schema.org\",\"@graph\":[{\"@type\":\"WebPage\",\"@id\":\"https:\\\/\\\/kartysportowca.pl\\\/rodo-2\\\/\",\"url\":\"https:\\\/\\\/kartysportowca.pl\\\/rodo-2\\\/\",\"name\":\"RODO -\",\"isPartOf\":{\"@id\":\"https:\\\/\\\/kartysportowca.pl\\\/#website\"},\"datePublished\":\"2021-12-30T21:37:47+00:00\",\"dateModified\":\"2024-08-16T19:22:45+00:00\",\"description\":\"Psychologia sportu, trening mentalny oraz produkty i narz\u0119dzia do pracy nad sfer\u0105 mentaln\u0105 dla Zawodnik\u00f3w, Trener\u00f3w, Rodzic\u00f3w, Psycholog\u00f3w.\",\"breadcrumb\":{\"@id\":\"https:\\\/\\\/kartysportowca.pl\\\/rodo-2\\\/#breadcrumb\"},\"inLanguage\":\"en-US\",\"potentialAction\":[{\"@type\":\"ReadAction\",\"target\":[\"https:\\\/\\\/kartysportowca.pl\\\/rodo-2\\\/\"]}]},{\"@type\":\"BreadcrumbList\",\"@id\":\"https:\\\/\\\/kartysportowca.pl\\\/rodo-2\\\/#breadcrumb\",\"itemListElement\":[{\"@type\":\"ListItem\",\"position\":1,\"name\":\"Strona g\u0142\u00f3wna\",\"item\":\"https:\\\/\\\/kartysportowca.pl\\\/\"},{\"@type\":\"ListItem\",\"position\":2,\"name\":\"RODO\"}]},{\"@type\":\"WebSite\",\"@id\":\"https:\\\/\\\/kartysportowca.pl\\\/#website\",\"url\":\"https:\\\/\\\/kartysportowca.pl\\\/\",\"name\":\"Karty Sportowca\",\"description\":\"\",\"publisher\":{\"@id\":\"https:\\\/\\\/kartysportowca.pl\\\/#organization\"},\"potentialAction\":[{\"@type\":\"SearchAction\",\"target\":{\"@type\":\"EntryPoint\",\"urlTemplate\":\"https:\\\/\\\/kartysportowca.pl\\\/?s={search_term_string}\"},\"query-input\":{\"@type\":\"PropertyValueSpecification\",\"valueRequired\":true,\"valueName\":\"search_term_string\"}}],\"inLanguage\":\"en-US\"},{\"@type\":\"Organization\",\"@id\":\"https:\\\/\\\/kartysportowca.pl\\\/#organization\",\"name\":\"Karty Sportowca\",\"url\":\"https:\\\/\\\/kartysportowca.pl\\\/\",\"logo\":{\"@type\":\"ImageObject\",\"inLanguage\":\"en-US\",\"@id\":\"https:\\\/\\\/kartysportowca.pl\\\/#\\\/schema\\\/logo\\\/image\\\/\",\"url\":\"https:\\\/\\\/kartysportowca.pl\\\/wp-content\\\/uploads\\\/2021\\\/03\\\/logo_karty_sportowca.png\",\"contentUrl\":\"https:\\\/\\\/kartysportowca.pl\\\/wp-content\\\/uploads\\\/2021\\\/03\\\/logo_karty_sportowca.png\",\"width\":800,\"height\":274,\"caption\":\"Karty Sportowca\"},\"image\":{\"@id\":\"https:\\\/\\\/kartysportowca.pl\\\/#\\\/schema\\\/logo\\\/image\\\/\"},\"sameAs\":[\"https:\\\/\\\/www.facebook.com\\\/kartysportowca\",\"https:\\\/\\\/www.instagram.com\\\/kartysportowca\\\/\",\"https:\\\/\\\/pl.linkedin.com\\\/company\\\/karty-sportowca\"]}]}<\/script>\n<!-- \/ Yoast SEO plugin. -->","yoast_head_json":{"title":"RODO -","description":"Psychologia sportu, trening mentalny oraz produkty i narz\u0119dzia do pracy nad sfer\u0105 mentaln\u0105 dla Zawodnik\u00f3w, Trener\u00f3w, Rodzic\u00f3w, Psycholog\u00f3w.","robots":{"index":"index","follow":"follow","max-snippet":"max-snippet:-1","max-image-preview":"max-image-preview:large","max-video-preview":"max-video-preview:-1"},"canonical":"https:\/\/kartysportowca.pl\/en\/rodo-2\/","og_locale":"en_US","og_type":"article","og_title":"RODO -","og_description":"Psychologia sportu, trening mentalny oraz produkty i narz\u0119dzia do pracy nad sfer\u0105 mentaln\u0105 dla Zawodnik\u00f3w, Trener\u00f3w, Rodzic\u00f3w, Psycholog\u00f3w.","og_url":"https:\/\/kartysportowca.pl\/en\/rodo-2\/","article_publisher":"https:\/\/www.facebook.com\/kartysportowca","article_modified_time":"2024-08-16T19:22:45+00:00","twitter_card":"summary_large_image","twitter_misc":{"Est. reading time":"4 minutes"},"schema":{"@context":"https:\/\/schema.org","@graph":[{"@type":"WebPage","@id":"https:\/\/kartysportowca.pl\/rodo-2\/","url":"https:\/\/kartysportowca.pl\/rodo-2\/","name":"RODO -","isPartOf":{"@id":"https:\/\/kartysportowca.pl\/#website"},"datePublished":"2021-12-30T21:37:47+00:00","dateModified":"2024-08-16T19:22:45+00:00","description":"Psychologia sportu, trening mentalny oraz produkty i narz\u0119dzia do pracy nad sfer\u0105 mentaln\u0105 dla Zawodnik\u00f3w, Trener\u00f3w, Rodzic\u00f3w, Psycholog\u00f3w.","breadcrumb":{"@id":"https:\/\/kartysportowca.pl\/rodo-2\/#breadcrumb"},"inLanguage":"en-US","potentialAction":[{"@type":"ReadAction","target":["https:\/\/kartysportowca.pl\/rodo-2\/"]}]},{"@type":"BreadcrumbList","@id":"https:\/\/kartysportowca.pl\/rodo-2\/#breadcrumb","itemListElement":[{"@type":"ListItem","position":1,"name":"Strona g\u0142\u00f3wna","item":"https:\/\/kartysportowca.pl\/"},{"@type":"ListItem","position":2,"name":"RODO"}]},{"@type":"WebSite","@id":"https:\/\/kartysportowca.pl\/#website","url":"https:\/\/kartysportowca.pl\/","name":"Karty Sportowca","description":"","publisher":{"@id":"https:\/\/kartysportowca.pl\/#organization"},"potentialAction":[{"@type":"SearchAction","target":{"@type":"EntryPoint","urlTemplate":"https:\/\/kartysportowca.pl\/?s={search_term_string}"},"query-input":{"@type":"PropertyValueSpecification","valueRequired":true,"valueName":"search_term_string"}}],"inLanguage":"en-US"},{"@type":"Organization","@id":"https:\/\/kartysportowca.pl\/#organization","name":"Karty Sportowca","url":"https:\/\/kartysportowca.pl\/","logo":{"@type":"ImageObject","inLanguage":"en-US","@id":"https:\/\/kartysportowca.pl\/#\/schema\/logo\/image\/","url":"https:\/\/kartysportowca.pl\/wp-content\/uploads\/2021\/03\/logo_karty_sportowca.png","contentUrl":"https:\/\/kartysportowca.pl\/wp-content\/uploads\/2021\/03\/logo_karty_sportowca.png","width":800,"height":274,"caption":"Karty Sportowca"},"image":{"@id":"https:\/\/kartysportowca.pl\/#\/schema\/logo\/image\/"},"sameAs":["https:\/\/www.facebook.com\/kartysportowca","https:\/\/www.instagram.com\/kartysportowca\/","https:\/\/pl.linkedin.com\/company\/karty-sportowca"]}]}},"_links":{"self":[{"href":"https:\/\/kartysportowca.pl\/en\/wp-json\/wp\/v2\/pages\/20501","targetHints":{"allow":["GET"]}}],"collection":[{"href":"https:\/\/kartysportowca.pl\/en\/wp-json\/wp\/v2\/pages"}],"about":[{"href":"https:\/\/kartysportowca.pl\/en\/wp-json\/wp\/v2\/types\/page"}],"author":[{"embeddable":true,"href":"https:\/\/kartysportowca.pl\/en\/wp-json\/wp\/v2\/users\/4"}],"replies":[{"embeddable":true,"href":"https:\/\/kartysportowca.pl\/en\/wp-json\/wp\/v2\/comments?post=20501"}],"version-history":[{"count":3,"href":"https:\/\/kartysportowca.pl\/en\/wp-json\/wp\/v2\/pages\/20501\/revisions"}],"predecessor-version":[{"id":23677,"href":"https:\/\/kartysportowca.pl\/en\/wp-json\/wp\/v2\/pages\/20501\/revisions\/23677"}],"wp:attachment":[{"href":"https:\/\/kartysportowca.pl\/en\/wp-json\/wp\/v2\/media?parent=20501"}],"curies":[{"name":"wp","href":"https:\/\/api.w.org\/{rel}","templated":true}]}}