{"id":11211,"date":"2022-09-22T18:20:03","date_gmt":"2022-09-22T16:20:03","guid":{"rendered":"https:\/\/kartysportowca.pl\/?post_type=product&#038;p=11211"},"modified":"2026-04-13T18:44:04","modified_gmt":"2026-04-13T16:44:04","slug":"sport-uczy-zycia","status":"publish","type":"product","link":"https:\/\/kartysportowca.pl\/en\/product\/sport-uczy-zycia\/","title":{"rendered":"Sport Uczy \u017bycia"},"content":{"rendered":"<div class=\"text-dlugi\">\n<p>Autorzy ksi\u0105\u017cki przygotowali dla Czytelnik\u00f3w swoist\u0105 map\u0119, kt\u00f3ra pozwoli zrozumie\u0107 istot\u0119 sportu dzieci, okre\u015bli\u0107 swoj\u0105 w\u0142asn\u0105 rol\u0119 i to, jak j\u0105 dobrze wype\u0142nia\u0107. Jak pisz\u0105 \u0141. Panfil i M. Olek-St\u0119pie\u0144, zapisanie dziecka na trening i prowadzenie zaj\u0119\u0107 w odpowiedni spos\u00f3b nie jest wystarczaj\u0105ce. Wa\u017cne jest wsparcie dzieci i m\u0142odzie\u017cy w procesie zdobywania umiej\u0119tno\u015bci sportowych, swoj\u0105 postaw\u0105 i zaanga\u017cowaniem.<\/p>\n<p>&nbsp;<\/p>\n<\/div>\n<p><strong>Spis tre\u015bci:<\/strong><\/p>\n<p>Wprowadzenie<\/p>\n<p>Dlaczego napisali\u015bmy t\u0119 ksi\u0105\u017ck\u0119?<br \/>\nDaj si\u0119 przekona\u0107<\/p>\n<p><strong>CZ\u0118\u015a\u0106 I. Zrozumie\u0107 Istot\u0119<\/strong><\/p>\n<p>Rozdzia\u0142 1 &#8211; Nie mo\u017cna nie nadawa\u0107 si\u0119 do sportu<\/p>\n<p>Rozdzia\u0142 2 &#8211; Niewidzialne dzieci<\/p>\n<p>Rozdzia\u0142 3 &#8211; Je\u015bli chcesz, \u017ceby Twoje dziecko by\u0142o lepszym pi\u0142karzem, nam\u00f3w je na p\u0142ywanie<\/p>\n<p><strong>CZ\u0118\u015a\u0106 II. Zrozumie\u0107 Rol\u0119<\/strong><\/p>\n<p>Rozdzia\u0142 4 &#8211; &#8222;Paj\u0105czkowy&#8221; paradygmat. Wszyscy potrzebujemy mapy<\/p>\n<p>Rozdzia\u0142 5 &#8211; \u017beby zmieni\u0107 innych, zacznij od siebie<\/p>\n<p>Rozdzia\u0142 6 &#8211; Pokochaj proces<\/p>\n<p>Rozdzia\u0142 7 &#8211; Sztuka kibicowania dziecku<\/p>\n<p>Rozdzia\u0142 8 &#8211; Opiekun spolegliwy &#8211; kim jest i jak mo\u017cesz nim zosta\u0107?<\/p>\n<p><strong>CZ\u0118\u015a\u0106 III. Zrozumie\u0107 Korzy\u015bci<\/strong><\/p>\n<p>Rozdzia\u0142 9 &#8211; Sport jako inwestycja w przysz\u0142o\u015b\u0107 dziecka<\/p>\n<p>Rozdzia\u0142 10 &#8211; Jak rozgrywa\u0107 &#8222;wewn\u0119trzn\u0105 gr\u0119&#8221;?<\/p>\n<p>Rozdzia\u0142 11 &#8211; Jak rozwija\u0107 zdolno\u015b\u0107 koncentracji?<\/p>\n<p>Rozdzia\u0142 12 &#8211; Jak rozwija\u0107 pewno\u015b\u0107 siebie?<\/p>\n<p>Rozdzia\u0142 13 &#8211; Jak radzi\u0107 sobie z pora\u017ckami?<\/p>\n<p>Rozdzia\u0142 14 &#8211; Jak aktywizowa\u0107 m\u0142odych ludzi?<\/p>\n<p>Rozdzia\u0142 15 &#8211; Jak rozwija\u0107 kompetencje spo\u0142eczne?<\/p>\n<p>Rozdzia\u0142 16 &#8211; Etos pracy &#8211; &#8222;stara\u0107 si\u0119 robi\u0107 rzeczy dobrze&#8221;<\/p>\n<p>Rozdzia\u0142 17 &#8211; Jak rozwija\u0107 samodzielno\u015b\u0107 i kreatywno\u015b\u0107?<\/p>\n<p>Rozdzia\u0142 18 &#8211; Jak rozwija\u0107 pokor\u0119 i wytrwa\u0142o\u015b\u0107?<\/p>\n<p>Rozdzia\u0142 19 &#8211; Talent i postawa zwyci\u0119zcy<\/p>\n<p>Rozdzia\u0142 20 &#8211; Co dalej?<\/p>\n<p>Rozdzia\u0142 21 &#8211; Etapy w \u017cyciu dziecka &#8211; perspektywa rozwojowa<\/p>\n<p>\u0179r\u00f3d\u0142a, z kt\u00f3rych korzystali\u015bmy<\/p>\n<p>O autorach<\/p>","protected":false},"excerpt":{"rendered":"<div><span lang=\"EN-US\">Z tej ksi\u0105\u017cki dowiesz si\u0119, jak rozwija\u0107 potencja\u0142 dziecka, kszta\u0142towa\u0107 jego postaw\u0119 i wzmacnia\u0107 po\u017c\u0105dane warto\u015bci, a tak\u017ce kompetencje \u017cyciowe! &#8222;Sport uczy \u017cycia&#8221; to pozycja dedykowana Rodzicom, Trenerom i Nauczycielom!<\/span><\/div>\n<div>G\u0142\u00f3wne motto ksi\u0105\u017cki to &#8222;<i>w sporcie dzieci przede wszystkim chodzi o to, \u017ceby kszta\u0142towa\u0107 lepszych ludzi, a dopiero w dalszej kolejno\u015bci sportowc<\/i><i><span lang=\"ES-TRAD\">\u00f3<\/span><\/i><i>w\u201d.<\/i><\/div>\n<p>Autorzy: dr \u0141ukasz Panfil, Matylda Olek-St\u0119pie\u0144<\/p>\n<p>Rok wydania: 2019<\/p>\n<p>Liczba stron: 340<\/p>\n<p>W \u015brodku: 21 rozdzia\u0142\u00f3w, dodatkowe grafiki obja\u015bniaj\u0105ce zagadnienia<\/p>\n<p>&nbsp;<\/p>\n<p>&nbsp;<\/p>\n<p>Z tej serii kupisz tak\u017ce: <a href=\"https:\/\/kartysportowca.pl\/en\/product\/dodatek-mentalny\/\">Dodatek Mentalny<\/a><\/p>","protected":false},"featured_media":26329,"template":"","meta":{"site-sidebar-layout":"default","site-content-layout":"","ast-site-content-layout":"default","site-content-style":"default","site-sidebar-style":"default","ast-global-header-display":"","ast-banner-title-visibility":"","ast-main-header-display":"","ast-hfb-above-header-display":"","ast-hfb-below-header-display":"","ast-hfb-mobile-header-display":"","site-post-title":"","ast-breadcrumbs-content":"","ast-featured-img":"","footer-sml-layout":"","ast-disable-related-posts":"","theme-transparent-header-meta":"default","adv-header-id-meta":"","stick-header-meta":"","header-above-stick-meta":"","header-main-stick-meta":"","header-below-stick-meta":"","astra-migrate-meta-layouts":"set","ast-page-background-enabled":"default","ast-page-background-meta":{"desktop":{"background-color":"","background-image":"","background-repeat":"repeat","background-position":"center center","background-size":"auto","background-attachment":"scroll","background-type":"","background-media":"","overlay-type":"","overlay-color":"","overlay-opacity":"","overlay-gradient":""},"tablet":{"background-color":"","background-image":"","background-repeat":"repeat","background-position":"center center","background-size":"auto","background-attachment":"scroll","background-type":"","background-media":"","overlay-type":"","overlay-color":"","overlay-opacity":"","overlay-gradient":""},"mobile":{"background-color":"","background-image":"","background-repeat":"repeat","background-position":"center center","background-size":"auto","background-attachment":"scroll","background-type":"","background-media":"","overlay-type":"","overlay-color":"","overlay-opacity":"","overlay-gradient":""}},"ast-content-background-meta":{"desktop":{"background-color":"var(--ast-global-color-5)","background-image":"","background-repeat":"repeat","background-position":"center center","background-size":"auto","background-attachment":"scroll","background-type":"","background-media":"","overlay-type":"","overlay-color":"","overlay-opacity":"","overlay-gradient":""},"tablet":{"background-color":"var(--ast-global-color-5)","background-image":"","background-repeat":"repeat","background-position":"center center","background-size":"auto","background-attachment":"scroll","background-type":"","background-media":"","overlay-type":"","overlay-color":"","overlay-opacity":"","overlay-gradient":""},"mobile":{"background-color":"var(--ast-global-color-5)","background-image":"","background-repeat":"repeat","background-position":"center center","background-size":"auto","background-attachment":"scroll","background-type":"","background-media":"","overlay-type":"","overlay-color":"","overlay-opacity":"","overlay-gradient":""}}},"product_brand":[],"product_cat":[37,34],"product_tag":[],"class_list":{"0":"post-11211","1":"product","2":"type-product","3":"status-publish","4":"has-post-thumbnail","6":"product_cat-ksiazka","7":"product_cat-produkty","8":"desktop-align-center","9":"tablet-align-left","10":"mobile-align-left","12":"first","13":"instock","14":"featured","15":"shipping-taxable","16":"purchasable","17":"product-type-simple"},"yoast_head":"<!-- This site is optimized with the Yoast SEO plugin v27.4 - https:\/\/yoast.com\/product\/yoast-seo-wordpress\/ -->\n<title>Sport Uczy \u017bycia - seria dla trener\u00f3w, rodzic\u00f3w i nauczycieli<\/title>\n<meta name=\"description\" content=\"Ksi\u0105\u017cka dla wszystkich trener\u00f3w, rodzic\u00f3w, nauczycieli, kt\u00f3rzy chc\u0105 wiedzie\u0107, jak m\u0105drze wspiera\u0107 m\u0142odych sportowc\u00f3w.\" \/>\n<meta name=\"robots\" content=\"index, follow, max-snippet:-1, max-image-preview:large, max-video-preview:-1\" \/>\n<link rel=\"canonical\" href=\"https:\/\/kartysportowca.pl\/en\/product\/sport-uczy-zycia\/\" \/>\n<meta property=\"og:locale\" content=\"en_US\" \/>\n<meta property=\"og:type\" content=\"article\" \/>\n<meta property=\"og:title\" content=\"Sport Uczy \u017bycia - seria dla trener\u00f3w, rodzic\u00f3w i nauczycieli\" \/>\n<meta property=\"og:description\" content=\"Ksi\u0105\u017cka dla wszystkich trener\u00f3w, rodzic\u00f3w, nauczycieli, kt\u00f3rzy chc\u0105 wiedzie\u0107, jak m\u0105drze wspiera\u0107 m\u0142odych sportowc\u00f3w.\" \/>\n<meta property=\"og:url\" content=\"https:\/\/kartysportowca.pl\/en\/product\/sport-uczy-zycia\/\" \/>\n<meta property=\"article:publisher\" content=\"https:\/\/www.facebook.com\/kartysportowca\" \/>\n<meta property=\"article:modified_time\" content=\"2026-04-13T16:44:04+00:00\" \/>\n<meta property=\"og:image\" content=\"https:\/\/kartysportowca.pl\/wp-content\/uploads\/2022\/09\/SUZ_N.png\" \/>\n\t<meta property=\"og:image:width\" content=\"940\" \/>\n\t<meta property=\"og:image:height\" content=\"788\" \/>\n\t<meta property=\"og:image:type\" content=\"image\/png\" \/>\n<meta name=\"twitter:card\" content=\"summary_large_image\" \/>\n<meta name=\"twitter:label1\" content=\"Est. reading time\" \/>\n\t<meta name=\"twitter:data1\" content=\"2 minutes\" \/>\n<script type=\"application\/ld+json\" class=\"yoast-schema-graph\">{\"@context\":\"https:\\\/\\\/schema.org\",\"@graph\":[{\"@type\":\"WebPage\",\"@id\":\"https:\\\/\\\/kartysportowca.pl\\\/produkt\\\/sport-uczy-zycia\\\/\",\"url\":\"https:\\\/\\\/kartysportowca.pl\\\/produkt\\\/sport-uczy-zycia\\\/\",\"name\":\"Sport Uczy \u017bycia - seria dla trener\u00f3w, rodzic\u00f3w i nauczycieli\",\"isPartOf\":{\"@id\":\"https:\\\/\\\/kartysportowca.pl\\\/#website\"},\"primaryImageOfPage\":{\"@id\":\"https:\\\/\\\/kartysportowca.pl\\\/produkt\\\/sport-uczy-zycia\\\/#primaryimage\"},\"image\":{\"@id\":\"https:\\\/\\\/kartysportowca.pl\\\/produkt\\\/sport-uczy-zycia\\\/#primaryimage\"},\"thumbnailUrl\":\"https:\\\/\\\/kartysportowca.pl\\\/wp-content\\\/uploads\\\/2022\\\/09\\\/SUZ_N.png\",\"datePublished\":\"2022-09-22T16:20:03+00:00\",\"dateModified\":\"2026-04-13T16:44:04+00:00\",\"description\":\"Ksi\u0105\u017cka dla wszystkich trener\u00f3w, rodzic\u00f3w, nauczycieli, kt\u00f3rzy chc\u0105 wiedzie\u0107, jak m\u0105drze wspiera\u0107 m\u0142odych sportowc\u00f3w.\",\"breadcrumb\":{\"@id\":\"https:\\\/\\\/kartysportowca.pl\\\/produkt\\\/sport-uczy-zycia\\\/#breadcrumb\"},\"inLanguage\":\"en-US\",\"potentialAction\":[{\"@type\":\"ReadAction\",\"target\":[\"https:\\\/\\\/kartysportowca.pl\\\/produkt\\\/sport-uczy-zycia\\\/\"]}]},{\"@type\":\"ImageObject\",\"inLanguage\":\"en-US\",\"@id\":\"https:\\\/\\\/kartysportowca.pl\\\/produkt\\\/sport-uczy-zycia\\\/#primaryimage\",\"url\":\"https:\\\/\\\/kartysportowca.pl\\\/wp-content\\\/uploads\\\/2022\\\/09\\\/SUZ_N.png\",\"contentUrl\":\"https:\\\/\\\/kartysportowca.pl\\\/wp-content\\\/uploads\\\/2022\\\/09\\\/SUZ_N.png\",\"width\":940,\"height\":788,\"caption\":\"sport uczy \u017cycia nowa ok\u0142adka\"},{\"@type\":\"BreadcrumbList\",\"@id\":\"https:\\\/\\\/kartysportowca.pl\\\/produkt\\\/sport-uczy-zycia\\\/#breadcrumb\",\"itemListElement\":[{\"@type\":\"ListItem\",\"position\":1,\"name\":\"Strona g\u0142\u00f3wna\",\"item\":\"https:\\\/\\\/kartysportowca.pl\\\/\"},{\"@type\":\"ListItem\",\"position\":2,\"name\":\"Sklep\",\"item\":\"https:\\\/\\\/kartysportowca.pl\\\/sklep\\\/\"},{\"@type\":\"ListItem\",\"position\":3,\"name\":\"Sport Uczy \u017bycia\"}]},{\"@type\":\"WebSite\",\"@id\":\"https:\\\/\\\/kartysportowca.pl\\\/#website\",\"url\":\"https:\\\/\\\/kartysportowca.pl\\\/\",\"name\":\"Karty Sportowca\",\"description\":\"\",\"publisher\":{\"@id\":\"https:\\\/\\\/kartysportowca.pl\\\/#organization\"},\"potentialAction\":[{\"@type\":\"SearchAction\",\"target\":{\"@type\":\"EntryPoint\",\"urlTemplate\":\"https:\\\/\\\/kartysportowca.pl\\\/?s={search_term_string}\"},\"query-input\":{\"@type\":\"PropertyValueSpecification\",\"valueRequired\":true,\"valueName\":\"search_term_string\"}}],\"inLanguage\":\"en-US\"},{\"@type\":\"Organization\",\"@id\":\"https:\\\/\\\/kartysportowca.pl\\\/#organization\",\"name\":\"Karty Sportowca\",\"url\":\"https:\\\/\\\/kartysportowca.pl\\\/\",\"logo\":{\"@type\":\"ImageObject\",\"inLanguage\":\"en-US\",\"@id\":\"https:\\\/\\\/kartysportowca.pl\\\/#\\\/schema\\\/logo\\\/image\\\/\",\"url\":\"https:\\\/\\\/kartysportowca.pl\\\/wp-content\\\/uploads\\\/2021\\\/03\\\/logo_karty_sportowca.png\",\"contentUrl\":\"https:\\\/\\\/kartysportowca.pl\\\/wp-content\\\/uploads\\\/2021\\\/03\\\/logo_karty_sportowca.png\",\"width\":800,\"height\":274,\"caption\":\"Karty Sportowca\"},\"image\":{\"@id\":\"https:\\\/\\\/kartysportowca.pl\\\/#\\\/schema\\\/logo\\\/image\\\/\"},\"sameAs\":[\"https:\\\/\\\/www.facebook.com\\\/kartysportowca\",\"https:\\\/\\\/www.instagram.com\\\/kartysportowca\\\/\",\"https:\\\/\\\/pl.linkedin.com\\\/company\\\/karty-sportowca\"]}]}<\/script>\n<!-- \/ Yoast SEO plugin. -->","yoast_head_json":{"title":"Sport Uczy \u017bycia - seria dla trener\u00f3w, rodzic\u00f3w i nauczycieli","description":"Ksi\u0105\u017cka dla wszystkich trener\u00f3w, rodzic\u00f3w, nauczycieli, kt\u00f3rzy chc\u0105 wiedzie\u0107, jak m\u0105drze wspiera\u0107 m\u0142odych sportowc\u00f3w.","robots":{"index":"index","follow":"follow","max-snippet":"max-snippet:-1","max-image-preview":"max-image-preview:large","max-video-preview":"max-video-preview:-1"},"canonical":"https:\/\/kartysportowca.pl\/en\/product\/sport-uczy-zycia\/","og_locale":"en_US","og_type":"article","og_title":"Sport Uczy \u017bycia - seria dla trener\u00f3w, rodzic\u00f3w i nauczycieli","og_description":"Ksi\u0105\u017cka dla wszystkich trener\u00f3w, rodzic\u00f3w, nauczycieli, kt\u00f3rzy chc\u0105 wiedzie\u0107, jak m\u0105drze wspiera\u0107 m\u0142odych sportowc\u00f3w.","og_url":"https:\/\/kartysportowca.pl\/en\/product\/sport-uczy-zycia\/","article_publisher":"https:\/\/www.facebook.com\/kartysportowca","article_modified_time":"2026-04-13T16:44:04+00:00","og_image":[{"width":940,"height":788,"url":"https:\/\/kartysportowca.pl\/wp-content\/uploads\/2022\/09\/SUZ_N.png","type":"image\/png"}],"twitter_card":"summary_large_image","twitter_misc":{"Est. reading time":"2 minutes"},"schema":{"@context":"https:\/\/schema.org","@graph":[{"@type":"WebPage","@id":"https:\/\/kartysportowca.pl\/produkt\/sport-uczy-zycia\/","url":"https:\/\/kartysportowca.pl\/produkt\/sport-uczy-zycia\/","name":"Sport Uczy \u017bycia - seria dla trener\u00f3w, rodzic\u00f3w i nauczycieli","isPartOf":{"@id":"https:\/\/kartysportowca.pl\/#website"},"primaryImageOfPage":{"@id":"https:\/\/kartysportowca.pl\/produkt\/sport-uczy-zycia\/#primaryimage"},"image":{"@id":"https:\/\/kartysportowca.pl\/produkt\/sport-uczy-zycia\/#primaryimage"},"thumbnailUrl":"https:\/\/kartysportowca.pl\/wp-content\/uploads\/2022\/09\/SUZ_N.png","datePublished":"2022-09-22T16:20:03+00:00","dateModified":"2026-04-13T16:44:04+00:00","description":"Ksi\u0105\u017cka dla wszystkich trener\u00f3w, rodzic\u00f3w, nauczycieli, kt\u00f3rzy chc\u0105 wiedzie\u0107, jak m\u0105drze wspiera\u0107 m\u0142odych sportowc\u00f3w.","breadcrumb":{"@id":"https:\/\/kartysportowca.pl\/produkt\/sport-uczy-zycia\/#breadcrumb"},"inLanguage":"en-US","potentialAction":[{"@type":"ReadAction","target":["https:\/\/kartysportowca.pl\/produkt\/sport-uczy-zycia\/"]}]},{"@type":"ImageObject","inLanguage":"en-US","@id":"https:\/\/kartysportowca.pl\/produkt\/sport-uczy-zycia\/#primaryimage","url":"https:\/\/kartysportowca.pl\/wp-content\/uploads\/2022\/09\/SUZ_N.png","contentUrl":"https:\/\/kartysportowca.pl\/wp-content\/uploads\/2022\/09\/SUZ_N.png","width":940,"height":788,"caption":"sport uczy \u017cycia nowa ok\u0142adka"},{"@type":"BreadcrumbList","@id":"https:\/\/kartysportowca.pl\/produkt\/sport-uczy-zycia\/#breadcrumb","itemListElement":[{"@type":"ListItem","position":1,"name":"Strona g\u0142\u00f3wna","item":"https:\/\/kartysportowca.pl\/"},{"@type":"ListItem","position":2,"name":"Sklep","item":"https:\/\/kartysportowca.pl\/sklep\/"},{"@type":"ListItem","position":3,"name":"Sport Uczy \u017bycia"}]},{"@type":"WebSite","@id":"https:\/\/kartysportowca.pl\/#website","url":"https:\/\/kartysportowca.pl\/","name":"Karty Sportowca","description":"","publisher":{"@id":"https:\/\/kartysportowca.pl\/#organization"},"potentialAction":[{"@type":"SearchAction","target":{"@type":"EntryPoint","urlTemplate":"https:\/\/kartysportowca.pl\/?s={search_term_string}"},"query-input":{"@type":"PropertyValueSpecification","valueRequired":true,"valueName":"search_term_string"}}],"inLanguage":"en-US"},{"@type":"Organization","@id":"https:\/\/kartysportowca.pl\/#organization","name":"Karty Sportowca","url":"https:\/\/kartysportowca.pl\/","logo":{"@type":"ImageObject","inLanguage":"en-US","@id":"https:\/\/kartysportowca.pl\/#\/schema\/logo\/image\/","url":"https:\/\/kartysportowca.pl\/wp-content\/uploads\/2021\/03\/logo_karty_sportowca.png","contentUrl":"https:\/\/kartysportowca.pl\/wp-content\/uploads\/2021\/03\/logo_karty_sportowca.png","width":800,"height":274,"caption":"Karty Sportowca"},"image":{"@id":"https:\/\/kartysportowca.pl\/#\/schema\/logo\/image\/"},"sameAs":["https:\/\/www.facebook.com\/kartysportowca","https:\/\/www.instagram.com\/kartysportowca\/","https:\/\/pl.linkedin.com\/company\/karty-sportowca"]}]}},"_links":{"self":[{"href":"https:\/\/kartysportowca.pl\/en\/wp-json\/wp\/v2\/product\/11211","targetHints":{"allow":["GET"]}}],"collection":[{"href":"https:\/\/kartysportowca.pl\/en\/wp-json\/wp\/v2\/product"}],"about":[{"href":"https:\/\/kartysportowca.pl\/en\/wp-json\/wp\/v2\/types\/product"}],"wp:featuredmedia":[{"embeddable":true,"href":"https:\/\/kartysportowca.pl\/en\/wp-json\/wp\/v2\/media\/26329"}],"wp:attachment":[{"href":"https:\/\/kartysportowca.pl\/en\/wp-json\/wp\/v2\/media?parent=11211"}],"wp:term":[{"taxonomy":"product_brand","embeddable":true,"href":"https:\/\/kartysportowca.pl\/en\/wp-json\/wp\/v2\/product_brand?post=11211"},{"taxonomy":"product_cat","embeddable":true,"href":"https:\/\/kartysportowca.pl\/en\/wp-json\/wp\/v2\/product_cat?post=11211"},{"taxonomy":"product_tag","embeddable":true,"href":"https:\/\/kartysportowca.pl\/en\/wp-json\/wp\/v2\/product_tag?post=11211"}],"curies":[{"name":"wp","href":"https:\/\/api.w.org\/{rel}","templated":true}]}}