{"id":11916,"date":"2023-03-03T09:26:24","date_gmt":"2023-03-03T08:26:24","guid":{"rendered":"https:\/\/kartysportowca.pl\/?post_type=product&#038;p=11916"},"modified":"2025-12-03T01:16:37","modified_gmt":"2025-12-03T00:16:37","slug":"sen","status":"publish","type":"product","link":"https:\/\/kartysportowca.pl\/en\/product\/sen\/","title":{"rendered":"Ebook Sen Sportowca"},"content":{"rendered":"<p>Zadbanie o sen jest stosunkowo niewielkim, podstawowym krokiem, kt\u00f3ry mo\u017ce przynie\u015b\u0107 znacz\u0105ce efekty \u2013 zar\u00f3wno pod k\u0105tem samopoczucia, jak i wynik\u00f3w sportowych.<\/p>\n<p>Dlaczego warto dobrze spa\u0107? Dostatecznie d\u0142ugi i dobry sen mo\u017ce przyczyni\u0107 si\u0119 do poprawy regeneracji fizycznej oraz psychicznej, poprawy wytrzyma\u0142o\u015bci oraz korzystnie wp\u0142yn\u0105\u0107 na pami\u0119\u0107.<\/p>\n<p>&nbsp;<\/p>\n<p><strong>Spis tre\u015bci:<\/strong><\/p>\n<ol>\n<li>S\u0142owniczek poj\u0119\u0107<\/li>\n<li>Dlaczego sen jest wa\u017cny dla sportowca?<\/li>\n<li>Higiena snu<\/li>\n<li>10 wskaz\u00f3wek dla lepszego snu<\/li>\n<li>Wprowadzanie higieny snu w \u017cycie<\/li>\n<li>\u0106wiczenia<\/li>\n<\/ol>\n<ul>\n<li style=\"list-style-type: none;\">\n<ul>\n<li>Jak wypracowa\u0107 nawyk?<\/li>\n<li>Moja higiena snu<\/li>\n<li>Budowanie motywacji do zmiany<\/li>\n<li>Non-Sleep Deep Rest<\/li>\n<li>Pude\u0142ko na zmartwienia<\/li>\n<li>Zrelaksowane cia\u0142o<\/li>\n<li>Zrelaksowany umys\u0142<\/li>\n<\/ul>\n<\/li>\n<\/ul>\n<ol start=\"7\">\n<li>Literatura<\/li>\n<\/ol>\n<p>&nbsp;<\/p>\n<p><img decoding=\"async\" class=\"wp-image-11919 alignleft\" src=\"https:\/\/kartysportowca.pl\/wp-content\/uploads\/2023\/03\/Ewa-Szeremeta-300x300.jpg\" alt=\"\" width=\"167\" height=\"167\" srcset=\"https:\/\/kartysportowca.pl\/wp-content\/uploads\/2023\/03\/Ewa-Szeremeta-300x300.jpg 300w, https:\/\/kartysportowca.pl\/wp-content\/uploads\/2023\/03\/Ewa-Szeremeta-scaled-500x500.jpg 500w, https:\/\/kartysportowca.pl\/wp-content\/uploads\/2023\/03\/Ewa-Szeremeta-scaled-100x100.jpg 100w, https:\/\/kartysportowca.pl\/wp-content\/uploads\/2023\/03\/Ewa-Szeremeta-scaled-700x700.jpg 700w, https:\/\/kartysportowca.pl\/wp-content\/uploads\/2023\/03\/Ewa-Szeremeta-1024x1024.jpg 1024w, https:\/\/kartysportowca.pl\/wp-content\/uploads\/2023\/03\/Ewa-Szeremeta-150x150.jpg 150w, https:\/\/kartysportowca.pl\/wp-content\/uploads\/2023\/03\/Ewa-Szeremeta-768x768.jpg 768w, https:\/\/kartysportowca.pl\/wp-content\/uploads\/2023\/03\/Ewa-Szeremeta-1536x1536.jpg 1536w, https:\/\/kartysportowca.pl\/wp-content\/uploads\/2023\/03\/Ewa-Szeremeta-2048x2048.jpg 2048w, https:\/\/kartysportowca.pl\/wp-content\/uploads\/2023\/03\/Ewa-Szeremeta-75x75.jpg 75w, https:\/\/kartysportowca.pl\/wp-content\/uploads\/2023\/03\/Ewa-Szeremeta-66x66.jpg 66w, https:\/\/kartysportowca.pl\/wp-content\/uploads\/2023\/03\/Ewa-Szeremeta-200x200.jpg 200w, https:\/\/kartysportowca.pl\/wp-content\/uploads\/2023\/03\/Ewa-Szeremeta-400x400.jpg 400w, https:\/\/kartysportowca.pl\/wp-content\/uploads\/2023\/03\/Ewa-Szeremeta-600x600.jpg 600w, https:\/\/kartysportowca.pl\/wp-content\/uploads\/2023\/03\/Ewa-Szeremeta-800x800.jpg 800w, https:\/\/kartysportowca.pl\/wp-content\/uploads\/2023\/03\/Ewa-Szeremeta-1200x1200.jpg 1200w, https:\/\/kartysportowca.pl\/wp-content\/uploads\/2023\/03\/Ewa-Szeremeta-1320x1320.jpg 1320w\" sizes=\"(max-width: 167px) 100vw, 167px\" \/>Autork\u0105 ebooka jest\u00a0<strong>Ewa Szeremeta<\/strong> &#8211; psycholog, kszta\u0142c\u0105cy si\u0119 w kierunku psychologii sportu. Absolwentka psychologii na Uniwersytecie Miko\u0142aja Kopernika w Toruniu. Wsp\u00f3\u0142autorka rozdzia\u0142u &#8222;Metody badania d\u0142ugo\u015bci, przebiegu i jako\u015bci snu u\u017cywane w psychologii sportu&#8221; w ksi\u0105\u017cce &#8222;Nowe technologie i metody w psychologii&#8221; opublikowanej przez wydawnictwo Liberi Libri.<\/p>\n<p>Na co dzie\u0144 pracuje ze sportowcami indywidualnie, prowadz\u0105c trening mentalny, oraz wsp\u00f3\u0142pracuje z klubami sportowymi. Zajmuje si\u0119 tak\u017ce udzielaniem pomocy psychologicznej, korzystaj\u0105c z technik TSR, ACT oraz CBT.<\/p>\n<p>Prywatnie du\u017c\u0105 cz\u0119\u015b\u0107 jej \u017cycia stanowi sport \u2013 wspinaczka, bieganie, joga. Jest by\u0142\u0105 zawodniczk\u0105 p\u0142ywania synchronicznego. Pomaga jej to lepiej zrozumie\u0107, jakie wyzwania mog\u0105 sta\u0107 przed sportowcem.<\/p>\n<p>Instagram\/Facebook: @ewa.szeremeta.psycholog<\/p>\n<p>&nbsp;<\/p>","protected":false},"excerpt":{"rendered":"<p>Wewn\u0105trz ebooka znajdziesz podstawowy zbi\u00f3r zasad higieny snu, a tak\u017ce dodatkowe, praktyczne wskaz\u00f3wki, jak jeszcze mo\u017cesz sobie pom\u00f3c. Poza informacjami, dlaczego i w jaki spos\u00f3b zatroszczy\u0107 si\u0119 o sw\u00f3j sen, ebook oferuje \u0107wiczenia, kt\u00f3re pomog\u0105 Ci we wprowadzeniu zmian. Znajdziesz w nim r\u00f3wnie\u017c metody relaksacji, kt\u00f3re pozwol\u0105 Ci si\u0119 wyciszy\u0107 i po\u0142o\u017cy\u0107 do \u0142\u00f3\u017cka spokojnym.<\/p>\n<p>Kierowany jest nie tylko do sportowc\u00f3w \u2013 od amatora do zawodowca \u2013 ale mo\u017ce tak\u017ce okaza\u0107 si\u0119 przydatny osobom niezwi\u0105zanym ze sportem, kt\u00f3re chc\u0105 poprawi\u0107 swoj\u0105 higien\u0119 snu.<\/p>","protected":false},"featured_media":11917,"template":"","meta":{"site-sidebar-layout":"default","site-content-layout":"","ast-site-content-layout":"default","site-content-style":"default","site-sidebar-style":"default","ast-global-header-display":"","ast-banner-title-visibility":"","ast-main-header-display":"","ast-hfb-above-header-display":"","ast-hfb-below-header-display":"","ast-hfb-mobile-header-display":"","site-post-title":"","ast-breadcrumbs-content":"","ast-featured-img":"","footer-sml-layout":"","ast-disable-related-posts":"","theme-transparent-header-meta":"","adv-header-id-meta":"","stick-header-meta":"","header-above-stick-meta":"","header-main-stick-meta":"","header-below-stick-meta":"","astra-migrate-meta-layouts":"default","ast-page-background-enabled":"default","ast-page-background-meta":{"desktop":{"background-color":"","background-image":"","background-repeat":"repeat","background-position":"center center","background-size":"auto","background-attachment":"scroll","background-type":"","background-media":"","overlay-type":"","overlay-color":"","overlay-opacity":"","overlay-gradient":""},"tablet":{"background-color":"","background-image":"","background-repeat":"repeat","background-position":"center center","background-size":"auto","background-attachment":"scroll","background-type":"","background-media":"","overlay-type":"","overlay-color":"","overlay-opacity":"","overlay-gradient":""},"mobile":{"background-color":"","background-image":"","background-repeat":"repeat","background-position":"center center","background-size":"auto","background-attachment":"scroll","background-type":"","background-media":"","overlay-type":"","overlay-color":"","overlay-opacity":"","overlay-gradient":""}},"ast-content-background-meta":{"desktop":{"background-color":"var(--ast-global-color-5)","background-image":"","background-repeat":"repeat","background-position":"center center","background-size":"auto","background-attachment":"scroll","background-type":"","background-media":"","overlay-type":"","overlay-color":"","overlay-opacity":"","overlay-gradient":""},"tablet":{"background-color":"var(--ast-global-color-5)","background-image":"","background-repeat":"repeat","background-position":"center center","background-size":"auto","background-attachment":"scroll","background-type":"","background-media":"","overlay-type":"","overlay-color":"","overlay-opacity":"","overlay-gradient":""},"mobile":{"background-color":"var(--ast-global-color-5)","background-image":"","background-repeat":"repeat","background-position":"center center","background-size":"auto","background-attachment":"scroll","background-type":"","background-media":"","overlay-type":"","overlay-color":"","overlay-opacity":"","overlay-gradient":""}}},"product_brand":[],"product_cat":[23,34],"product_tag":[],"class_list":{"0":"post-11916","1":"product","2":"type-product","3":"status-publish","4":"has-post-thumbnail","6":"product_cat-ebook","7":"product_cat-produkty","8":"desktop-align-center","9":"tablet-align-left","10":"mobile-align-left","12":"first","13":"instock","14":"downloadable","15":"virtual","16":"purchasable","17":"product-type-simple"},"yoast_head":"<!-- This site is optimized with the Yoast SEO plugin v27.4 - https:\/\/yoast.com\/product\/yoast-seo-wordpress\/ -->\n<title>Ebook Sen Sportowca<\/title>\n<meta name=\"description\" content=\"Dowiedz si\u0119, jak poprawi\u0107 jako\u015b\u0107 swojego snu i jego higien\u0119, poznaj praktyczne \u0107wiczenia oraz wskaz\u00f3wki dla sportowc\u00f3w i nie tylko!\" \/>\n<meta name=\"robots\" content=\"index, follow, max-snippet:-1, max-image-preview:large, max-video-preview:-1\" \/>\n<link rel=\"canonical\" href=\"https:\/\/kartysportowca.pl\/en\/product\/sen\/\" \/>\n<meta property=\"og:locale\" content=\"en_US\" \/>\n<meta property=\"og:type\" content=\"article\" \/>\n<meta property=\"og:title\" content=\"Ebook Sen Sportowca\" \/>\n<meta property=\"og:description\" content=\"Dowiedz si\u0119, jak poprawi\u0107 jako\u015b\u0107 swojego snu i jego higien\u0119, poznaj praktyczne \u0107wiczenia oraz wskaz\u00f3wki dla sportowc\u00f3w i nie tylko!\" \/>\n<meta property=\"og:url\" content=\"https:\/\/kartysportowca.pl\/en\/product\/sen\/\" \/>\n<meta property=\"article:publisher\" content=\"https:\/\/www.facebook.com\/kartysportowca\" \/>\n<meta property=\"article:modified_time\" content=\"2025-12-03T00:16:37+00:00\" \/>\n<meta property=\"og:image\" content=\"https:\/\/kartysportowca.pl\/wp-content\/uploads\/2023\/03\/ebook-sen-sklep.png\" \/>\n\t<meta property=\"og:image:width\" content=\"1080\" \/>\n\t<meta property=\"og:image:height\" content=\"1080\" \/>\n\t<meta property=\"og:image:type\" content=\"image\/png\" \/>\n<meta name=\"twitter:card\" content=\"summary_large_image\" \/>\n<meta name=\"twitter:label1\" content=\"Est. reading time\" \/>\n\t<meta name=\"twitter:data1\" content=\"2 minutes\" \/>\n<script type=\"application\/ld+json\" class=\"yoast-schema-graph\">{\"@context\":\"https:\\\/\\\/schema.org\",\"@graph\":[{\"@type\":\"WebPage\",\"@id\":\"https:\\\/\\\/kartysportowca.pl\\\/produkt\\\/sen\\\/\",\"url\":\"https:\\\/\\\/kartysportowca.pl\\\/produkt\\\/sen\\\/\",\"name\":\"Ebook Sen Sportowca\",\"isPartOf\":{\"@id\":\"https:\\\/\\\/kartysportowca.pl\\\/#website\"},\"primaryImageOfPage\":{\"@id\":\"https:\\\/\\\/kartysportowca.pl\\\/produkt\\\/sen\\\/#primaryimage\"},\"image\":{\"@id\":\"https:\\\/\\\/kartysportowca.pl\\\/produkt\\\/sen\\\/#primaryimage\"},\"thumbnailUrl\":\"https:\\\/\\\/kartysportowca.pl\\\/wp-content\\\/uploads\\\/2023\\\/03\\\/ebook-sen-sklep.png\",\"datePublished\":\"2023-03-03T08:26:24+00:00\",\"dateModified\":\"2025-12-03T00:16:37+00:00\",\"description\":\"Dowiedz si\u0119, jak poprawi\u0107 jako\u015b\u0107 swojego snu i jego higien\u0119, poznaj praktyczne \u0107wiczenia oraz wskaz\u00f3wki dla sportowc\u00f3w i nie tylko!\",\"breadcrumb\":{\"@id\":\"https:\\\/\\\/kartysportowca.pl\\\/produkt\\\/sen\\\/#breadcrumb\"},\"inLanguage\":\"en-US\",\"potentialAction\":[{\"@type\":\"ReadAction\",\"target\":[\"https:\\\/\\\/kartysportowca.pl\\\/produkt\\\/sen\\\/\"]}]},{\"@type\":\"ImageObject\",\"inLanguage\":\"en-US\",\"@id\":\"https:\\\/\\\/kartysportowca.pl\\\/produkt\\\/sen\\\/#primaryimage\",\"url\":\"https:\\\/\\\/kartysportowca.pl\\\/wp-content\\\/uploads\\\/2023\\\/03\\\/ebook-sen-sklep.png\",\"contentUrl\":\"https:\\\/\\\/kartysportowca.pl\\\/wp-content\\\/uploads\\\/2023\\\/03\\\/ebook-sen-sklep.png\",\"width\":1080,\"height\":1080,\"caption\":\"sen sportowca psychologia\"},{\"@type\":\"BreadcrumbList\",\"@id\":\"https:\\\/\\\/kartysportowca.pl\\\/produkt\\\/sen\\\/#breadcrumb\",\"itemListElement\":[{\"@type\":\"ListItem\",\"position\":1,\"name\":\"Strona g\u0142\u00f3wna\",\"item\":\"https:\\\/\\\/kartysportowca.pl\\\/\"},{\"@type\":\"ListItem\",\"position\":2,\"name\":\"Sklep\",\"item\":\"https:\\\/\\\/kartysportowca.pl\\\/sklep\\\/\"},{\"@type\":\"ListItem\",\"position\":3,\"name\":\"Ebook Sen Sportowca\"}]},{\"@type\":\"WebSite\",\"@id\":\"https:\\\/\\\/kartysportowca.pl\\\/#website\",\"url\":\"https:\\\/\\\/kartysportowca.pl\\\/\",\"name\":\"Karty Sportowca\",\"description\":\"\",\"publisher\":{\"@id\":\"https:\\\/\\\/kartysportowca.pl\\\/#organization\"},\"potentialAction\":[{\"@type\":\"SearchAction\",\"target\":{\"@type\":\"EntryPoint\",\"urlTemplate\":\"https:\\\/\\\/kartysportowca.pl\\\/?s={search_term_string}\"},\"query-input\":{\"@type\":\"PropertyValueSpecification\",\"valueRequired\":true,\"valueName\":\"search_term_string\"}}],\"inLanguage\":\"en-US\"},{\"@type\":\"Organization\",\"@id\":\"https:\\\/\\\/kartysportowca.pl\\\/#organization\",\"name\":\"Karty Sportowca\",\"url\":\"https:\\\/\\\/kartysportowca.pl\\\/\",\"logo\":{\"@type\":\"ImageObject\",\"inLanguage\":\"en-US\",\"@id\":\"https:\\\/\\\/kartysportowca.pl\\\/#\\\/schema\\\/logo\\\/image\\\/\",\"url\":\"https:\\\/\\\/kartysportowca.pl\\\/wp-content\\\/uploads\\\/2021\\\/03\\\/logo_karty_sportowca.png\",\"contentUrl\":\"https:\\\/\\\/kartysportowca.pl\\\/wp-content\\\/uploads\\\/2021\\\/03\\\/logo_karty_sportowca.png\",\"width\":800,\"height\":274,\"caption\":\"Karty Sportowca\"},\"image\":{\"@id\":\"https:\\\/\\\/kartysportowca.pl\\\/#\\\/schema\\\/logo\\\/image\\\/\"},\"sameAs\":[\"https:\\\/\\\/www.facebook.com\\\/kartysportowca\",\"https:\\\/\\\/www.instagram.com\\\/kartysportowca\\\/\",\"https:\\\/\\\/pl.linkedin.com\\\/company\\\/karty-sportowca\"]}]}<\/script>\n<!-- \/ Yoast SEO plugin. -->","yoast_head_json":{"title":"Ebook Sen Sportowca","description":"Dowiedz si\u0119, jak poprawi\u0107 jako\u015b\u0107 swojego snu i jego higien\u0119, poznaj praktyczne \u0107wiczenia oraz wskaz\u00f3wki dla sportowc\u00f3w i nie tylko!","robots":{"index":"index","follow":"follow","max-snippet":"max-snippet:-1","max-image-preview":"max-image-preview:large","max-video-preview":"max-video-preview:-1"},"canonical":"https:\/\/kartysportowca.pl\/en\/product\/sen\/","og_locale":"en_US","og_type":"article","og_title":"Ebook Sen Sportowca","og_description":"Dowiedz si\u0119, jak poprawi\u0107 jako\u015b\u0107 swojego snu i jego higien\u0119, poznaj praktyczne \u0107wiczenia oraz wskaz\u00f3wki dla sportowc\u00f3w i nie tylko!","og_url":"https:\/\/kartysportowca.pl\/en\/product\/sen\/","article_publisher":"https:\/\/www.facebook.com\/kartysportowca","article_modified_time":"2025-12-03T00:16:37+00:00","og_image":[{"width":1080,"height":1080,"url":"https:\/\/kartysportowca.pl\/wp-content\/uploads\/2023\/03\/ebook-sen-sklep.png","type":"image\/png"}],"twitter_card":"summary_large_image","twitter_misc":{"Est. reading time":"2 minutes"},"schema":{"@context":"https:\/\/schema.org","@graph":[{"@type":"WebPage","@id":"https:\/\/kartysportowca.pl\/produkt\/sen\/","url":"https:\/\/kartysportowca.pl\/produkt\/sen\/","name":"Ebook Sen Sportowca","isPartOf":{"@id":"https:\/\/kartysportowca.pl\/#website"},"primaryImageOfPage":{"@id":"https:\/\/kartysportowca.pl\/produkt\/sen\/#primaryimage"},"image":{"@id":"https:\/\/kartysportowca.pl\/produkt\/sen\/#primaryimage"},"thumbnailUrl":"https:\/\/kartysportowca.pl\/wp-content\/uploads\/2023\/03\/ebook-sen-sklep.png","datePublished":"2023-03-03T08:26:24+00:00","dateModified":"2025-12-03T00:16:37+00:00","description":"Dowiedz si\u0119, jak poprawi\u0107 jako\u015b\u0107 swojego snu i jego higien\u0119, poznaj praktyczne \u0107wiczenia oraz wskaz\u00f3wki dla sportowc\u00f3w i nie tylko!","breadcrumb":{"@id":"https:\/\/kartysportowca.pl\/produkt\/sen\/#breadcrumb"},"inLanguage":"en-US","potentialAction":[{"@type":"ReadAction","target":["https:\/\/kartysportowca.pl\/produkt\/sen\/"]}]},{"@type":"ImageObject","inLanguage":"en-US","@id":"https:\/\/kartysportowca.pl\/produkt\/sen\/#primaryimage","url":"https:\/\/kartysportowca.pl\/wp-content\/uploads\/2023\/03\/ebook-sen-sklep.png","contentUrl":"https:\/\/kartysportowca.pl\/wp-content\/uploads\/2023\/03\/ebook-sen-sklep.png","width":1080,"height":1080,"caption":"sen sportowca psychologia"},{"@type":"BreadcrumbList","@id":"https:\/\/kartysportowca.pl\/produkt\/sen\/#breadcrumb","itemListElement":[{"@type":"ListItem","position":1,"name":"Strona g\u0142\u00f3wna","item":"https:\/\/kartysportowca.pl\/"},{"@type":"ListItem","position":2,"name":"Sklep","item":"https:\/\/kartysportowca.pl\/sklep\/"},{"@type":"ListItem","position":3,"name":"Ebook Sen Sportowca"}]},{"@type":"WebSite","@id":"https:\/\/kartysportowca.pl\/#website","url":"https:\/\/kartysportowca.pl\/","name":"Karty Sportowca","description":"","publisher":{"@id":"https:\/\/kartysportowca.pl\/#organization"},"potentialAction":[{"@type":"SearchAction","target":{"@type":"EntryPoint","urlTemplate":"https:\/\/kartysportowca.pl\/?s={search_term_string}"},"query-input":{"@type":"PropertyValueSpecification","valueRequired":true,"valueName":"search_term_string"}}],"inLanguage":"en-US"},{"@type":"Organization","@id":"https:\/\/kartysportowca.pl\/#organization","name":"Karty Sportowca","url":"https:\/\/kartysportowca.pl\/","logo":{"@type":"ImageObject","inLanguage":"en-US","@id":"https:\/\/kartysportowca.pl\/#\/schema\/logo\/image\/","url":"https:\/\/kartysportowca.pl\/wp-content\/uploads\/2021\/03\/logo_karty_sportowca.png","contentUrl":"https:\/\/kartysportowca.pl\/wp-content\/uploads\/2021\/03\/logo_karty_sportowca.png","width":800,"height":274,"caption":"Karty Sportowca"},"image":{"@id":"https:\/\/kartysportowca.pl\/#\/schema\/logo\/image\/"},"sameAs":["https:\/\/www.facebook.com\/kartysportowca","https:\/\/www.instagram.com\/kartysportowca\/","https:\/\/pl.linkedin.com\/company\/karty-sportowca"]}]}},"_links":{"self":[{"href":"https:\/\/kartysportowca.pl\/en\/wp-json\/wp\/v2\/product\/11916","targetHints":{"allow":["GET"]}}],"collection":[{"href":"https:\/\/kartysportowca.pl\/en\/wp-json\/wp\/v2\/product"}],"about":[{"href":"https:\/\/kartysportowca.pl\/en\/wp-json\/wp\/v2\/types\/product"}],"wp:featuredmedia":[{"embeddable":true,"href":"https:\/\/kartysportowca.pl\/en\/wp-json\/wp\/v2\/media\/11917"}],"wp:attachment":[{"href":"https:\/\/kartysportowca.pl\/en\/wp-json\/wp\/v2\/media?parent=11916"}],"wp:term":[{"taxonomy":"product_brand","embeddable":true,"href":"https:\/\/kartysportowca.pl\/en\/wp-json\/wp\/v2\/product_brand?post=11916"},{"taxonomy":"product_cat","embeddable":true,"href":"https:\/\/kartysportowca.pl\/en\/wp-json\/wp\/v2\/product_cat?post=11916"},{"taxonomy":"product_tag","embeddable":true,"href":"https:\/\/kartysportowca.pl\/en\/wp-json\/wp\/v2\/product_tag?post=11916"}],"curies":[{"name":"wp","href":"https:\/\/api.w.org\/{rel}","templated":true}]}}