{"id":12164,"date":"2023-05-22T16:22:09","date_gmt":"2023-05-22T14:22:09","guid":{"rendered":"https:\/\/kartysportowca.pl\/?post_type=product&#038;p=12164"},"modified":"2023-08-21T09:52:30","modified_gmt":"2023-08-21T07:52:30","slug":"mentoring","status":"publish","type":"product","link":"https:\/\/kartysportowca.pl\/en\/product\/mentoring\/","title":{"rendered":"Sesja mentoringowa"},"content":{"rendered":"<p>Czy chcesz wiedzie\u0107, jak:<\/p>\n<p>\ud83d\udc49\ud83c\udffb rozwija\u0107 swoje kompetencje w obszarze psychologii sportu?<\/p>\n<p>\ud83d\udc49\ud83c\udffb za\u0142o\u017cy\u0107 i prowadzi\u0107 firm\u0119 \u015bwiadcz\u0105c\u0105 us\u0142ugi psychologiczne?<\/p>\n<p>\ud83d\udc49\ud83c\udffb budowa\u0107 w\u0142asn\u0105 mark\u0119 w Internecie?<\/p>\n<p>\ud83d\udc49\ud83c\udffb tworzy\u0107 swoj\u0105 ofert\u0119 skierowan\u0105 do potencjalnych klient\u00f3w?<\/p>\n<p>\ud83d\udc49\ud83c\udffb poszerza\u0107 swoje kompetencje zawodowe?<\/p>\n<p>\ud83d\udc49\ud83c\udffb tworzy\u0107 i sprzedawa\u0107 swoje produkty i szkolenia?<\/p>\n<p>\ud83d\udc49\ud83c\udffb skutecznie i etycznie pracowa\u0107 z klientami?<\/p>\n<p><strong>Je\u017celi tak &#8211; to SESJA MENTORINGOWA jest dla Ciebie!<\/strong><\/p>\n<p>Na naszym spotkaniu porozmawiamy o tym, co w danym momencie jest dla Ciebie najwa\u017cniejsze &#8211; tematyk\u0119 dopasujemy w 100% do Twoich potrzeb!<\/p>\n<p>Potrzebujesz superwizji swojej pracy?<\/p>\n<p>Wsparcia w Twoich zawodowych krokach?<\/p>\n<p>Zapraszam Ci\u0119 na sesj\u0119 mentoringow\u0105!<\/p>\n<p>&nbsp;<\/p>\n<p><strong>Dla kogo?<\/strong><\/p>\n<p>Sesja mentoringowa przeznaczona jest dla psycholog\u00f3w, student\u00f3w, trener\u00f3w mentalnych \/ coach\u00f3w.<\/p>\n<p><span style=\"font-weight: 400;\">\u00a0<\/span><\/p>\n<p><strong>dr Zuzanna Gazdowska<\/strong>\u00a0\u2013 doktor nauk spo\u0142ecznych, certyfikowany psycholog sportu Polskiego Towarzystwa Psychologicznego, pracuje w nurcie terapii skoncentrowanej na rozwi\u0105zaniach oraz Kids\u2019 Skills. Prelegentka na konferencjach naukowych, autorka publikacji o zasi\u0119gu mi\u0119dzynarodowym. Pracuje z zawodnikami na poziomie zaawansowanym, r\u00f3wnie\u017c cz\u0142onkami Kadry Narodowej w swoich dyscyplinach. Wyk\u0142ada na Uniwersytecie SWPS, kieruje specjalno\u015bci\u0105 z Psychologii Sportu i Aktywno\u015bci Fizycznej. Jest w\u0142a\u015bcicielk\u0105 marki Karty Sportowca, tworz\u0105cej materia\u0142y do pracy psychologicznej ze sportowcami. Prywatnie by\u0142a zawodniczka.<\/p>","protected":false},"excerpt":{"rendered":"<p><b>Sesja mentoringowa \u00a0skierowana jest do os\u00f3b chc\u0105cych rozwija\u0107 si\u0119 w obszarze us\u0142ug z zakresu psychologii sportu.<\/b><\/p>\n<p>Spotkanie dopasowane jest do Twoich potrzeb &#8211; by\u0107 mo\u017ce szukasz pomys\u0142u na siebie, chcesz skorzysta\u0107 z superwizji, zastanawiasz si\u0119, jak rozwin\u0105\u0107 w\u0142asny gabinet, albo nie wiesz, w jak\u0105 stron\u0119 pokierowa\u0107 Twoj\u0105 karier\u0119? W takim razie\u00a0<strong>sesja mentoringowa<\/strong> to co\u015b dla Ciebie!<\/p>\n<p>&nbsp;<\/p>\n<p>Spotkanie realizujemy online na platformie Zoom w dogodnym terminie.<\/p>\n<p>Czas trwania sesji: 60 minut.<\/p>","protected":false},"featured_media":12165,"template":"","meta":{"site-sidebar-layout":"default","site-content-layout":"","ast-site-content-layout":"default","site-content-style":"default","site-sidebar-style":"default","ast-global-header-display":"","ast-banner-title-visibility":"","ast-main-header-display":"","ast-hfb-above-header-display":"","ast-hfb-below-header-display":"","ast-hfb-mobile-header-display":"","site-post-title":"","ast-breadcrumbs-content":"","ast-featured-img":"","footer-sml-layout":"","ast-disable-related-posts":"","theme-transparent-header-meta":"default","adv-header-id-meta":"","stick-header-meta":"","header-above-stick-meta":"","header-main-stick-meta":"","header-below-stick-meta":"","astra-migrate-meta-layouts":"set","ast-page-background-enabled":"default","ast-page-background-meta":{"desktop":{"background-color":"","background-image":"","background-repeat":"repeat","background-position":"center center","background-size":"auto","background-attachment":"scroll","background-type":"","background-media":"","overlay-type":"","overlay-color":"","overlay-opacity":"","overlay-gradient":""},"tablet":{"background-color":"","background-image":"","background-repeat":"repeat","background-position":"center center","background-size":"auto","background-attachment":"scroll","background-type":"","background-media":"","overlay-type":"","overlay-color":"","overlay-opacity":"","overlay-gradient":""},"mobile":{"background-color":"","background-image":"","background-repeat":"repeat","background-position":"center center","background-size":"auto","background-attachment":"scroll","background-type":"","background-media":"","overlay-type":"","overlay-color":"","overlay-opacity":"","overlay-gradient":""}},"ast-content-background-meta":{"desktop":{"background-color":"var(--ast-global-color-5)","background-image":"","background-repeat":"repeat","background-position":"center center","background-size":"auto","background-attachment":"scroll","background-type":"","background-media":"","overlay-type":"","overlay-color":"","overlay-opacity":"","overlay-gradient":""},"tablet":{"background-color":"var(--ast-global-color-5)","background-image":"","background-repeat":"repeat","background-position":"center center","background-size":"auto","background-attachment":"scroll","background-type":"","background-media":"","overlay-type":"","overlay-color":"","overlay-opacity":"","overlay-gradient":""},"mobile":{"background-color":"var(--ast-global-color-5)","background-image":"","background-repeat":"repeat","background-position":"center center","background-size":"auto","background-attachment":"scroll","background-type":"","background-media":"","overlay-type":"","overlay-color":"","overlay-opacity":"","overlay-gradient":""}}},"product_brand":[],"product_cat":[35,24],"product_tag":[25],"class_list":{"0":"post-12164","1":"product","2":"type-product","3":"status-publish","4":"has-post-thumbnail","6":"product_cat-szkolenia","7":"product_cat-szkolenie","8":"product_tag-szkolenie","9":"desktop-align-center","10":"tablet-align-left","11":"mobile-align-left","13":"first","14":"instock","15":"virtual","16":"purchasable","17":"product-type-simple"},"yoast_head":"<!-- This site is optimized with the Yoast SEO plugin v27.4 - https:\/\/yoast.com\/product\/yoast-seo-wordpress\/ -->\n<title>Sesja mentoringowa online<\/title>\n<meta name=\"description\" content=\"Rozwi\u0144 swoje kompetencje w zawodzie psychologa sportu. Dowiedz si\u0119, jak z sukcesami prowadzi\u0107 dzia\u0142alno\u015b\u0107, pozyska\u0107 klient\u00f3w, rozwija\u0107 swoje umiej\u0119tno\u015bci.\" \/>\n<meta name=\"robots\" content=\"index, follow, max-snippet:-1, max-image-preview:large, max-video-preview:-1\" \/>\n<link rel=\"canonical\" href=\"https:\/\/kartysportowca.pl\/en\/product\/mentoring\/\" \/>\n<meta property=\"og:locale\" content=\"en_US\" \/>\n<meta property=\"og:type\" content=\"article\" \/>\n<meta property=\"og:title\" content=\"Sesja mentoringowa online\" \/>\n<meta property=\"og:description\" content=\"Rozwi\u0144 swoje kompetencje w zawodzie psychologa sportu. Dowiedz si\u0119, jak z sukcesami prowadzi\u0107 dzia\u0142alno\u015b\u0107, pozyska\u0107 klient\u00f3w, rozwija\u0107 swoje umiej\u0119tno\u015bci.\" \/>\n<meta property=\"og:url\" content=\"https:\/\/kartysportowca.pl\/en\/product\/mentoring\/\" \/>\n<meta property=\"article:publisher\" content=\"https:\/\/www.facebook.com\/kartysportowca\" \/>\n<meta property=\"article:modified_time\" content=\"2023-08-21T07:52:30+00:00\" \/>\n<meta property=\"og:image\" content=\"https:\/\/kartysportowca.pl\/wp-content\/uploads\/2023\/05\/Sesja-mentoringowa.png\" \/>\n\t<meta property=\"og:image:width\" content=\"1080\" \/>\n\t<meta property=\"og:image:height\" content=\"1080\" \/>\n\t<meta property=\"og:image:type\" content=\"image\/png\" \/>\n<meta name=\"twitter:card\" content=\"summary_large_image\" \/>\n<meta name=\"twitter:label1\" content=\"Est. reading time\" \/>\n\t<meta name=\"twitter:data1\" content=\"2 minutes\" \/>\n<script type=\"application\/ld+json\" class=\"yoast-schema-graph\">{\"@context\":\"https:\\\/\\\/schema.org\",\"@graph\":[{\"@type\":\"WebPage\",\"@id\":\"https:\\\/\\\/kartysportowca.pl\\\/produkt\\\/mentoring\\\/\",\"url\":\"https:\\\/\\\/kartysportowca.pl\\\/produkt\\\/mentoring\\\/\",\"name\":\"Sesja mentoringowa online\",\"isPartOf\":{\"@id\":\"https:\\\/\\\/kartysportowca.pl\\\/#website\"},\"primaryImageOfPage\":{\"@id\":\"https:\\\/\\\/kartysportowca.pl\\\/produkt\\\/mentoring\\\/#primaryimage\"},\"image\":{\"@id\":\"https:\\\/\\\/kartysportowca.pl\\\/produkt\\\/mentoring\\\/#primaryimage\"},\"thumbnailUrl\":\"https:\\\/\\\/kartysportowca.pl\\\/wp-content\\\/uploads\\\/2023\\\/05\\\/Sesja-mentoringowa.png\",\"datePublished\":\"2023-05-22T14:22:09+00:00\",\"dateModified\":\"2023-08-21T07:52:30+00:00\",\"description\":\"Rozwi\u0144 swoje kompetencje w zawodzie psychologa sportu. Dowiedz si\u0119, jak z sukcesami prowadzi\u0107 dzia\u0142alno\u015b\u0107, pozyska\u0107 klient\u00f3w, rozwija\u0107 swoje umiej\u0119tno\u015bci.\",\"breadcrumb\":{\"@id\":\"https:\\\/\\\/kartysportowca.pl\\\/produkt\\\/mentoring\\\/#breadcrumb\"},\"inLanguage\":\"en-US\",\"potentialAction\":[{\"@type\":\"ReadAction\",\"target\":[\"https:\\\/\\\/kartysportowca.pl\\\/produkt\\\/mentoring\\\/\"]}]},{\"@type\":\"ImageObject\",\"inLanguage\":\"en-US\",\"@id\":\"https:\\\/\\\/kartysportowca.pl\\\/produkt\\\/mentoring\\\/#primaryimage\",\"url\":\"https:\\\/\\\/kartysportowca.pl\\\/wp-content\\\/uploads\\\/2023\\\/05\\\/Sesja-mentoringowa.png\",\"contentUrl\":\"https:\\\/\\\/kartysportowca.pl\\\/wp-content\\\/uploads\\\/2023\\\/05\\\/Sesja-mentoringowa.png\",\"width\":1080,\"height\":1080,\"caption\":\"mentoring zuzanna gazdowska psychologia sportu\"},{\"@type\":\"BreadcrumbList\",\"@id\":\"https:\\\/\\\/kartysportowca.pl\\\/produkt\\\/mentoring\\\/#breadcrumb\",\"itemListElement\":[{\"@type\":\"ListItem\",\"position\":1,\"name\":\"Strona g\u0142\u00f3wna\",\"item\":\"https:\\\/\\\/kartysportowca.pl\\\/\"},{\"@type\":\"ListItem\",\"position\":2,\"name\":\"Sklep\",\"item\":\"https:\\\/\\\/kartysportowca.pl\\\/sklep\\\/\"},{\"@type\":\"ListItem\",\"position\":3,\"name\":\"Sesja mentoringowa\"}]},{\"@type\":\"WebSite\",\"@id\":\"https:\\\/\\\/kartysportowca.pl\\\/#website\",\"url\":\"https:\\\/\\\/kartysportowca.pl\\\/\",\"name\":\"Karty Sportowca\",\"description\":\"\",\"publisher\":{\"@id\":\"https:\\\/\\\/kartysportowca.pl\\\/#organization\"},\"potentialAction\":[{\"@type\":\"SearchAction\",\"target\":{\"@type\":\"EntryPoint\",\"urlTemplate\":\"https:\\\/\\\/kartysportowca.pl\\\/?s={search_term_string}\"},\"query-input\":{\"@type\":\"PropertyValueSpecification\",\"valueRequired\":true,\"valueName\":\"search_term_string\"}}],\"inLanguage\":\"en-US\"},{\"@type\":\"Organization\",\"@id\":\"https:\\\/\\\/kartysportowca.pl\\\/#organization\",\"name\":\"Karty Sportowca\",\"url\":\"https:\\\/\\\/kartysportowca.pl\\\/\",\"logo\":{\"@type\":\"ImageObject\",\"inLanguage\":\"en-US\",\"@id\":\"https:\\\/\\\/kartysportowca.pl\\\/#\\\/schema\\\/logo\\\/image\\\/\",\"url\":\"https:\\\/\\\/kartysportowca.pl\\\/wp-content\\\/uploads\\\/2021\\\/03\\\/logo_karty_sportowca.png\",\"contentUrl\":\"https:\\\/\\\/kartysportowca.pl\\\/wp-content\\\/uploads\\\/2021\\\/03\\\/logo_karty_sportowca.png\",\"width\":800,\"height\":274,\"caption\":\"Karty Sportowca\"},\"image\":{\"@id\":\"https:\\\/\\\/kartysportowca.pl\\\/#\\\/schema\\\/logo\\\/image\\\/\"},\"sameAs\":[\"https:\\\/\\\/www.facebook.com\\\/kartysportowca\",\"https:\\\/\\\/www.instagram.com\\\/kartysportowca\\\/\",\"https:\\\/\\\/pl.linkedin.com\\\/company\\\/karty-sportowca\"]}]}<\/script>\n<!-- \/ Yoast SEO plugin. -->","yoast_head_json":{"title":"Sesja mentoringowa online","description":"Rozwi\u0144 swoje kompetencje w zawodzie psychologa sportu. Dowiedz si\u0119, jak z sukcesami prowadzi\u0107 dzia\u0142alno\u015b\u0107, pozyska\u0107 klient\u00f3w, rozwija\u0107 swoje umiej\u0119tno\u015bci.","robots":{"index":"index","follow":"follow","max-snippet":"max-snippet:-1","max-image-preview":"max-image-preview:large","max-video-preview":"max-video-preview:-1"},"canonical":"https:\/\/kartysportowca.pl\/en\/product\/mentoring\/","og_locale":"en_US","og_type":"article","og_title":"Sesja mentoringowa online","og_description":"Rozwi\u0144 swoje kompetencje w zawodzie psychologa sportu. Dowiedz si\u0119, jak z sukcesami prowadzi\u0107 dzia\u0142alno\u015b\u0107, pozyska\u0107 klient\u00f3w, rozwija\u0107 swoje umiej\u0119tno\u015bci.","og_url":"https:\/\/kartysportowca.pl\/en\/product\/mentoring\/","article_publisher":"https:\/\/www.facebook.com\/kartysportowca","article_modified_time":"2023-08-21T07:52:30+00:00","og_image":[{"width":1080,"height":1080,"url":"https:\/\/kartysportowca.pl\/wp-content\/uploads\/2023\/05\/Sesja-mentoringowa.png","type":"image\/png"}],"twitter_card":"summary_large_image","twitter_misc":{"Est. reading time":"2 minutes"},"schema":{"@context":"https:\/\/schema.org","@graph":[{"@type":"WebPage","@id":"https:\/\/kartysportowca.pl\/produkt\/mentoring\/","url":"https:\/\/kartysportowca.pl\/produkt\/mentoring\/","name":"Sesja mentoringowa online","isPartOf":{"@id":"https:\/\/kartysportowca.pl\/#website"},"primaryImageOfPage":{"@id":"https:\/\/kartysportowca.pl\/produkt\/mentoring\/#primaryimage"},"image":{"@id":"https:\/\/kartysportowca.pl\/produkt\/mentoring\/#primaryimage"},"thumbnailUrl":"https:\/\/kartysportowca.pl\/wp-content\/uploads\/2023\/05\/Sesja-mentoringowa.png","datePublished":"2023-05-22T14:22:09+00:00","dateModified":"2023-08-21T07:52:30+00:00","description":"Rozwi\u0144 swoje kompetencje w zawodzie psychologa sportu. Dowiedz si\u0119, jak z sukcesami prowadzi\u0107 dzia\u0142alno\u015b\u0107, pozyska\u0107 klient\u00f3w, rozwija\u0107 swoje umiej\u0119tno\u015bci.","breadcrumb":{"@id":"https:\/\/kartysportowca.pl\/produkt\/mentoring\/#breadcrumb"},"inLanguage":"en-US","potentialAction":[{"@type":"ReadAction","target":["https:\/\/kartysportowca.pl\/produkt\/mentoring\/"]}]},{"@type":"ImageObject","inLanguage":"en-US","@id":"https:\/\/kartysportowca.pl\/produkt\/mentoring\/#primaryimage","url":"https:\/\/kartysportowca.pl\/wp-content\/uploads\/2023\/05\/Sesja-mentoringowa.png","contentUrl":"https:\/\/kartysportowca.pl\/wp-content\/uploads\/2023\/05\/Sesja-mentoringowa.png","width":1080,"height":1080,"caption":"mentoring zuzanna gazdowska psychologia sportu"},{"@type":"BreadcrumbList","@id":"https:\/\/kartysportowca.pl\/produkt\/mentoring\/#breadcrumb","itemListElement":[{"@type":"ListItem","position":1,"name":"Strona g\u0142\u00f3wna","item":"https:\/\/kartysportowca.pl\/"},{"@type":"ListItem","position":2,"name":"Sklep","item":"https:\/\/kartysportowca.pl\/sklep\/"},{"@type":"ListItem","position":3,"name":"Sesja mentoringowa"}]},{"@type":"WebSite","@id":"https:\/\/kartysportowca.pl\/#website","url":"https:\/\/kartysportowca.pl\/","name":"Karty Sportowca","description":"","publisher":{"@id":"https:\/\/kartysportowca.pl\/#organization"},"potentialAction":[{"@type":"SearchAction","target":{"@type":"EntryPoint","urlTemplate":"https:\/\/kartysportowca.pl\/?s={search_term_string}"},"query-input":{"@type":"PropertyValueSpecification","valueRequired":true,"valueName":"search_term_string"}}],"inLanguage":"en-US"},{"@type":"Organization","@id":"https:\/\/kartysportowca.pl\/#organization","name":"Karty Sportowca","url":"https:\/\/kartysportowca.pl\/","logo":{"@type":"ImageObject","inLanguage":"en-US","@id":"https:\/\/kartysportowca.pl\/#\/schema\/logo\/image\/","url":"https:\/\/kartysportowca.pl\/wp-content\/uploads\/2021\/03\/logo_karty_sportowca.png","contentUrl":"https:\/\/kartysportowca.pl\/wp-content\/uploads\/2021\/03\/logo_karty_sportowca.png","width":800,"height":274,"caption":"Karty Sportowca"},"image":{"@id":"https:\/\/kartysportowca.pl\/#\/schema\/logo\/image\/"},"sameAs":["https:\/\/www.facebook.com\/kartysportowca","https:\/\/www.instagram.com\/kartysportowca\/","https:\/\/pl.linkedin.com\/company\/karty-sportowca"]}]}},"_links":{"self":[{"href":"https:\/\/kartysportowca.pl\/en\/wp-json\/wp\/v2\/product\/12164","targetHints":{"allow":["GET"]}}],"collection":[{"href":"https:\/\/kartysportowca.pl\/en\/wp-json\/wp\/v2\/product"}],"about":[{"href":"https:\/\/kartysportowca.pl\/en\/wp-json\/wp\/v2\/types\/product"}],"wp:featuredmedia":[{"embeddable":true,"href":"https:\/\/kartysportowca.pl\/en\/wp-json\/wp\/v2\/media\/12165"}],"wp:attachment":[{"href":"https:\/\/kartysportowca.pl\/en\/wp-json\/wp\/v2\/media?parent=12164"}],"wp:term":[{"taxonomy":"product_brand","embeddable":true,"href":"https:\/\/kartysportowca.pl\/en\/wp-json\/wp\/v2\/product_brand?post=12164"},{"taxonomy":"product_cat","embeddable":true,"href":"https:\/\/kartysportowca.pl\/en\/wp-json\/wp\/v2\/product_cat?post=12164"},{"taxonomy":"product_tag","embeddable":true,"href":"https:\/\/kartysportowca.pl\/en\/wp-json\/wp\/v2\/product_tag?post=12164"}],"curies":[{"name":"wp","href":"https:\/\/api.w.org\/{rel}","templated":true}]}}