{"id":23045,"date":"2024-01-30T11:11:18","date_gmt":"2024-01-30T10:11:18","guid":{"rendered":"https:\/\/kartysportowca.pl\/?post_type=product&#038;p=23045"},"modified":"2026-02-19T14:28:59","modified_gmt":"2026-02-19T13:28:59","slug":"rodzice","status":"publish","type":"product","link":"https:\/\/kartysportowca.pl\/en\/product\/rodzice\/","title":{"rendered":"Szkolenie &#8211; Wsp\u00f3\u0142praca psychologa sportu z rodzicem"},"content":{"rendered":"<div><\/div>\n<div>\n<p>Jak budowa\u0107 wsp\u00f3\u0142prac\u0119 z rodzicami w gabinecie psychologa sportu?<\/p>\n<p>Wspieraj\u0105c dzieci i m\u0142odzie\u017c w osi\u0105ganiu ich sportowych marze\u0144, pracujemy r\u00f3wnie\u017c z rodzicami. To oni dbaj\u0105 o funkcjonowanie m\u0142odego sportowca na co dzie\u0144, wi\u0119c zdecydowanie warto mie\u0107 ich po swojej stronie!<\/p>\n<p>&nbsp;<\/p>\n<p><strong>Na szkoleniu dowiesz si\u0119:<\/strong><\/p>\n<p>&#8211; jak anga\u017cowa\u0107 rodzic\u00f3w w trening mentalny ma\u0142ych sportowc\u00f3w,<\/p>\n<p>&#8211; jak uk\u0142ada\u0107 wsp\u00f3\u0142prac\u0119 z rodzicami, by przebiega\u0142a w atmosferze wzajemnego szacunku,<\/p>\n<p>&#8211; jak pomaga\u0107 rodzicom radzi\u0107 sobie z ich wyzwaniami w roli opiekunk\u00f3w m\u0142odego zawodnika,<\/p>\n<p>&#8211; jak dba\u0107 o swoje granice w relacji z rodzicami.<\/p>\n<p><strong>Poznasz tak\u017ce dobre praktyki we wsp\u00f3\u0142pracy z rodzicami, tak by wsp\u00f3lnie budowa\u0107 otoczenie wspieraj\u0105ce ma\u0142ego sportowca. Wsp\u00f3lnie przeanalizujemy kilka konkretnych \u017cyciowych sytuacji i przyk\u0142ad\u00f3w w formie case studies!<\/strong><\/p>\n<\/div>\n<div><\/div>\n<div><\/div>\n<div><strong>W cenie:<\/strong><\/div>\n<div>&#8211; materia\u0142y z om\u00f3wionymi informacjami i \u0107wiczeniami<\/div>\n<div>&#8211; certyfikat imienny<\/div>\n<div><\/div>\n<div>Wystawiamy faktury na firmy i faktury odroczone.<\/div>\n<div><\/div>\n<div><\/div>\n<p><strong>Dla kogo?<\/strong><\/p>\n<p>Szkolenie przeznaczone jest dla psycholog\u00f3w, psycholog\u00f3w sportu, trener\u00f3w mentalnych, student\u00f3w.<\/p>\n<p><span style=\"font-weight: 400;\">\u00a0<\/span><\/p>\n<p><strong>O prowadz\u0105cej:<\/strong><\/p>\n<p><strong><img decoding=\"async\" class=\"wp-image-8116 alignleft\" src=\"https:\/\/kartysportowca.pl\/wp-content\/uploads\/2021\/09\/Tamara-Pielas-300x300.png\" alt=\"\" width=\"132\" height=\"132\" srcset=\"https:\/\/kartysportowca.pl\/wp-content\/uploads\/2021\/09\/Tamara-Pielas-300x300.png 300w, https:\/\/kartysportowca.pl\/wp-content\/uploads\/2021\/09\/Tamara-Pielas-500x500.png 500w, https:\/\/kartysportowca.pl\/wp-content\/uploads\/2021\/09\/Tamara-Pielas-100x100.png 100w, https:\/\/kartysportowca.pl\/wp-content\/uploads\/2021\/09\/Tamara-Pielas-700x700.png 700w, https:\/\/kartysportowca.pl\/wp-content\/uploads\/2021\/09\/Tamara-Pielas-1024x1024.png 1024w, https:\/\/kartysportowca.pl\/wp-content\/uploads\/2021\/09\/Tamara-Pielas-150x150.png 150w, https:\/\/kartysportowca.pl\/wp-content\/uploads\/2021\/09\/Tamara-Pielas-768x768.png 768w, https:\/\/kartysportowca.pl\/wp-content\/uploads\/2021\/09\/Tamara-Pielas-75x75.png 75w, https:\/\/kartysportowca.pl\/wp-content\/uploads\/2021\/09\/Tamara-Pielas-66x66.png 66w, https:\/\/kartysportowca.pl\/wp-content\/uploads\/2021\/09\/Tamara-Pielas-200x200.png 200w, https:\/\/kartysportowca.pl\/wp-content\/uploads\/2021\/09\/Tamara-Pielas-400x400.png 400w, https:\/\/kartysportowca.pl\/wp-content\/uploads\/2021\/09\/Tamara-Pielas-600x600.png 600w, https:\/\/kartysportowca.pl\/wp-content\/uploads\/2021\/09\/Tamara-Pielas-800x800.png 800w, https:\/\/kartysportowca.pl\/wp-content\/uploads\/2021\/09\/Tamara-Pielas-112x112.png 112w, https:\/\/kartysportowca.pl\/wp-content\/uploads\/2021\/09\/Tamara-Pielas.png 1080w\" sizes=\"(max-width: 132px) 100vw, 132px\" \/>Tamara Pielas\u00a0<span style=\"font-weight: 400;\">\u2013 certyfikowany psycholog sportu II klasy Polskiego Towarzystwa Psychologicznego. Absolwentka psychologii stosowanej Uniwersytetu Jagiello\u0144skiego oraz modu\u0142u specjalizacyjnego z psychologii sportu w ramach wsp\u00f3\u0142pracy z Akademi\u0105 Wychowania Fizycznego w Krakowie. Uko\u0144czy\u0142a kurs podstawowy i zaawansowany Terapii Skoncentrowanej na Rozwi\u0105zaniach. Obecnie wsp\u00f3\u0142pracuje z Akademi\u0105 Pi\u0142karsk\u0105 Wis\u0142y Krak\u00f3w i Reprezentacj\u0105 Polski w blindfootballu. Prowadzi tak\u017ce prywatn\u0105 praktyk\u0119: <a href=\"http:\/\/www.tamarapielas.pl\/\">www.tamarapielas.pl<\/a><\/span><br \/>\n<\/strong><\/p>\n<p>&nbsp;<\/p>\n<p>&nbsp;<\/p>\n<p><em>Op\u0142ata wpisowa podlega zwrotowi\u00a0w przypadku odwo\u0142ania lub prze\u0142o\u017cenia terminu szkolenia. W przypadku dokonania zapisu i nieuczestniczenia w szkoleniu, op\u0142ata nie podlega zwrotowi. <strong>Szkolenie\u00a0<span style=\"text-decoration: underline;\">nie<\/span> jest nagrywane.<\/strong><\/em><\/p>\n<p>&nbsp;<\/p>","protected":false},"excerpt":{"rendered":"<p><strong>TERMIN:<\/strong> 28 kwietnia (wtorek) w godzinach 19:30-21:00.<\/p>\n<p><strong>FORMU\u0141A ONLINE.<\/strong><\/p>\n<p>&nbsp;<\/p>\n<p><strong>Miejsce<\/strong>: Online, na platformie Zoom (link wy\u015blemy na e-mail podany w zam\u00f3wieniu, dzie\u0144 przed szkoleniem).<\/p>\n<p>&nbsp;<\/p>","protected":false},"featured_media":23046,"template":"","meta":{"site-sidebar-layout":"default","site-content-layout":"","ast-site-content-layout":"default","site-content-style":"default","site-sidebar-style":"default","ast-global-header-display":"","ast-banner-title-visibility":"","ast-main-header-display":"","ast-hfb-above-header-display":"","ast-hfb-below-header-display":"","ast-hfb-mobile-header-display":"","site-post-title":"","ast-breadcrumbs-content":"","ast-featured-img":"","footer-sml-layout":"","ast-disable-related-posts":"","theme-transparent-header-meta":"default","adv-header-id-meta":"","stick-header-meta":"","header-above-stick-meta":"","header-main-stick-meta":"","header-below-stick-meta":"","astra-migrate-meta-layouts":"set","ast-page-background-enabled":"default","ast-page-background-meta":{"desktop":{"background-color":"","background-image":"","background-repeat":"repeat","background-position":"center center","background-size":"auto","background-attachment":"scroll","background-type":"","background-media":"","overlay-type":"","overlay-color":"","overlay-opacity":"","overlay-gradient":""},"tablet":{"background-color":"","background-image":"","background-repeat":"repeat","background-position":"center center","background-size":"auto","background-attachment":"scroll","background-type":"","background-media":"","overlay-type":"","overlay-color":"","overlay-opacity":"","overlay-gradient":""},"mobile":{"background-color":"","background-image":"","background-repeat":"repeat","background-position":"center center","background-size":"auto","background-attachment":"scroll","background-type":"","background-media":"","overlay-type":"","overlay-color":"","overlay-opacity":"","overlay-gradient":""}},"ast-content-background-meta":{"desktop":{"background-color":"var(--ast-global-color-5)","background-image":"","background-repeat":"repeat","background-position":"center center","background-size":"auto","background-attachment":"scroll","background-type":"","background-media":"","overlay-type":"","overlay-color":"","overlay-opacity":"","overlay-gradient":""},"tablet":{"background-color":"var(--ast-global-color-5)","background-image":"","background-repeat":"repeat","background-position":"center center","background-size":"auto","background-attachment":"scroll","background-type":"","background-media":"","overlay-type":"","overlay-color":"","overlay-opacity":"","overlay-gradient":""},"mobile":{"background-color":"var(--ast-global-color-5)","background-image":"","background-repeat":"repeat","background-position":"center center","background-size":"auto","background-attachment":"scroll","background-type":"","background-media":"","overlay-type":"","overlay-color":"","overlay-opacity":"","overlay-gradient":""}}},"product_brand":[],"product_cat":[35,24],"product_tag":[25],"class_list":{"0":"post-23045","1":"product","2":"type-product","3":"status-publish","4":"has-post-thumbnail","6":"product_cat-szkolenia","7":"product_cat-szkolenie","8":"product_tag-szkolenie","9":"desktop-align-center","10":"tablet-align-left","11":"mobile-align-left","13":"first","14":"instock","15":"virtual","16":"purchasable","17":"product-type-simple"},"yoast_head":"<!-- This site is optimized with the Yoast SEO plugin v27.4 - https:\/\/yoast.com\/product\/yoast-seo-wordpress\/ -->\n<title>Szkolenie - podstawy treningu mentalnego<\/title>\n<meta name=\"description\" content=\"Do\u0142\u0105cz do szkolenia i dowiedz si\u0119, jak pracowa\u0107 ze swoimi zawodnikami nad ich mentalem: motywacj\u0105, radzeniem sobie ze stresem, pewno\u015bci\u0105 siebie.\" \/>\n<meta name=\"robots\" content=\"index, follow, max-snippet:-1, max-image-preview:large, max-video-preview:-1\" \/>\n<link rel=\"canonical\" href=\"https:\/\/kartysportowca.pl\/en\/product\/rodzice\/\" \/>\n<meta property=\"og:locale\" content=\"en_US\" \/>\n<meta property=\"og:type\" content=\"article\" \/>\n<meta property=\"og:title\" content=\"Szkolenie - podstawy treningu mentalnego\" \/>\n<meta property=\"og:description\" content=\"Do\u0142\u0105cz do szkolenia i dowiedz si\u0119, jak pracowa\u0107 ze swoimi zawodnikami nad ich mentalem: motywacj\u0105, radzeniem sobie ze stresem, pewno\u015bci\u0105 siebie.\" \/>\n<meta property=\"og:url\" content=\"https:\/\/kartysportowca.pl\/en\/product\/rodzice\/\" \/>\n<meta property=\"article:publisher\" content=\"https:\/\/www.facebook.com\/kartysportowca\" \/>\n<meta property=\"article:modified_time\" content=\"2026-02-19T13:28:59+00:00\" \/>\n<meta property=\"og:image\" content=\"https:\/\/kartysportowca.pl\/wp-content\/uploads\/2024\/01\/rodzice.png\" \/>\n\t<meta property=\"og:image:width\" content=\"1080\" \/>\n\t<meta property=\"og:image:height\" content=\"1080\" \/>\n\t<meta property=\"og:image:type\" content=\"image\/png\" \/>\n<meta name=\"twitter:card\" content=\"summary_large_image\" \/>\n<meta name=\"twitter:label1\" content=\"Est. reading time\" \/>\n\t<meta name=\"twitter:data1\" content=\"2 minutes\" \/>\n<script type=\"application\/ld+json\" class=\"yoast-schema-graph\">{\"@context\":\"https:\\\/\\\/schema.org\",\"@graph\":[{\"@type\":\"WebPage\",\"@id\":\"https:\\\/\\\/kartysportowca.pl\\\/produkt\\\/rodzice\\\/\",\"url\":\"https:\\\/\\\/kartysportowca.pl\\\/produkt\\\/rodzice\\\/\",\"name\":\"Szkolenie - podstawy treningu mentalnego\",\"isPartOf\":{\"@id\":\"https:\\\/\\\/kartysportowca.pl\\\/#website\"},\"primaryImageOfPage\":{\"@id\":\"https:\\\/\\\/kartysportowca.pl\\\/produkt\\\/rodzice\\\/#primaryimage\"},\"image\":{\"@id\":\"https:\\\/\\\/kartysportowca.pl\\\/produkt\\\/rodzice\\\/#primaryimage\"},\"thumbnailUrl\":\"https:\\\/\\\/kartysportowca.pl\\\/wp-content\\\/uploads\\\/2024\\\/01\\\/rodzice.png\",\"datePublished\":\"2024-01-30T10:11:18+00:00\",\"dateModified\":\"2026-02-19T13:28:59+00:00\",\"description\":\"Do\u0142\u0105cz do szkolenia i dowiedz si\u0119, jak pracowa\u0107 ze swoimi zawodnikami nad ich mentalem: motywacj\u0105, radzeniem sobie ze stresem, pewno\u015bci\u0105 siebie.\",\"breadcrumb\":{\"@id\":\"https:\\\/\\\/kartysportowca.pl\\\/produkt\\\/rodzice\\\/#breadcrumb\"},\"inLanguage\":\"en-US\",\"potentialAction\":[{\"@type\":\"ReadAction\",\"target\":[\"https:\\\/\\\/kartysportowca.pl\\\/produkt\\\/rodzice\\\/\"]}]},{\"@type\":\"ImageObject\",\"inLanguage\":\"en-US\",\"@id\":\"https:\\\/\\\/kartysportowca.pl\\\/produkt\\\/rodzice\\\/#primaryimage\",\"url\":\"https:\\\/\\\/kartysportowca.pl\\\/wp-content\\\/uploads\\\/2024\\\/01\\\/rodzice.png\",\"contentUrl\":\"https:\\\/\\\/kartysportowca.pl\\\/wp-content\\\/uploads\\\/2024\\\/01\\\/rodzice.png\",\"width\":1080,\"height\":1080,\"caption\":\"rodzic psychologia sportu\"},{\"@type\":\"BreadcrumbList\",\"@id\":\"https:\\\/\\\/kartysportowca.pl\\\/produkt\\\/rodzice\\\/#breadcrumb\",\"itemListElement\":[{\"@type\":\"ListItem\",\"position\":1,\"name\":\"Strona g\u0142\u00f3wna\",\"item\":\"https:\\\/\\\/kartysportowca.pl\\\/\"},{\"@type\":\"ListItem\",\"position\":2,\"name\":\"Sklep\",\"item\":\"https:\\\/\\\/kartysportowca.pl\\\/sklep\\\/\"},{\"@type\":\"ListItem\",\"position\":3,\"name\":\"Szkolenie &#8211; Wsp\u00f3\u0142praca psychologa sportu z rodzicem\"}]},{\"@type\":\"WebSite\",\"@id\":\"https:\\\/\\\/kartysportowca.pl\\\/#website\",\"url\":\"https:\\\/\\\/kartysportowca.pl\\\/\",\"name\":\"Karty Sportowca\",\"description\":\"\",\"publisher\":{\"@id\":\"https:\\\/\\\/kartysportowca.pl\\\/#organization\"},\"potentialAction\":[{\"@type\":\"SearchAction\",\"target\":{\"@type\":\"EntryPoint\",\"urlTemplate\":\"https:\\\/\\\/kartysportowca.pl\\\/?s={search_term_string}\"},\"query-input\":{\"@type\":\"PropertyValueSpecification\",\"valueRequired\":true,\"valueName\":\"search_term_string\"}}],\"inLanguage\":\"en-US\"},{\"@type\":\"Organization\",\"@id\":\"https:\\\/\\\/kartysportowca.pl\\\/#organization\",\"name\":\"Karty Sportowca\",\"url\":\"https:\\\/\\\/kartysportowca.pl\\\/\",\"logo\":{\"@type\":\"ImageObject\",\"inLanguage\":\"en-US\",\"@id\":\"https:\\\/\\\/kartysportowca.pl\\\/#\\\/schema\\\/logo\\\/image\\\/\",\"url\":\"https:\\\/\\\/kartysportowca.pl\\\/wp-content\\\/uploads\\\/2021\\\/03\\\/logo_karty_sportowca.png\",\"contentUrl\":\"https:\\\/\\\/kartysportowca.pl\\\/wp-content\\\/uploads\\\/2021\\\/03\\\/logo_karty_sportowca.png\",\"width\":800,\"height\":274,\"caption\":\"Karty Sportowca\"},\"image\":{\"@id\":\"https:\\\/\\\/kartysportowca.pl\\\/#\\\/schema\\\/logo\\\/image\\\/\"},\"sameAs\":[\"https:\\\/\\\/www.facebook.com\\\/kartysportowca\",\"https:\\\/\\\/www.instagram.com\\\/kartysportowca\\\/\",\"https:\\\/\\\/pl.linkedin.com\\\/company\\\/karty-sportowca\"]}]}<\/script>\n<!-- \/ Yoast SEO plugin. -->","yoast_head_json":{"title":"Szkolenie - podstawy treningu mentalnego","description":"Do\u0142\u0105cz do szkolenia i dowiedz si\u0119, jak pracowa\u0107 ze swoimi zawodnikami nad ich mentalem: motywacj\u0105, radzeniem sobie ze stresem, pewno\u015bci\u0105 siebie.","robots":{"index":"index","follow":"follow","max-snippet":"max-snippet:-1","max-image-preview":"max-image-preview:large","max-video-preview":"max-video-preview:-1"},"canonical":"https:\/\/kartysportowca.pl\/en\/product\/rodzice\/","og_locale":"en_US","og_type":"article","og_title":"Szkolenie - podstawy treningu mentalnego","og_description":"Do\u0142\u0105cz do szkolenia i dowiedz si\u0119, jak pracowa\u0107 ze swoimi zawodnikami nad ich mentalem: motywacj\u0105, radzeniem sobie ze stresem, pewno\u015bci\u0105 siebie.","og_url":"https:\/\/kartysportowca.pl\/en\/product\/rodzice\/","article_publisher":"https:\/\/www.facebook.com\/kartysportowca","article_modified_time":"2026-02-19T13:28:59+00:00","og_image":[{"width":1080,"height":1080,"url":"https:\/\/kartysportowca.pl\/wp-content\/uploads\/2024\/01\/rodzice.png","type":"image\/png"}],"twitter_card":"summary_large_image","twitter_misc":{"Est. reading time":"2 minutes"},"schema":{"@context":"https:\/\/schema.org","@graph":[{"@type":"WebPage","@id":"https:\/\/kartysportowca.pl\/produkt\/rodzice\/","url":"https:\/\/kartysportowca.pl\/produkt\/rodzice\/","name":"Szkolenie - podstawy treningu mentalnego","isPartOf":{"@id":"https:\/\/kartysportowca.pl\/#website"},"primaryImageOfPage":{"@id":"https:\/\/kartysportowca.pl\/produkt\/rodzice\/#primaryimage"},"image":{"@id":"https:\/\/kartysportowca.pl\/produkt\/rodzice\/#primaryimage"},"thumbnailUrl":"https:\/\/kartysportowca.pl\/wp-content\/uploads\/2024\/01\/rodzice.png","datePublished":"2024-01-30T10:11:18+00:00","dateModified":"2026-02-19T13:28:59+00:00","description":"Do\u0142\u0105cz do szkolenia i dowiedz si\u0119, jak pracowa\u0107 ze swoimi zawodnikami nad ich mentalem: motywacj\u0105, radzeniem sobie ze stresem, pewno\u015bci\u0105 siebie.","breadcrumb":{"@id":"https:\/\/kartysportowca.pl\/produkt\/rodzice\/#breadcrumb"},"inLanguage":"en-US","potentialAction":[{"@type":"ReadAction","target":["https:\/\/kartysportowca.pl\/produkt\/rodzice\/"]}]},{"@type":"ImageObject","inLanguage":"en-US","@id":"https:\/\/kartysportowca.pl\/produkt\/rodzice\/#primaryimage","url":"https:\/\/kartysportowca.pl\/wp-content\/uploads\/2024\/01\/rodzice.png","contentUrl":"https:\/\/kartysportowca.pl\/wp-content\/uploads\/2024\/01\/rodzice.png","width":1080,"height":1080,"caption":"rodzic psychologia sportu"},{"@type":"BreadcrumbList","@id":"https:\/\/kartysportowca.pl\/produkt\/rodzice\/#breadcrumb","itemListElement":[{"@type":"ListItem","position":1,"name":"Strona g\u0142\u00f3wna","item":"https:\/\/kartysportowca.pl\/"},{"@type":"ListItem","position":2,"name":"Sklep","item":"https:\/\/kartysportowca.pl\/sklep\/"},{"@type":"ListItem","position":3,"name":"Szkolenie &#8211; Wsp\u00f3\u0142praca psychologa sportu z rodzicem"}]},{"@type":"WebSite","@id":"https:\/\/kartysportowca.pl\/#website","url":"https:\/\/kartysportowca.pl\/","name":"Karty Sportowca","description":"","publisher":{"@id":"https:\/\/kartysportowca.pl\/#organization"},"potentialAction":[{"@type":"SearchAction","target":{"@type":"EntryPoint","urlTemplate":"https:\/\/kartysportowca.pl\/?s={search_term_string}"},"query-input":{"@type":"PropertyValueSpecification","valueRequired":true,"valueName":"search_term_string"}}],"inLanguage":"en-US"},{"@type":"Organization","@id":"https:\/\/kartysportowca.pl\/#organization","name":"Karty Sportowca","url":"https:\/\/kartysportowca.pl\/","logo":{"@type":"ImageObject","inLanguage":"en-US","@id":"https:\/\/kartysportowca.pl\/#\/schema\/logo\/image\/","url":"https:\/\/kartysportowca.pl\/wp-content\/uploads\/2021\/03\/logo_karty_sportowca.png","contentUrl":"https:\/\/kartysportowca.pl\/wp-content\/uploads\/2021\/03\/logo_karty_sportowca.png","width":800,"height":274,"caption":"Karty Sportowca"},"image":{"@id":"https:\/\/kartysportowca.pl\/#\/schema\/logo\/image\/"},"sameAs":["https:\/\/www.facebook.com\/kartysportowca","https:\/\/www.instagram.com\/kartysportowca\/","https:\/\/pl.linkedin.com\/company\/karty-sportowca"]}]}},"_links":{"self":[{"href":"https:\/\/kartysportowca.pl\/en\/wp-json\/wp\/v2\/product\/23045","targetHints":{"allow":["GET"]}}],"collection":[{"href":"https:\/\/kartysportowca.pl\/en\/wp-json\/wp\/v2\/product"}],"about":[{"href":"https:\/\/kartysportowca.pl\/en\/wp-json\/wp\/v2\/types\/product"}],"wp:featuredmedia":[{"embeddable":true,"href":"https:\/\/kartysportowca.pl\/en\/wp-json\/wp\/v2\/media\/23046"}],"wp:attachment":[{"href":"https:\/\/kartysportowca.pl\/en\/wp-json\/wp\/v2\/media?parent=23045"}],"wp:term":[{"taxonomy":"product_brand","embeddable":true,"href":"https:\/\/kartysportowca.pl\/en\/wp-json\/wp\/v2\/product_brand?post=23045"},{"taxonomy":"product_cat","embeddable":true,"href":"https:\/\/kartysportowca.pl\/en\/wp-json\/wp\/v2\/product_cat?post=23045"},{"taxonomy":"product_tag","embeddable":true,"href":"https:\/\/kartysportowca.pl\/en\/wp-json\/wp\/v2\/product_tag?post=23045"}],"curies":[{"name":"wp","href":"https:\/\/api.w.org\/{rel}","templated":true}]}}