{"id":24074,"date":"2025-01-07T10:34:56","date_gmt":"2025-01-07T09:34:56","guid":{"rendered":"https:\/\/kartysportowca.pl\/?post_type=product&#038;p=24074"},"modified":"2026-02-22T16:31:33","modified_gmt":"2026-02-22T15:31:33","slug":"start","status":"publish","type":"product","link":"https:\/\/kartysportowca.pl\/en\/product\/start\/","title":{"rendered":"ABC psychologii sportu &#8211; kurs dla student\u00f3w i m\u0142odych psycholog\u00f3w"},"content":{"rendered":"<p><strong>Terminy i tematy poszczeg\u00f3lnych spotka\u0144 (spotykamy si\u0119 zawsze we wtorki o godzinie 19:30):<\/strong><\/p>\n<p><strong>SPOTKANIE 1: 10 marca, 19:30-21:30 &#8211; dr Zuzanna Gazdowska: <span style=\"text-decoration: underline;\">Pierwsze kroki w zawodzie psychologa sportu, budowanie marki osobistej<\/span> &#8211;<\/strong>\u00a0jak zebra\u0107 do\u015bwiadczenie, w jaki spos\u00f3b znale\u017a\u0107 pierwszych klient\u00f3w, mo\u017cliwe \u015bcie\u017cki rozwoju zawodowego w obszarze psychologii sportu, metody skutecznego budowania marki osobistej, sposoby tworzenia w\u0142asnej oferty, jak dba\u0107 o w\u0142asny rozw\u00f3j zawodowy i osobisty.<\/p>\n<p><strong>SPOTKANIE 2: 17 marca, 19:30-21:30 &#8211; Monika Hamerska:<\/strong> <span style=\"text-decoration: underline;\"><strong>Praca indywidualna<\/strong><\/span> &#8211; jak bada\u0107 potrzeby klienta indywidualnego, konceptualizacja przypadku klienta &#8211; z u\u017cyciem jakich technik pracowa\u0107, jak powinna wygl\u0105da\u0107 struktura sesji w gabinecie stacjonarnie oraz online, sk\u0105d czerpa\u0107 inspiracje do pracy, jak ocenia\u0107 skuteczno\u015b\u0107 wsp\u00f3\u0142pracy.<\/p>\n<p><strong>SPOTKANIE 3: 24 marca, 19:30-21:00 &#8211; Jagoda Gr\u0119\u017alikowska: <span style=\"text-decoration: underline;\">Praca warsztatowa z grup\u0105<\/span><\/strong> &#8211;\u00a0w jaki spos\u00f3b okre\u015bli\u0107 potrzeby grupy, jak zaplanowa\u0107 prac\u0119 z grup\u0105 &#8211; w kr\u00f3tko i d\u0142ugoterminowej wsp\u00f3\u0142pracy, jak projektowa\u0107 warsztaty, dopasowanie tre\u015bci i metod do mo\u017cliwo\u015bci grupy, przyk\u0142ady narz\u0119dzi i \u0107wicze\u0144, mo\u017cliwe sytuacje trudne oraz sposoby reagowania, uzyskiwanie informacji zwrotnych i ewaluacja skuteczno\u015bci zaj\u0119\u0107.<\/p>\n<p><strong>SPOTKANIE 4: 31 marca, 19:30-21:00 &#8211; Tamara Pielas:<\/strong> <span style=\"text-decoration: underline;\"><strong>Praca z dzie\u0107mi<\/strong><\/span> &#8211; o czym pami\u0119ta\u0107 przyjmuj\u0105c w gabinecie dziecko, jak realizowa\u0107 grupowe warsztaty dla os\u00f3b niepe\u0142noletnich, jak konceptualizowa\u0107 przypadek klienta niepe\u0142noletniego, jak ustala\u0107 cele dalszej pracy, regulamin i regu\u0142y pracy, co wzi\u0105\u0107 pod uwag\u0119 dobieraj\u0105c tematyk\u0119 i tre\u015b\u0107 zaj\u0119\u0107, narz\u0119dzia i techniki pracy nad motywacj\u0105, pewno\u015bci\u0105 siebie, radzeniem sobie ze stresem u dzieci, dobre praktyki je\u015bli chodzi o wsp\u00f3\u0142prac\u0119 z rodzicami, aspekty etyczne pracy z zawodnikiem niepe\u0142noletnim.<\/p>\n<p><strong>SPOTKANIE 5: 7 kwietnia, 19:30-21:00 &#8211; <span style=\"color: #339966;\">Alicja Nowicka<\/span>: <span style=\"text-decoration: underline;\">Praca z kadr\u0105 narodow\u0105 i zawodnikami wysokiego wyczynu w czasie imprez mistrzowskich <span style=\"color: #339966; text-decoration: underline;\">na przyk\u0142adzie Zimowych Igrzysk Olimpijskich Mediolan-Cortina 2026<\/span><\/span><\/strong>\u00a0&#8211; jak przebiega wsp\u00f3\u0142praca z kadr\u0105 narodow\u0105 krok po kroku, jak cz\u0119sto mamy styczno\u015b\u0107 z zawodnikami, dzie\u0144 z \u017cycia psychologa kadry narodowej, jakiego rodzaju us\u0142ugi \u015bwiadczymy na miejscu, na zgrupowaniach, kadrowych wyjazdach, czy praca z kadr\u0105 to przede wszystkim praca indywidualna z zawodnikami, czy z ca\u0142\u0105 dru\u017cyn\u0105, jak oceniamy potrzeby zawodnik\u00f3w i efekty naszych dzia\u0142a\u0144, schemat przygotowa\u0144 do najwa\u017cniejszych imprez sportowych, specyfika pracy psychologa sportu w czasie imprez mistrzowskich, Igrzysk Olimpijskich.<\/p>\n<p><strong>SPOTKANIE 6: 14 kwietnia, 19:30-21:30 &#8211; Tamara Pielas &amp; <span style=\"color: #339966;\">Karolina Baran<\/span>: <span style=\"text-decoration: underline;\">Wsp\u00f3\u0142praca z klubem\/akademi\u0105 sportow\u0105 oraz praca psychologa sportu w szkole<\/span><\/strong> &#8211; z<span style=\"font-size: 16px;\"> kim pracujemy b\u0119d\u0105c psychologiem w klubie lub akademii, jak mo\u017ce wygl\u0105da\u0107 wsp\u00f3\u0142praca z zawodnikami, a jak relacje z trenerami, jak m\u0105drze korzysta\u0107 z mo\u017cliwo\u015bci pracy w kontek\u015bcie klubowym zawodnika. <span class=\"JsGRdQ\">Jak rozpocz\u0105\u0107 prac\u0119 w szkole mistrzostwa sportowego\/szkole sportowej, jak wygl\u0105daj\u0105 obowi\u0105zki psychologa sportu w plac\u00f3wce o\u015bwiatowej, przyk\u0142adowy dzie\u0144 z \u017cycia w szkole, jak wdra\u017ca\u0107 elementy psychoedukacji i psychologii og\u00f3lnej w pracy z aspiruj\u0105cymi zawodnikami, wsp\u00f3\u0142praca z kadr\u0105 nauczycielsk\u0105, psychologiem og\u00f3lnym, pedagogiem.<\/span><\/span><\/p>\n<p><strong>SPOTKANIE 7: <\/strong><strong>21 kwietnia, 19:30-21:30 &#8211; dr Zuzanna Gazdowska &amp; Monika Hamerska<\/strong><strong>:\u00a0<span style=\"text-decoration: underline;\">Sesja superwizyjna<\/span><\/strong> &#8211; w ramach tego spotkania popracujemy na Waszych przyk\u0142adach, case&#8217;ach z pracy &#8211; b\u0119dzie mo\u017cliwo\u015b\u0107 skonsultowania Waszych plan\u00f3w rozwoju, projekt\u00f3w ofert, czy scenariuszy warsztat\u00f3w, porozmawiania o tym, jak pracujecie, w jaki spos\u00f3b pokierowa\u0107 wsp\u00f3\u0142prac\u0105 indywidualn\u0105 z Waszym klientem. B\u0119dzie to spotkanie szyte na miar\u0119 i odpowiadaj\u0105ce Waszym potrzebom, umo\u017cliwiaj\u0105ce Wam efektywny start w zawodzie psychologa sportu.<\/p>\n<p>&nbsp;<\/p>\n<p><strong>Co otrzymuj\u0119 w tej cenie?<\/strong><\/p>\n<ul>\n<li style=\"font-weight: 400;\"><strong>Praktyczn\u0105 wiedz\u0119 dotycz\u0105c\u0105 r\u00f3\u017cnych obszar\u00f3w pracy psychologa sportu,<\/strong><\/li>\n<li style=\"font-weight: 400;\"><strong>Konkretne wskaz\u00f3wki, kt\u00f3re zastosujesz w swojej pracy zawodowej,<\/strong><\/li>\n<li><strong>Perspektyw\u0119 specjalist\u00f3w w dziedzinie psychologii sportu,<\/strong><\/li>\n<li><strong>Materia\u0142y z podsumowaniem spotka\u0144,<\/strong><\/li>\n<li style=\"font-weight: 400;\"><strong>Mo\u017cliwo\u015b\u0107 wzi\u0119cia udzia\u0142u w dyskusji, podzielenia si\u0119 swoimi obawami, skonfrontowania oczekiwa\u0144 co do pracy ze stanem faktycznym,<\/strong><\/li>\n<li><strong>Dost\u0119p do zamkni\u0119tej grupy wsparcia dla uczestnik\u00f3w kursu,<\/strong><\/li>\n<li><strong>Wsparcie specjalist\u00f3w prowadz\u0105cych zaj\u0119cia,<\/strong><\/li>\n<li><strong>Sesj\u0119 superwizyjn\u0105,<\/strong><\/li>\n<li><strong>Certyfikat potwierdzaj\u0105cy udzia\u0142 w kursie.<\/strong><\/li>\n<\/ul>\n<p>&nbsp;<\/p>\n<p>Dzi\u0119ki kameralnej strukturze zaj\u0119\u0107, b\u0119dziesz m\u00f3g\u0142\/mog\u0142a dopyta\u0107 ka\u017cdego ze specjalist\u00f3w i rozja\u015bni\u0107 wszelkie posiadane w\u0105tpliwo\u015bci!<\/p>\n<p>&nbsp;<\/p>\n<p>&nbsp;<\/p>\n<p>&nbsp;<\/p>\n<p><em>Op\u0142ata wpisowa podlega zwrotowi\u00a0w przypadku odwo\u0142ania lub prze\u0142o\u017cenia terminu szkolenia. W przypadku dokonania zapisu i nieuczestniczenia w szkoleniu, op\u0142ata nie podlega zwrotowi. Szkolenie nie jest nagrywane.<\/em><\/p>","protected":false},"excerpt":{"rendered":"<p><strong>Zapraszamy Ci\u0119 na nasz\u0105 seri\u0119 7 cotygodniowych spotka\u0144 online z psychologami sportu!<\/strong><\/p>\n<p>W ich trakcie zdob\u0119dziesz przydatn\u0105 wiedz\u0119 praktyczn\u0105 co do rozwoju swojej kariery, pracy indywidualnej i grupowej, z r\u00f3\u017cnymi grupami wiekowymi. Dowiesz si\u0119, jak poprawnie zdiagnozowa\u0107 potrzeby klienta, jak skonstruowa\u0107 warsztat psychologiczny. Opowiemy Ci o tym, jak wygl\u0105da praca z kadr\u0105 narodow\u0105, jak pracowa\u0107 w sportowej akademii jako cz\u0142onek sztabu &#8211; w porozumieniu z trenerami. Om\u00f3wimy te\u017c specyfik\u0119 pracy w szkole sportowej.<strong> Dodatkowo mamy dla Ciebie super niespodziank\u0119 &#8211; Alicja Nowicka, kt\u00f3ra w tym momencie przebywa na Zimowych Igrzyskach Olimpijskich, opowie o realiach pracy na tak du\u017cej imprezie i podzieli si\u0119 swoim do\u015bwiadczeniem z W\u0142och.<\/strong><\/p>\n<p>Ka\u017cde spotkanie to mn\u00f3stwo inspiracji i praktycznych wskaz\u00f3wek oraz podsumowanie zaj\u0119\u0107 w PDF. Po uko\u0144czeniu kursu otrzymujesz od nas certyfikat po\u015bwiadczaj\u0105cy zdobyt\u0105 wiedz\u0119!<\/p>\n<p><strong>Zaj\u0119cia odbywaj\u0105 si\u0119 we wtorki o 19:30, trwaj\u0105 90\/120 minut, w zale\u017cno\u015bci od tematyki.<\/strong><\/p>\n<p>&nbsp;<\/p>\n<p><strong>Istnieje mo\u017cliwo\u015b\u0107 p\u0142atno\u015bci w ratach lub uzyskania faktury z odroczon\u0105 p\u0142atno\u015bci\u0105 &#8211; w tej sprawie prosimy o kontakt mailowy &#8211; kontakt@kartysportowca.pl<\/strong><\/p>","protected":false},"featured_media":24876,"template":"","meta":{"site-sidebar-layout":"default","site-content-layout":"","ast-site-content-layout":"default","site-content-style":"default","site-sidebar-style":"default","ast-global-header-display":"","ast-banner-title-visibility":"","ast-main-header-display":"","ast-hfb-above-header-display":"","ast-hfb-below-header-display":"","ast-hfb-mobile-header-display":"","site-post-title":"","ast-breadcrumbs-content":"","ast-featured-img":"","footer-sml-layout":"","ast-disable-related-posts":"","theme-transparent-header-meta":"default","adv-header-id-meta":"","stick-header-meta":"","header-above-stick-meta":"","header-main-stick-meta":"","header-below-stick-meta":"","astra-migrate-meta-layouts":"set","ast-page-background-enabled":"default","ast-page-background-meta":{"desktop":{"background-color":"","background-image":"","background-repeat":"repeat","background-position":"center center","background-size":"auto","background-attachment":"scroll","background-type":"","background-media":"","overlay-type":"","overlay-color":"","overlay-opacity":"","overlay-gradient":""},"tablet":{"background-color":"","background-image":"","background-repeat":"repeat","background-position":"center center","background-size":"auto","background-attachment":"scroll","background-type":"","background-media":"","overlay-type":"","overlay-color":"","overlay-opacity":"","overlay-gradient":""},"mobile":{"background-color":"","background-image":"","background-repeat":"repeat","background-position":"center center","background-size":"auto","background-attachment":"scroll","background-type":"","background-media":"","overlay-type":"","overlay-color":"","overlay-opacity":"","overlay-gradient":""}},"ast-content-background-meta":{"desktop":{"background-color":"var(--ast-global-color-5)","background-image":"","background-repeat":"repeat","background-position":"center center","background-size":"auto","background-attachment":"scroll","background-type":"","background-media":"","overlay-type":"","overlay-color":"","overlay-opacity":"","overlay-gradient":""},"tablet":{"background-color":"var(--ast-global-color-5)","background-image":"","background-repeat":"repeat","background-position":"center center","background-size":"auto","background-attachment":"scroll","background-type":"","background-media":"","overlay-type":"","overlay-color":"","overlay-opacity":"","overlay-gradient":""},"mobile":{"background-color":"var(--ast-global-color-5)","background-image":"","background-repeat":"repeat","background-position":"center center","background-size":"auto","background-attachment":"scroll","background-type":"","background-media":"","overlay-type":"","overlay-color":"","overlay-opacity":"","overlay-gradient":""}}},"product_brand":[],"product_cat":[35,24],"product_tag":[25],"class_list":{"0":"post-24074","1":"product","2":"type-product","3":"status-publish","4":"has-post-thumbnail","6":"product_cat-szkolenia","7":"product_cat-szkolenie","8":"product_tag-szkolenie","9":"desktop-align-center","10":"tablet-align-left","11":"mobile-align-left","13":"first","14":"instock","15":"featured","16":"virtual","17":"purchasable","18":"product-type-simple"},"yoast_head":"<!-- This site is optimized with the Yoast SEO plugin v27.4 - https:\/\/yoast.com\/product\/yoast-seo-wordpress\/ -->\n<title>ABC Psychologii Sportu - kurs online<\/title>\n<meta name=\"description\" content=\"Kurs dla m\u0142odych psycholog\u00f3w sportu i student\u00f3w, w czasie kt\u00f3rego poka\u017cemy Ci konkretne techniki u\u017cyteczne w pracy zawodowej.\" \/>\n<meta name=\"robots\" content=\"index, follow, max-snippet:-1, max-image-preview:large, max-video-preview:-1\" \/>\n<link rel=\"canonical\" href=\"https:\/\/kartysportowca.pl\/en\/product\/start\/\" \/>\n<meta property=\"og:locale\" content=\"en_US\" \/>\n<meta property=\"og:type\" content=\"article\" \/>\n<meta property=\"og:title\" content=\"ABC Psychologii Sportu - kurs online\" \/>\n<meta property=\"og:description\" content=\"Kurs dla m\u0142odych psycholog\u00f3w sportu i student\u00f3w, w czasie kt\u00f3rego poka\u017cemy Ci konkretne techniki u\u017cyteczne w pracy zawodowej.\" \/>\n<meta property=\"og:url\" content=\"https:\/\/kartysportowca.pl\/en\/product\/start\/\" \/>\n<meta property=\"article:publisher\" content=\"https:\/\/www.facebook.com\/kartysportowca\" \/>\n<meta property=\"article:modified_time\" content=\"2026-02-22T15:31:33+00:00\" \/>\n<meta property=\"og:image\" content=\"https:\/\/kartysportowca.pl\/wp-content\/uploads\/2025\/08\/abc-psychologii-sportu.png\" \/>\n\t<meta property=\"og:image:width\" content=\"1080\" \/>\n\t<meta property=\"og:image:height\" content=\"1080\" \/>\n\t<meta property=\"og:image:type\" content=\"image\/png\" \/>\n<meta name=\"twitter:card\" content=\"summary_large_image\" \/>\n<meta name=\"twitter:label1\" content=\"Est. reading time\" \/>\n\t<meta name=\"twitter:data1\" content=\"4 minutes\" \/>\n<script type=\"application\/ld+json\" class=\"yoast-schema-graph\">{\"@context\":\"https:\\\/\\\/schema.org\",\"@graph\":[{\"@type\":\"WebPage\",\"@id\":\"https:\\\/\\\/kartysportowca.pl\\\/produkt\\\/start\\\/\",\"url\":\"https:\\\/\\\/kartysportowca.pl\\\/produkt\\\/start\\\/\",\"name\":\"ABC Psychologii Sportu - kurs online\",\"isPartOf\":{\"@id\":\"https:\\\/\\\/kartysportowca.pl\\\/#website\"},\"primaryImageOfPage\":{\"@id\":\"https:\\\/\\\/kartysportowca.pl\\\/produkt\\\/start\\\/#primaryimage\"},\"image\":{\"@id\":\"https:\\\/\\\/kartysportowca.pl\\\/produkt\\\/start\\\/#primaryimage\"},\"thumbnailUrl\":\"https:\\\/\\\/kartysportowca.pl\\\/wp-content\\\/uploads\\\/2025\\\/08\\\/abc-psychologii-sportu.png\",\"datePublished\":\"2025-01-07T09:34:56+00:00\",\"dateModified\":\"2026-02-22T15:31:33+00:00\",\"description\":\"Kurs dla m\u0142odych psycholog\u00f3w sportu i student\u00f3w, w czasie kt\u00f3rego poka\u017cemy Ci konkretne techniki u\u017cyteczne w pracy zawodowej.\",\"breadcrumb\":{\"@id\":\"https:\\\/\\\/kartysportowca.pl\\\/produkt\\\/start\\\/#breadcrumb\"},\"inLanguage\":\"en-US\",\"potentialAction\":[{\"@type\":\"ReadAction\",\"target\":[\"https:\\\/\\\/kartysportowca.pl\\\/produkt\\\/start\\\/\"]}]},{\"@type\":\"ImageObject\",\"inLanguage\":\"en-US\",\"@id\":\"https:\\\/\\\/kartysportowca.pl\\\/produkt\\\/start\\\/#primaryimage\",\"url\":\"https:\\\/\\\/kartysportowca.pl\\\/wp-content\\\/uploads\\\/2025\\\/08\\\/abc-psychologii-sportu.png\",\"contentUrl\":\"https:\\\/\\\/kartysportowca.pl\\\/wp-content\\\/uploads\\\/2025\\\/08\\\/abc-psychologii-sportu.png\",\"width\":1080,\"height\":1080},{\"@type\":\"BreadcrumbList\",\"@id\":\"https:\\\/\\\/kartysportowca.pl\\\/produkt\\\/start\\\/#breadcrumb\",\"itemListElement\":[{\"@type\":\"ListItem\",\"position\":1,\"name\":\"Strona g\u0142\u00f3wna\",\"item\":\"https:\\\/\\\/kartysportowca.pl\\\/\"},{\"@type\":\"ListItem\",\"position\":2,\"name\":\"Sklep\",\"item\":\"https:\\\/\\\/kartysportowca.pl\\\/sklep\\\/\"},{\"@type\":\"ListItem\",\"position\":3,\"name\":\"ABC psychologii sportu &#8211; kurs dla student\u00f3w i m\u0142odych psycholog\u00f3w\"}]},{\"@type\":\"WebSite\",\"@id\":\"https:\\\/\\\/kartysportowca.pl\\\/#website\",\"url\":\"https:\\\/\\\/kartysportowca.pl\\\/\",\"name\":\"Karty Sportowca\",\"description\":\"\",\"publisher\":{\"@id\":\"https:\\\/\\\/kartysportowca.pl\\\/#organization\"},\"potentialAction\":[{\"@type\":\"SearchAction\",\"target\":{\"@type\":\"EntryPoint\",\"urlTemplate\":\"https:\\\/\\\/kartysportowca.pl\\\/?s={search_term_string}\"},\"query-input\":{\"@type\":\"PropertyValueSpecification\",\"valueRequired\":true,\"valueName\":\"search_term_string\"}}],\"inLanguage\":\"en-US\"},{\"@type\":\"Organization\",\"@id\":\"https:\\\/\\\/kartysportowca.pl\\\/#organization\",\"name\":\"Karty Sportowca\",\"url\":\"https:\\\/\\\/kartysportowca.pl\\\/\",\"logo\":{\"@type\":\"ImageObject\",\"inLanguage\":\"en-US\",\"@id\":\"https:\\\/\\\/kartysportowca.pl\\\/#\\\/schema\\\/logo\\\/image\\\/\",\"url\":\"https:\\\/\\\/kartysportowca.pl\\\/wp-content\\\/uploads\\\/2021\\\/03\\\/logo_karty_sportowca.png\",\"contentUrl\":\"https:\\\/\\\/kartysportowca.pl\\\/wp-content\\\/uploads\\\/2021\\\/03\\\/logo_karty_sportowca.png\",\"width\":800,\"height\":274,\"caption\":\"Karty Sportowca\"},\"image\":{\"@id\":\"https:\\\/\\\/kartysportowca.pl\\\/#\\\/schema\\\/logo\\\/image\\\/\"},\"sameAs\":[\"https:\\\/\\\/www.facebook.com\\\/kartysportowca\",\"https:\\\/\\\/www.instagram.com\\\/kartysportowca\\\/\",\"https:\\\/\\\/pl.linkedin.com\\\/company\\\/karty-sportowca\"]}]}<\/script>\n<!-- \/ Yoast SEO plugin. -->","yoast_head_json":{"title":"ABC Psychologii Sportu - kurs online","description":"Kurs dla m\u0142odych psycholog\u00f3w sportu i student\u00f3w, w czasie kt\u00f3rego poka\u017cemy Ci konkretne techniki u\u017cyteczne w pracy zawodowej.","robots":{"index":"index","follow":"follow","max-snippet":"max-snippet:-1","max-image-preview":"max-image-preview:large","max-video-preview":"max-video-preview:-1"},"canonical":"https:\/\/kartysportowca.pl\/en\/product\/start\/","og_locale":"en_US","og_type":"article","og_title":"ABC Psychologii Sportu - kurs online","og_description":"Kurs dla m\u0142odych psycholog\u00f3w sportu i student\u00f3w, w czasie kt\u00f3rego poka\u017cemy Ci konkretne techniki u\u017cyteczne w pracy zawodowej.","og_url":"https:\/\/kartysportowca.pl\/en\/product\/start\/","article_publisher":"https:\/\/www.facebook.com\/kartysportowca","article_modified_time":"2026-02-22T15:31:33+00:00","og_image":[{"width":1080,"height":1080,"url":"https:\/\/kartysportowca.pl\/wp-content\/uploads\/2025\/08\/abc-psychologii-sportu.png","type":"image\/png"}],"twitter_card":"summary_large_image","twitter_misc":{"Est. reading time":"4 minutes"},"schema":{"@context":"https:\/\/schema.org","@graph":[{"@type":"WebPage","@id":"https:\/\/kartysportowca.pl\/produkt\/start\/","url":"https:\/\/kartysportowca.pl\/produkt\/start\/","name":"ABC Psychologii Sportu - kurs online","isPartOf":{"@id":"https:\/\/kartysportowca.pl\/#website"},"primaryImageOfPage":{"@id":"https:\/\/kartysportowca.pl\/produkt\/start\/#primaryimage"},"image":{"@id":"https:\/\/kartysportowca.pl\/produkt\/start\/#primaryimage"},"thumbnailUrl":"https:\/\/kartysportowca.pl\/wp-content\/uploads\/2025\/08\/abc-psychologii-sportu.png","datePublished":"2025-01-07T09:34:56+00:00","dateModified":"2026-02-22T15:31:33+00:00","description":"Kurs dla m\u0142odych psycholog\u00f3w sportu i student\u00f3w, w czasie kt\u00f3rego poka\u017cemy Ci konkretne techniki u\u017cyteczne w pracy zawodowej.","breadcrumb":{"@id":"https:\/\/kartysportowca.pl\/produkt\/start\/#breadcrumb"},"inLanguage":"en-US","potentialAction":[{"@type":"ReadAction","target":["https:\/\/kartysportowca.pl\/produkt\/start\/"]}]},{"@type":"ImageObject","inLanguage":"en-US","@id":"https:\/\/kartysportowca.pl\/produkt\/start\/#primaryimage","url":"https:\/\/kartysportowca.pl\/wp-content\/uploads\/2025\/08\/abc-psychologii-sportu.png","contentUrl":"https:\/\/kartysportowca.pl\/wp-content\/uploads\/2025\/08\/abc-psychologii-sportu.png","width":1080,"height":1080},{"@type":"BreadcrumbList","@id":"https:\/\/kartysportowca.pl\/produkt\/start\/#breadcrumb","itemListElement":[{"@type":"ListItem","position":1,"name":"Strona g\u0142\u00f3wna","item":"https:\/\/kartysportowca.pl\/"},{"@type":"ListItem","position":2,"name":"Sklep","item":"https:\/\/kartysportowca.pl\/sklep\/"},{"@type":"ListItem","position":3,"name":"ABC psychologii sportu &#8211; kurs dla student\u00f3w i m\u0142odych psycholog\u00f3w"}]},{"@type":"WebSite","@id":"https:\/\/kartysportowca.pl\/#website","url":"https:\/\/kartysportowca.pl\/","name":"Karty Sportowca","description":"","publisher":{"@id":"https:\/\/kartysportowca.pl\/#organization"},"potentialAction":[{"@type":"SearchAction","target":{"@type":"EntryPoint","urlTemplate":"https:\/\/kartysportowca.pl\/?s={search_term_string}"},"query-input":{"@type":"PropertyValueSpecification","valueRequired":true,"valueName":"search_term_string"}}],"inLanguage":"en-US"},{"@type":"Organization","@id":"https:\/\/kartysportowca.pl\/#organization","name":"Karty Sportowca","url":"https:\/\/kartysportowca.pl\/","logo":{"@type":"ImageObject","inLanguage":"en-US","@id":"https:\/\/kartysportowca.pl\/#\/schema\/logo\/image\/","url":"https:\/\/kartysportowca.pl\/wp-content\/uploads\/2021\/03\/logo_karty_sportowca.png","contentUrl":"https:\/\/kartysportowca.pl\/wp-content\/uploads\/2021\/03\/logo_karty_sportowca.png","width":800,"height":274,"caption":"Karty Sportowca"},"image":{"@id":"https:\/\/kartysportowca.pl\/#\/schema\/logo\/image\/"},"sameAs":["https:\/\/www.facebook.com\/kartysportowca","https:\/\/www.instagram.com\/kartysportowca\/","https:\/\/pl.linkedin.com\/company\/karty-sportowca"]}]}},"_links":{"self":[{"href":"https:\/\/kartysportowca.pl\/en\/wp-json\/wp\/v2\/product\/24074","targetHints":{"allow":["GET"]}}],"collection":[{"href":"https:\/\/kartysportowca.pl\/en\/wp-json\/wp\/v2\/product"}],"about":[{"href":"https:\/\/kartysportowca.pl\/en\/wp-json\/wp\/v2\/types\/product"}],"wp:featuredmedia":[{"embeddable":true,"href":"https:\/\/kartysportowca.pl\/en\/wp-json\/wp\/v2\/media\/24876"}],"wp:attachment":[{"href":"https:\/\/kartysportowca.pl\/en\/wp-json\/wp\/v2\/media?parent=24074"}],"wp:term":[{"taxonomy":"product_brand","embeddable":true,"href":"https:\/\/kartysportowca.pl\/en\/wp-json\/wp\/v2\/product_brand?post=24074"},{"taxonomy":"product_cat","embeddable":true,"href":"https:\/\/kartysportowca.pl\/en\/wp-json\/wp\/v2\/product_cat?post=24074"},{"taxonomy":"product_tag","embeddable":true,"href":"https:\/\/kartysportowca.pl\/en\/wp-json\/wp\/v2\/product_tag?post=24074"}],"curies":[{"name":"wp","href":"https:\/\/api.w.org\/{rel}","templated":true}]}}