{"id":24790,"date":"2025-07-31T19:27:28","date_gmt":"2025-07-31T17:27:28","guid":{"rendered":"https:\/\/kartysportowca.pl\/?post_type=product&#038;p=24790"},"modified":"2026-04-14T15:54:40","modified_gmt":"2026-04-14T13:54:40","slug":"karty-emocjonalne-1","status":"publish","type":"product","link":"https:\/\/kartysportowca.pl\/en\/product\/karty-emocjonalne-1\/","title":{"rendered":"Karty Emocjonalne &#8211; Rado\u015b\u0107 Smutek Strach Zazdro\u015b\u0107 Z\u0142o\u015b\u0107"},"content":{"rendered":"<p><strong>Jak wykorzystasz te karty?<\/strong><\/p>\n<ul>\n<li>Mo\u017cesz roz\u0142o\u017cy\u0107 karty rewersem do g\u00f3ry niczym plansz\u0119, za pomoc\u0105 pionk\u00f3w i kostki porusza\u0107 si\u0119 po nich i odkrywa\u0107 pytania (w zestawie jest karta oznaczona START\/META).<\/li>\n<li>Podobnie jak Karty Sportowca &#8211; mo\u017cesz losowa\u0107 karty i rozmawia\u0107 na poruszone na nich tematy.<\/li>\n<\/ul>\n<p><strong>Przyk\u0142adowe tre\u015bci:<\/strong><\/p>\n<p><strong>RADO\u015a\u0106<\/strong> &#8211; Poka\u017c na swoim ciele, gdzie odczuwasz rado\u015b\u0107<\/p>\n<p><strong>SMUTEK<\/strong> &#8211; Podaj przyk\u0142ady s\u0142\u00f3w, wypowiedzi, po kt\u00f3rych mo\u017cesz wnioskowa\u0107, \u017ce Twoi najbli\u017csi odczuwaj\u0105 smutek<\/p>\n<p><strong>STRACH<\/strong> &#8211; Czy nasz strach mo\u017ce by\u0107 mobilizuj\u0105cy? W jakich sytuacjach?<\/p>\n<p><strong>ZAZDRO\u015a\u0106<\/strong> &#8211; Po czym rozpoznasz, \u017ce posta\u0107 przedstawiona w filmie\/ksi\u0105\u017cce jest zazdrosna\/y?<\/p>\n<p><strong>Z\u0141O\u015a\u0106<\/strong> &#8211; Podaj przyk\u0142ady, po czym rozpoznasz, \u017ce film lub piosenka s\u0105 otoczone emocjami z\u0142o\u015bci.<\/p>","protected":false},"excerpt":{"rendered":"<p>Zestaw 46 kart z pytaniami i zadaniami wspieraj\u0105cymi dzieci w zrozumieniu i akceptacji emocji. Ka\u017cda emocja posiada sw\u00f3j unikalny zestaw kart.<\/p>\n<p><strong>W tym zestawie znajdziesz karty dotycz\u0105ce: rado\u015bci, smutku, strachu, zazdro\u015bci, z\u0142o\u015bci.<\/strong><\/p>\n<p>Karty sprawdz\u0105 si\u0119 doskonale w pracy z dzie\u0107mi!<\/p>","protected":false},"featured_media":26684,"template":"","meta":{"site-sidebar-layout":"default","site-content-layout":"","ast-site-content-layout":"default","site-content-style":"default","site-sidebar-style":"default","ast-global-header-display":"","ast-banner-title-visibility":"","ast-main-header-display":"","ast-hfb-above-header-display":"","ast-hfb-below-header-display":"","ast-hfb-mobile-header-display":"","site-post-title":"","ast-breadcrumbs-content":"","ast-featured-img":"","footer-sml-layout":"","ast-disable-related-posts":"","theme-transparent-header-meta":"default","adv-header-id-meta":"","stick-header-meta":"","header-above-stick-meta":"","header-main-stick-meta":"","header-below-stick-meta":"","astra-migrate-meta-layouts":"set","ast-page-background-enabled":"default","ast-page-background-meta":{"desktop":{"background-color":"","background-image":"","background-repeat":"repeat","background-position":"center center","background-size":"auto","background-attachment":"scroll","background-type":"","background-media":"","overlay-type":"","overlay-color":"","overlay-opacity":"","overlay-gradient":""},"tablet":{"background-color":"","background-image":"","background-repeat":"repeat","background-position":"center center","background-size":"auto","background-attachment":"scroll","background-type":"","background-media":"","overlay-type":"","overlay-color":"","overlay-opacity":"","overlay-gradient":""},"mobile":{"background-color":"","background-image":"","background-repeat":"repeat","background-position":"center center","background-size":"auto","background-attachment":"scroll","background-type":"","background-media":"","overlay-type":"","overlay-color":"","overlay-opacity":"","overlay-gradient":""}},"ast-content-background-meta":{"desktop":{"background-color":"var(--ast-global-color-5)","background-image":"","background-repeat":"repeat","background-position":"center center","background-size":"auto","background-attachment":"scroll","background-type":"","background-media":"","overlay-type":"","overlay-color":"","overlay-opacity":"","overlay-gradient":""},"tablet":{"background-color":"var(--ast-global-color-5)","background-image":"","background-repeat":"repeat","background-position":"center center","background-size":"auto","background-attachment":"scroll","background-type":"","background-media":"","overlay-type":"","overlay-color":"","overlay-opacity":"","overlay-gradient":""},"mobile":{"background-color":"var(--ast-global-color-5)","background-image":"","background-repeat":"repeat","background-position":"center center","background-size":"auto","background-attachment":"scroll","background-type":"","background-media":"","overlay-type":"","overlay-color":"","overlay-opacity":"","overlay-gradient":""}}},"product_brand":[],"product_cat":[34,19],"product_tag":[],"class_list":{"0":"post-24790","1":"product","2":"type-product","3":"status-publish","4":"has-post-thumbnail","6":"product_cat-produkty","7":"product_cat-zestaw-kart","8":"desktop-align-center","9":"tablet-align-left","10":"mobile-align-left","12":"first","13":"outofstock","14":"shipping-taxable","15":"purchasable","16":"product-type-simple"},"yoast_head":"<!-- This site is optimized with the Yoast SEO plugin v27.4 - https:\/\/yoast.com\/product\/yoast-seo-wordpress\/ -->\n<title>Karty Emocjonalne<\/title>\n<meta name=\"description\" content=\"Zestaw 46 kart z pytaniami i zadaniami rozwijaj\u0105cymi rozumienie emocji rado\u015bci, smutku, strachu, zazdro\u015bci i z\u0142o\u015bci. Idealne do pracy z dzie\u0107mi.\" \/>\n<meta name=\"robots\" content=\"index, follow, max-snippet:-1, max-image-preview:large, max-video-preview:-1\" \/>\n<link rel=\"canonical\" href=\"https:\/\/kartysportowca.pl\/en\/product\/karty-emocjonalne-1\/\" \/>\n<meta property=\"og:locale\" content=\"en_US\" \/>\n<meta property=\"og:type\" content=\"article\" \/>\n<meta property=\"og:title\" content=\"Karty Emocjonalne\" \/>\n<meta property=\"og:description\" content=\"Zestaw 46 kart z pytaniami i zadaniami rozwijaj\u0105cymi rozumienie emocji rado\u015bci, smutku, strachu, zazdro\u015bci i z\u0142o\u015bci. Idealne do pracy z dzie\u0107mi.\" \/>\n<meta property=\"og:url\" content=\"https:\/\/kartysportowca.pl\/en\/product\/karty-emocjonalne-1\/\" \/>\n<meta property=\"article:publisher\" content=\"https:\/\/www.facebook.com\/kartysportowca\" \/>\n<meta property=\"article:modified_time\" content=\"2026-04-14T13:54:40+00:00\" \/>\n<meta property=\"og:image\" content=\"https:\/\/kartysportowca.pl\/wp-content\/uploads\/2025\/07\/IMG_5934-scaled-1.jpg\" \/>\n\t<meta property=\"og:image:width\" content=\"1907\" \/>\n\t<meta property=\"og:image:height\" content=\"1907\" \/>\n\t<meta property=\"og:image:type\" content=\"image\/jpeg\" \/>\n<meta name=\"twitter:card\" content=\"summary_large_image\" \/>\n<meta name=\"twitter:label1\" content=\"Est. reading time\" \/>\n\t<meta name=\"twitter:data1\" content=\"1 minute\" \/>\n<script type=\"application\/ld+json\" class=\"yoast-schema-graph\">{\"@context\":\"https:\\\/\\\/schema.org\",\"@graph\":[{\"@type\":\"WebPage\",\"@id\":\"https:\\\/\\\/kartysportowca.pl\\\/produkt\\\/karty-emocjonalne-1\\\/\",\"url\":\"https:\\\/\\\/kartysportowca.pl\\\/produkt\\\/karty-emocjonalne-1\\\/\",\"name\":\"Karty Emocjonalne\",\"isPartOf\":{\"@id\":\"https:\\\/\\\/kartysportowca.pl\\\/#website\"},\"primaryImageOfPage\":{\"@id\":\"https:\\\/\\\/kartysportowca.pl\\\/produkt\\\/karty-emocjonalne-1\\\/#primaryimage\"},\"image\":{\"@id\":\"https:\\\/\\\/kartysportowca.pl\\\/produkt\\\/karty-emocjonalne-1\\\/#primaryimage\"},\"thumbnailUrl\":\"https:\\\/\\\/kartysportowca.pl\\\/wp-content\\\/uploads\\\/2025\\\/07\\\/IMG_5934-scaled-1.jpg\",\"datePublished\":\"2025-07-31T17:27:28+00:00\",\"dateModified\":\"2026-04-14T13:54:40+00:00\",\"description\":\"Zestaw 46 kart z pytaniami i zadaniami rozwijaj\u0105cymi rozumienie emocji rado\u015bci, smutku, strachu, zazdro\u015bci i z\u0142o\u015bci. Idealne do pracy z dzie\u0107mi.\",\"breadcrumb\":{\"@id\":\"https:\\\/\\\/kartysportowca.pl\\\/produkt\\\/karty-emocjonalne-1\\\/#breadcrumb\"},\"inLanguage\":\"en-US\",\"potentialAction\":[{\"@type\":\"ReadAction\",\"target\":[\"https:\\\/\\\/kartysportowca.pl\\\/produkt\\\/karty-emocjonalne-1\\\/\"]}]},{\"@type\":\"ImageObject\",\"inLanguage\":\"en-US\",\"@id\":\"https:\\\/\\\/kartysportowca.pl\\\/produkt\\\/karty-emocjonalne-1\\\/#primaryimage\",\"url\":\"https:\\\/\\\/kartysportowca.pl\\\/wp-content\\\/uploads\\\/2025\\\/07\\\/IMG_5934-scaled-1.jpg\",\"contentUrl\":\"https:\\\/\\\/kartysportowca.pl\\\/wp-content\\\/uploads\\\/2025\\\/07\\\/IMG_5934-scaled-1.jpg\",\"width\":1907,\"height\":1907},{\"@type\":\"BreadcrumbList\",\"@id\":\"https:\\\/\\\/kartysportowca.pl\\\/produkt\\\/karty-emocjonalne-1\\\/#breadcrumb\",\"itemListElement\":[{\"@type\":\"ListItem\",\"position\":1,\"name\":\"Strona g\u0142\u00f3wna\",\"item\":\"https:\\\/\\\/kartysportowca.pl\\\/\"},{\"@type\":\"ListItem\",\"position\":2,\"name\":\"Sklep\",\"item\":\"https:\\\/\\\/kartysportowca.pl\\\/sklep\\\/\"},{\"@type\":\"ListItem\",\"position\":3,\"name\":\"Karty Emocjonalne &#8211; Rado\u015b\u0107 Smutek Strach Zazdro\u015b\u0107 Z\u0142o\u015b\u0107\"}]},{\"@type\":\"WebSite\",\"@id\":\"https:\\\/\\\/kartysportowca.pl\\\/#website\",\"url\":\"https:\\\/\\\/kartysportowca.pl\\\/\",\"name\":\"Karty Sportowca\",\"description\":\"\",\"publisher\":{\"@id\":\"https:\\\/\\\/kartysportowca.pl\\\/#organization\"},\"potentialAction\":[{\"@type\":\"SearchAction\",\"target\":{\"@type\":\"EntryPoint\",\"urlTemplate\":\"https:\\\/\\\/kartysportowca.pl\\\/?s={search_term_string}\"},\"query-input\":{\"@type\":\"PropertyValueSpecification\",\"valueRequired\":true,\"valueName\":\"search_term_string\"}}],\"inLanguage\":\"en-US\"},{\"@type\":\"Organization\",\"@id\":\"https:\\\/\\\/kartysportowca.pl\\\/#organization\",\"name\":\"Karty Sportowca\",\"url\":\"https:\\\/\\\/kartysportowca.pl\\\/\",\"logo\":{\"@type\":\"ImageObject\",\"inLanguage\":\"en-US\",\"@id\":\"https:\\\/\\\/kartysportowca.pl\\\/#\\\/schema\\\/logo\\\/image\\\/\",\"url\":\"https:\\\/\\\/kartysportowca.pl\\\/wp-content\\\/uploads\\\/2021\\\/03\\\/logo_karty_sportowca.png\",\"contentUrl\":\"https:\\\/\\\/kartysportowca.pl\\\/wp-content\\\/uploads\\\/2021\\\/03\\\/logo_karty_sportowca.png\",\"width\":800,\"height\":274,\"caption\":\"Karty Sportowca\"},\"image\":{\"@id\":\"https:\\\/\\\/kartysportowca.pl\\\/#\\\/schema\\\/logo\\\/image\\\/\"},\"sameAs\":[\"https:\\\/\\\/www.facebook.com\\\/kartysportowca\",\"https:\\\/\\\/www.instagram.com\\\/kartysportowca\\\/\",\"https:\\\/\\\/pl.linkedin.com\\\/company\\\/karty-sportowca\"]}]}<\/script>\n<!-- \/ Yoast SEO plugin. -->","yoast_head_json":{"title":"Karty Emocjonalne","description":"Zestaw 46 kart z pytaniami i zadaniami rozwijaj\u0105cymi rozumienie emocji rado\u015bci, smutku, strachu, zazdro\u015bci i z\u0142o\u015bci. Idealne do pracy z dzie\u0107mi.","robots":{"index":"index","follow":"follow","max-snippet":"max-snippet:-1","max-image-preview":"max-image-preview:large","max-video-preview":"max-video-preview:-1"},"canonical":"https:\/\/kartysportowca.pl\/en\/product\/karty-emocjonalne-1\/","og_locale":"en_US","og_type":"article","og_title":"Karty Emocjonalne","og_description":"Zestaw 46 kart z pytaniami i zadaniami rozwijaj\u0105cymi rozumienie emocji rado\u015bci, smutku, strachu, zazdro\u015bci i z\u0142o\u015bci. Idealne do pracy z dzie\u0107mi.","og_url":"https:\/\/kartysportowca.pl\/en\/product\/karty-emocjonalne-1\/","article_publisher":"https:\/\/www.facebook.com\/kartysportowca","article_modified_time":"2026-04-14T13:54:40+00:00","og_image":[{"width":1907,"height":1907,"url":"https:\/\/kartysportowca.pl\/wp-content\/uploads\/2025\/07\/IMG_5934-scaled-1.jpg","type":"image\/jpeg"}],"twitter_card":"summary_large_image","twitter_misc":{"Est. reading time":"1 minute"},"schema":{"@context":"https:\/\/schema.org","@graph":[{"@type":"WebPage","@id":"https:\/\/kartysportowca.pl\/produkt\/karty-emocjonalne-1\/","url":"https:\/\/kartysportowca.pl\/produkt\/karty-emocjonalne-1\/","name":"Karty Emocjonalne","isPartOf":{"@id":"https:\/\/kartysportowca.pl\/#website"},"primaryImageOfPage":{"@id":"https:\/\/kartysportowca.pl\/produkt\/karty-emocjonalne-1\/#primaryimage"},"image":{"@id":"https:\/\/kartysportowca.pl\/produkt\/karty-emocjonalne-1\/#primaryimage"},"thumbnailUrl":"https:\/\/kartysportowca.pl\/wp-content\/uploads\/2025\/07\/IMG_5934-scaled-1.jpg","datePublished":"2025-07-31T17:27:28+00:00","dateModified":"2026-04-14T13:54:40+00:00","description":"Zestaw 46 kart z pytaniami i zadaniami rozwijaj\u0105cymi rozumienie emocji rado\u015bci, smutku, strachu, zazdro\u015bci i z\u0142o\u015bci. Idealne do pracy z dzie\u0107mi.","breadcrumb":{"@id":"https:\/\/kartysportowca.pl\/produkt\/karty-emocjonalne-1\/#breadcrumb"},"inLanguage":"en-US","potentialAction":[{"@type":"ReadAction","target":["https:\/\/kartysportowca.pl\/produkt\/karty-emocjonalne-1\/"]}]},{"@type":"ImageObject","inLanguage":"en-US","@id":"https:\/\/kartysportowca.pl\/produkt\/karty-emocjonalne-1\/#primaryimage","url":"https:\/\/kartysportowca.pl\/wp-content\/uploads\/2025\/07\/IMG_5934-scaled-1.jpg","contentUrl":"https:\/\/kartysportowca.pl\/wp-content\/uploads\/2025\/07\/IMG_5934-scaled-1.jpg","width":1907,"height":1907},{"@type":"BreadcrumbList","@id":"https:\/\/kartysportowca.pl\/produkt\/karty-emocjonalne-1\/#breadcrumb","itemListElement":[{"@type":"ListItem","position":1,"name":"Strona g\u0142\u00f3wna","item":"https:\/\/kartysportowca.pl\/"},{"@type":"ListItem","position":2,"name":"Sklep","item":"https:\/\/kartysportowca.pl\/sklep\/"},{"@type":"ListItem","position":3,"name":"Karty Emocjonalne &#8211; Rado\u015b\u0107 Smutek Strach Zazdro\u015b\u0107 Z\u0142o\u015b\u0107"}]},{"@type":"WebSite","@id":"https:\/\/kartysportowca.pl\/#website","url":"https:\/\/kartysportowca.pl\/","name":"Karty Sportowca","description":"","publisher":{"@id":"https:\/\/kartysportowca.pl\/#organization"},"potentialAction":[{"@type":"SearchAction","target":{"@type":"EntryPoint","urlTemplate":"https:\/\/kartysportowca.pl\/?s={search_term_string}"},"query-input":{"@type":"PropertyValueSpecification","valueRequired":true,"valueName":"search_term_string"}}],"inLanguage":"en-US"},{"@type":"Organization","@id":"https:\/\/kartysportowca.pl\/#organization","name":"Karty Sportowca","url":"https:\/\/kartysportowca.pl\/","logo":{"@type":"ImageObject","inLanguage":"en-US","@id":"https:\/\/kartysportowca.pl\/#\/schema\/logo\/image\/","url":"https:\/\/kartysportowca.pl\/wp-content\/uploads\/2021\/03\/logo_karty_sportowca.png","contentUrl":"https:\/\/kartysportowca.pl\/wp-content\/uploads\/2021\/03\/logo_karty_sportowca.png","width":800,"height":274,"caption":"Karty Sportowca"},"image":{"@id":"https:\/\/kartysportowca.pl\/#\/schema\/logo\/image\/"},"sameAs":["https:\/\/www.facebook.com\/kartysportowca","https:\/\/www.instagram.com\/kartysportowca\/","https:\/\/pl.linkedin.com\/company\/karty-sportowca"]}]}},"_links":{"self":[{"href":"https:\/\/kartysportowca.pl\/en\/wp-json\/wp\/v2\/product\/24790","targetHints":{"allow":["GET"]}}],"collection":[{"href":"https:\/\/kartysportowca.pl\/en\/wp-json\/wp\/v2\/product"}],"about":[{"href":"https:\/\/kartysportowca.pl\/en\/wp-json\/wp\/v2\/types\/product"}],"wp:featuredmedia":[{"embeddable":true,"href":"https:\/\/kartysportowca.pl\/en\/wp-json\/wp\/v2\/media\/26684"}],"wp:attachment":[{"href":"https:\/\/kartysportowca.pl\/en\/wp-json\/wp\/v2\/media?parent=24790"}],"wp:term":[{"taxonomy":"product_brand","embeddable":true,"href":"https:\/\/kartysportowca.pl\/en\/wp-json\/wp\/v2\/product_brand?post=24790"},{"taxonomy":"product_cat","embeddable":true,"href":"https:\/\/kartysportowca.pl\/en\/wp-json\/wp\/v2\/product_cat?post=24790"},{"taxonomy":"product_tag","embeddable":true,"href":"https:\/\/kartysportowca.pl\/en\/wp-json\/wp\/v2\/product_tag?post=24790"}],"curies":[{"name":"wp","href":"https:\/\/api.w.org\/{rel}","templated":true}]}}