{"id":24802,"date":"2025-07-31T20:00:05","date_gmt":"2025-07-31T18:00:05","guid":{"rendered":"https:\/\/kartysportowca.pl\/?post_type=product&#038;p=24802"},"modified":"2026-04-13T19:40:03","modified_gmt":"2026-04-13T17:40:03","slug":"zestaw-karty-dzieci","status":"publish","type":"product","link":"https:\/\/kartysportowca.pl\/en\/product\/zestaw-karty-dzieci\/","title":{"rendered":"Zestaw 4 talii kart do pracy z dzie\u0107mi"},"content":{"rendered":"<p><strong>Jak wykorzystasz te karty?<\/strong><\/p>\n<ul>\n<li>Mo\u017cesz roz\u0142o\u017cy\u0107 karty rewersem do g\u00f3ry niczym plansz\u0119, za pomoc\u0105 pionk\u00f3w i kostki porusza\u0107 si\u0119 po nich i odkrywa\u0107 pytania i tre\u015bci (w zestawie jest karta oznaczona START\/META).<\/li>\n<li>Podobnie jak Karty Sportowca &#8211; mo\u017cesz losowa\u0107 karty i rozmawia\u0107 na poruszone na nich tematy.<\/li>\n<\/ul>\n<p>&nbsp;<\/p>\n<ul>\n<li><strong>Karty Emocjonalne &#8211; Rado\u015b\u0107 Smutek Strach Zazdro\u015b\u0107 Z\u0142o\u015b\u0107<\/strong> &#8211; Zestaw 46 kart z pytaniami i zadaniami wspieraj\u0105cymi dzieci w zrozumieniu i akceptacji emocji. Ka\u017cda emocja posiada sw\u00f3j unikalny zestaw kart. Wi\u0119cej o tej talii przeczytasz <a href=\"https:\/\/kartysportowca.pl\/en\/product\/karty-emocjonalne\/\">TUTAJ<\/a>.<\/li>\n<li><strong>Karty Emocjonalne &#8211; Samotno\u015b\u0107 Stres Troska Zak\u0142opotanie Zniech\u0119cenie<\/strong> &#8211; Zestaw 44 kart z pytaniami i zadaniami wspieraj\u0105cymi dzieci w zrozumieniu, nazywaniu i akceptacji emocji. Ka\u017cda emocja posiada sw\u00f3j unikalny zestaw kart. Wi\u0119cej o tej talii przeczytasz <a href=\"https:\/\/kartysportowca.pl\/en\/product\/karty-emocjonalne-2\/\">TUTAJ<\/a>.<\/li>\n<li><strong>Karty Uwa\u017cno\u015bci<\/strong> &#8211; Zestaw 42 kart pomocnych w rozwijaniu uwa\u017cno\u015bci i regulacji emocji u dzieci. Wi\u0119cej o tej talii przeczytasz <a href=\"https:\/\/kartysportowca.pl\/en\/product\/karty-uwaznosci\/\">TUTAJ<\/a>.<\/li>\n<li><strong>Karty Afirmacyjne<\/strong> &#8211; afireMOCje &#8211; Zestaw 46 kart z afirmacjami i ilustracjami dla dzieci i m\u0142odzie\u017cy. Na kartach znajdziesz uniwersalne zdania afirmacyjne, buduj\u0105ce wiar\u0119 w siebie i poczucie sprawczo\u015bci. Wi\u0119cej o tej talii przeczytasz <a href=\"https:\/\/kartysportowca.pl\/en\/product\/karty-afirmacyjne\/\">TUTAJ<\/a>.<\/li>\n<\/ul>\n<p>&nbsp;<\/p>","protected":false},"excerpt":{"rendered":"<p>Zestaw 4 talii kart do pracy z dzie\u0107mi na warsztatach treningu mentalnego, TUS, w pracy indywidualnej.<\/p>\n<p>W pakiecie:<\/p>\n<ul>\n<li>Karty Emocjonalne &#8211; Rado\u015b\u0107 Smutek Strach Zazdro\u015b\u0107 Z\u0142o\u015b\u0107<\/li>\n<li>Karty Emocjonalne &#8211; Samotno\u015b\u0107 Stres Troska Zak\u0142opotanie Zniech\u0119cenie<\/li>\n<li>Karty Uwa\u017cno\u015bci<\/li>\n<li>Karty Afirmacyjne &#8211; afireMOCje<\/li>\n<\/ul>","protected":false},"featured_media":26672,"template":"","meta":{"site-sidebar-layout":"default","site-content-layout":"","ast-site-content-layout":"default","site-content-style":"default","site-sidebar-style":"default","ast-global-header-display":"","ast-banner-title-visibility":"","ast-main-header-display":"","ast-hfb-above-header-display":"","ast-hfb-below-header-display":"","ast-hfb-mobile-header-display":"","site-post-title":"","ast-breadcrumbs-content":"","ast-featured-img":"","footer-sml-layout":"","ast-disable-related-posts":"","theme-transparent-header-meta":"default","adv-header-id-meta":"","stick-header-meta":"","header-above-stick-meta":"","header-main-stick-meta":"","header-below-stick-meta":"","astra-migrate-meta-layouts":"set","ast-page-background-enabled":"default","ast-page-background-meta":{"desktop":{"background-color":"","background-image":"","background-repeat":"repeat","background-position":"center center","background-size":"auto","background-attachment":"scroll","background-type":"","background-media":"","overlay-type":"","overlay-color":"","overlay-opacity":"","overlay-gradient":""},"tablet":{"background-color":"","background-image":"","background-repeat":"repeat","background-position":"center center","background-size":"auto","background-attachment":"scroll","background-type":"","background-media":"","overlay-type":"","overlay-color":"","overlay-opacity":"","overlay-gradient":""},"mobile":{"background-color":"","background-image":"","background-repeat":"repeat","background-position":"center center","background-size":"auto","background-attachment":"scroll","background-type":"","background-media":"","overlay-type":"","overlay-color":"","overlay-opacity":"","overlay-gradient":""}},"ast-content-background-meta":{"desktop":{"background-color":"var(--ast-global-color-5)","background-image":"","background-repeat":"repeat","background-position":"center center","background-size":"auto","background-attachment":"scroll","background-type":"","background-media":"","overlay-type":"","overlay-color":"","overlay-opacity":"","overlay-gradient":""},"tablet":{"background-color":"var(--ast-global-color-5)","background-image":"","background-repeat":"repeat","background-position":"center center","background-size":"auto","background-attachment":"scroll","background-type":"","background-media":"","overlay-type":"","overlay-color":"","overlay-opacity":"","overlay-gradient":""},"mobile":{"background-color":"var(--ast-global-color-5)","background-image":"","background-repeat":"repeat","background-position":"center center","background-size":"auto","background-attachment":"scroll","background-type":"","background-media":"","overlay-type":"","overlay-color":"","overlay-opacity":"","overlay-gradient":""}}},"product_brand":[],"product_cat":[34,19],"product_tag":[],"class_list":{"0":"post-24802","1":"product","2":"type-product","3":"status-publish","4":"has-post-thumbnail","6":"product_cat-produkty","7":"product_cat-zestaw-kart","8":"desktop-align-center","9":"tablet-align-left","10":"mobile-align-left","12":"first","13":"outofstock","14":"sale","15":"shipping-taxable","16":"purchasable","17":"product-type-simple"},"yoast_head":"<!-- This site is optimized with the Yoast SEO plugin v27.4 - https:\/\/yoast.com\/product\/yoast-seo-wordpress\/ -->\n<title>Zestaw Kart do pracy z dzie\u0107mi<\/title>\n<meta name=\"description\" content=\"W pakiecie Karty Emocjonalne (2 talie), Karty Uwa\u017cno\u015bci, Karty Afirmacyjne - afireMOCje. Pakiet sprawdzi si\u0119 idealnie do pracy warsztatowej z dzie\u0107mi.\" \/>\n<meta name=\"robots\" content=\"index, follow, max-snippet:-1, max-image-preview:large, max-video-preview:-1\" \/>\n<link rel=\"canonical\" href=\"https:\/\/kartysportowca.pl\/en\/product\/zestaw-karty-dzieci\/\" \/>\n<meta property=\"og:locale\" content=\"en_US\" \/>\n<meta property=\"og:type\" content=\"article\" \/>\n<meta property=\"og:title\" content=\"Zestaw Kart do pracy z dzie\u0107mi\" \/>\n<meta property=\"og:description\" content=\"W pakiecie Karty Emocjonalne (2 talie), Karty Uwa\u017cno\u015bci, Karty Afirmacyjne - afireMOCje. Pakiet sprawdzi si\u0119 idealnie do pracy warsztatowej z dzie\u0107mi.\" \/>\n<meta property=\"og:url\" content=\"https:\/\/kartysportowca.pl\/en\/product\/zestaw-karty-dzieci\/\" \/>\n<meta property=\"article:publisher\" content=\"https:\/\/www.facebook.com\/kartysportowca\" \/>\n<meta property=\"article:modified_time\" content=\"2026-04-13T17:40:03+00:00\" \/>\n<meta property=\"og:image\" content=\"https:\/\/kartysportowca.pl\/wp-content\/uploads\/2026\/04\/IMG_5927-scaled-1.jpg\" \/>\n\t<meta property=\"og:image:width\" content=\"1920\" \/>\n\t<meta property=\"og:image:height\" content=\"1920\" \/>\n\t<meta property=\"og:image:type\" content=\"image\/jpeg\" \/>\n<meta name=\"twitter:card\" content=\"summary_large_image\" \/>\n<meta name=\"twitter:label1\" content=\"Est. reading time\" \/>\n\t<meta name=\"twitter:data1\" content=\"2 minutes\" \/>\n<script type=\"application\/ld+json\" class=\"yoast-schema-graph\">{\"@context\":\"https:\\\/\\\/schema.org\",\"@graph\":[{\"@type\":\"WebPage\",\"@id\":\"https:\\\/\\\/kartysportowca.pl\\\/produkt\\\/zestaw-karty-dzieci\\\/\",\"url\":\"https:\\\/\\\/kartysportowca.pl\\\/produkt\\\/zestaw-karty-dzieci\\\/\",\"name\":\"Zestaw Kart do pracy z dzie\u0107mi\",\"isPartOf\":{\"@id\":\"https:\\\/\\\/kartysportowca.pl\\\/#website\"},\"primaryImageOfPage\":{\"@id\":\"https:\\\/\\\/kartysportowca.pl\\\/produkt\\\/zestaw-karty-dzieci\\\/#primaryimage\"},\"image\":{\"@id\":\"https:\\\/\\\/kartysportowca.pl\\\/produkt\\\/zestaw-karty-dzieci\\\/#primaryimage\"},\"thumbnailUrl\":\"https:\\\/\\\/kartysportowca.pl\\\/wp-content\\\/uploads\\\/2026\\\/04\\\/IMG_5927-scaled-1.jpg\",\"datePublished\":\"2025-07-31T18:00:05+00:00\",\"dateModified\":\"2026-04-13T17:40:03+00:00\",\"description\":\"W pakiecie Karty Emocjonalne (2 talie), Karty Uwa\u017cno\u015bci, Karty Afirmacyjne - afireMOCje. Pakiet sprawdzi si\u0119 idealnie do pracy warsztatowej z dzie\u0107mi.\",\"breadcrumb\":{\"@id\":\"https:\\\/\\\/kartysportowca.pl\\\/produkt\\\/zestaw-karty-dzieci\\\/#breadcrumb\"},\"inLanguage\":\"en-US\",\"potentialAction\":[{\"@type\":\"ReadAction\",\"target\":[\"https:\\\/\\\/kartysportowca.pl\\\/produkt\\\/zestaw-karty-dzieci\\\/\"]}]},{\"@type\":\"ImageObject\",\"inLanguage\":\"en-US\",\"@id\":\"https:\\\/\\\/kartysportowca.pl\\\/produkt\\\/zestaw-karty-dzieci\\\/#primaryimage\",\"url\":\"https:\\\/\\\/kartysportowca.pl\\\/wp-content\\\/uploads\\\/2026\\\/04\\\/IMG_5927-scaled-1.jpg\",\"contentUrl\":\"https:\\\/\\\/kartysportowca.pl\\\/wp-content\\\/uploads\\\/2026\\\/04\\\/IMG_5927-scaled-1.jpg\",\"width\":1920,\"height\":1920},{\"@type\":\"BreadcrumbList\",\"@id\":\"https:\\\/\\\/kartysportowca.pl\\\/produkt\\\/zestaw-karty-dzieci\\\/#breadcrumb\",\"itemListElement\":[{\"@type\":\"ListItem\",\"position\":1,\"name\":\"Strona g\u0142\u00f3wna\",\"item\":\"https:\\\/\\\/kartysportowca.pl\\\/\"},{\"@type\":\"ListItem\",\"position\":2,\"name\":\"Sklep\",\"item\":\"https:\\\/\\\/kartysportowca.pl\\\/sklep\\\/\"},{\"@type\":\"ListItem\",\"position\":3,\"name\":\"Zestaw 4 talii kart do pracy z dzie\u0107mi\"}]},{\"@type\":\"WebSite\",\"@id\":\"https:\\\/\\\/kartysportowca.pl\\\/#website\",\"url\":\"https:\\\/\\\/kartysportowca.pl\\\/\",\"name\":\"Karty Sportowca\",\"description\":\"\",\"publisher\":{\"@id\":\"https:\\\/\\\/kartysportowca.pl\\\/#organization\"},\"potentialAction\":[{\"@type\":\"SearchAction\",\"target\":{\"@type\":\"EntryPoint\",\"urlTemplate\":\"https:\\\/\\\/kartysportowca.pl\\\/?s={search_term_string}\"},\"query-input\":{\"@type\":\"PropertyValueSpecification\",\"valueRequired\":true,\"valueName\":\"search_term_string\"}}],\"inLanguage\":\"en-US\"},{\"@type\":\"Organization\",\"@id\":\"https:\\\/\\\/kartysportowca.pl\\\/#organization\",\"name\":\"Karty Sportowca\",\"url\":\"https:\\\/\\\/kartysportowca.pl\\\/\",\"logo\":{\"@type\":\"ImageObject\",\"inLanguage\":\"en-US\",\"@id\":\"https:\\\/\\\/kartysportowca.pl\\\/#\\\/schema\\\/logo\\\/image\\\/\",\"url\":\"https:\\\/\\\/kartysportowca.pl\\\/wp-content\\\/uploads\\\/2021\\\/03\\\/logo_karty_sportowca.png\",\"contentUrl\":\"https:\\\/\\\/kartysportowca.pl\\\/wp-content\\\/uploads\\\/2021\\\/03\\\/logo_karty_sportowca.png\",\"width\":800,\"height\":274,\"caption\":\"Karty Sportowca\"},\"image\":{\"@id\":\"https:\\\/\\\/kartysportowca.pl\\\/#\\\/schema\\\/logo\\\/image\\\/\"},\"sameAs\":[\"https:\\\/\\\/www.facebook.com\\\/kartysportowca\",\"https:\\\/\\\/www.instagram.com\\\/kartysportowca\\\/\",\"https:\\\/\\\/pl.linkedin.com\\\/company\\\/karty-sportowca\"]}]}<\/script>\n<!-- \/ Yoast SEO plugin. -->","yoast_head_json":{"title":"Zestaw Kart do pracy z dzie\u0107mi","description":"W pakiecie Karty Emocjonalne (2 talie), Karty Uwa\u017cno\u015bci, Karty Afirmacyjne - afireMOCje. Pakiet sprawdzi si\u0119 idealnie do pracy warsztatowej z dzie\u0107mi.","robots":{"index":"index","follow":"follow","max-snippet":"max-snippet:-1","max-image-preview":"max-image-preview:large","max-video-preview":"max-video-preview:-1"},"canonical":"https:\/\/kartysportowca.pl\/en\/product\/zestaw-karty-dzieci\/","og_locale":"en_US","og_type":"article","og_title":"Zestaw Kart do pracy z dzie\u0107mi","og_description":"W pakiecie Karty Emocjonalne (2 talie), Karty Uwa\u017cno\u015bci, Karty Afirmacyjne - afireMOCje. Pakiet sprawdzi si\u0119 idealnie do pracy warsztatowej z dzie\u0107mi.","og_url":"https:\/\/kartysportowca.pl\/en\/product\/zestaw-karty-dzieci\/","article_publisher":"https:\/\/www.facebook.com\/kartysportowca","article_modified_time":"2026-04-13T17:40:03+00:00","og_image":[{"width":1920,"height":1920,"url":"https:\/\/kartysportowca.pl\/wp-content\/uploads\/2026\/04\/IMG_5927-scaled-1.jpg","type":"image\/jpeg"}],"twitter_card":"summary_large_image","twitter_misc":{"Est. reading time":"2 minutes"},"schema":{"@context":"https:\/\/schema.org","@graph":[{"@type":"WebPage","@id":"https:\/\/kartysportowca.pl\/produkt\/zestaw-karty-dzieci\/","url":"https:\/\/kartysportowca.pl\/produkt\/zestaw-karty-dzieci\/","name":"Zestaw Kart do pracy z dzie\u0107mi","isPartOf":{"@id":"https:\/\/kartysportowca.pl\/#website"},"primaryImageOfPage":{"@id":"https:\/\/kartysportowca.pl\/produkt\/zestaw-karty-dzieci\/#primaryimage"},"image":{"@id":"https:\/\/kartysportowca.pl\/produkt\/zestaw-karty-dzieci\/#primaryimage"},"thumbnailUrl":"https:\/\/kartysportowca.pl\/wp-content\/uploads\/2026\/04\/IMG_5927-scaled-1.jpg","datePublished":"2025-07-31T18:00:05+00:00","dateModified":"2026-04-13T17:40:03+00:00","description":"W pakiecie Karty Emocjonalne (2 talie), Karty Uwa\u017cno\u015bci, Karty Afirmacyjne - afireMOCje. Pakiet sprawdzi si\u0119 idealnie do pracy warsztatowej z dzie\u0107mi.","breadcrumb":{"@id":"https:\/\/kartysportowca.pl\/produkt\/zestaw-karty-dzieci\/#breadcrumb"},"inLanguage":"en-US","potentialAction":[{"@type":"ReadAction","target":["https:\/\/kartysportowca.pl\/produkt\/zestaw-karty-dzieci\/"]}]},{"@type":"ImageObject","inLanguage":"en-US","@id":"https:\/\/kartysportowca.pl\/produkt\/zestaw-karty-dzieci\/#primaryimage","url":"https:\/\/kartysportowca.pl\/wp-content\/uploads\/2026\/04\/IMG_5927-scaled-1.jpg","contentUrl":"https:\/\/kartysportowca.pl\/wp-content\/uploads\/2026\/04\/IMG_5927-scaled-1.jpg","width":1920,"height":1920},{"@type":"BreadcrumbList","@id":"https:\/\/kartysportowca.pl\/produkt\/zestaw-karty-dzieci\/#breadcrumb","itemListElement":[{"@type":"ListItem","position":1,"name":"Strona g\u0142\u00f3wna","item":"https:\/\/kartysportowca.pl\/"},{"@type":"ListItem","position":2,"name":"Sklep","item":"https:\/\/kartysportowca.pl\/sklep\/"},{"@type":"ListItem","position":3,"name":"Zestaw 4 talii kart do pracy z dzie\u0107mi"}]},{"@type":"WebSite","@id":"https:\/\/kartysportowca.pl\/#website","url":"https:\/\/kartysportowca.pl\/","name":"Karty Sportowca","description":"","publisher":{"@id":"https:\/\/kartysportowca.pl\/#organization"},"potentialAction":[{"@type":"SearchAction","target":{"@type":"EntryPoint","urlTemplate":"https:\/\/kartysportowca.pl\/?s={search_term_string}"},"query-input":{"@type":"PropertyValueSpecification","valueRequired":true,"valueName":"search_term_string"}}],"inLanguage":"en-US"},{"@type":"Organization","@id":"https:\/\/kartysportowca.pl\/#organization","name":"Karty Sportowca","url":"https:\/\/kartysportowca.pl\/","logo":{"@type":"ImageObject","inLanguage":"en-US","@id":"https:\/\/kartysportowca.pl\/#\/schema\/logo\/image\/","url":"https:\/\/kartysportowca.pl\/wp-content\/uploads\/2021\/03\/logo_karty_sportowca.png","contentUrl":"https:\/\/kartysportowca.pl\/wp-content\/uploads\/2021\/03\/logo_karty_sportowca.png","width":800,"height":274,"caption":"Karty Sportowca"},"image":{"@id":"https:\/\/kartysportowca.pl\/#\/schema\/logo\/image\/"},"sameAs":["https:\/\/www.facebook.com\/kartysportowca","https:\/\/www.instagram.com\/kartysportowca\/","https:\/\/pl.linkedin.com\/company\/karty-sportowca"]}]}},"_links":{"self":[{"href":"https:\/\/kartysportowca.pl\/en\/wp-json\/wp\/v2\/product\/24802","targetHints":{"allow":["GET"]}}],"collection":[{"href":"https:\/\/kartysportowca.pl\/en\/wp-json\/wp\/v2\/product"}],"about":[{"href":"https:\/\/kartysportowca.pl\/en\/wp-json\/wp\/v2\/types\/product"}],"wp:featuredmedia":[{"embeddable":true,"href":"https:\/\/kartysportowca.pl\/en\/wp-json\/wp\/v2\/media\/26672"}],"wp:attachment":[{"href":"https:\/\/kartysportowca.pl\/en\/wp-json\/wp\/v2\/media?parent=24802"}],"wp:term":[{"taxonomy":"product_brand","embeddable":true,"href":"https:\/\/kartysportowca.pl\/en\/wp-json\/wp\/v2\/product_brand?post=24802"},{"taxonomy":"product_cat","embeddable":true,"href":"https:\/\/kartysportowca.pl\/en\/wp-json\/wp\/v2\/product_cat?post=24802"},{"taxonomy":"product_tag","embeddable":true,"href":"https:\/\/kartysportowca.pl\/en\/wp-json\/wp\/v2\/product_tag?post=24802"}],"curies":[{"name":"wp","href":"https:\/\/api.w.org\/{rel}","templated":true}]}}