{"id":24858,"date":"2025-08-25T21:55:07","date_gmt":"2025-08-25T19:55:07","guid":{"rendered":"https:\/\/kartysportowca.pl\/?post_type=product&#038;p=24858"},"modified":"2026-02-16T17:49:45","modified_gmt":"2026-02-16T16:49:45","slug":"malysportowiec","status":"publish","type":"product","link":"https:\/\/kartysportowca.pl\/en\/product\/malysportowiec\/","title":{"rendered":"Zeszyt \u0107wicze\u0144 Ma\u0142ego Sportowca (ebook)"},"content":{"rendered":"<p>Zeszyt \u0107wicze\u0144 zosta\u0142 stworzony z my\u015bl\u0105 o Psychologach, Nauczycielach i Rodzicach, kt\u00f3rzy chc\u0105 w ciekawy i przyst\u0119pny spos\u00f3b wspiera\u0107 dzieci w poznawaniu siebie, rozumieniu emocji i budowaniu relacji z innymi.<\/p>\n<p>&nbsp;<\/p>\n<p class=\"p1\">Znajdziesz tu gotowe karty pracy, kt\u00f3re mo\u017cesz wykorzysta\u0107:<\/p>\n<p class=\"p1\">\ud83d\udd39podczas konsultacji indywidualnych i zaj\u0119\u0107 grupowych,<\/p>\n<p class=\"p1\">\ud83d\udd39jako urozmaicenie codziennych zabaw w przedszkolu i szkole podstawowej,<\/p>\n<p class=\"p1\">\ud83d\udd39w domu \u2013 jako warto\u015bciow\u0105 form\u0119 wsp\u00f3lnego, rodzinnego czasu.<\/p>\n<p>&nbsp;<\/p>\n<p class=\"p1\">\u0106wiczenia rozwijaj\u0105 nie tylko umiej\u0119tno\u015bci spo\u0142eczne, ale tak\u017ce koncentracj\u0119 i wsp\u00f3\u0142prac\u0119. Sprawdz\u0105 si\u0119 r\u00f3wnie\u017c w pracy w sporcie z m\u0142odszymi zawodnikami.<\/p>\n<p>&nbsp;<\/p>\n<p>&nbsp;<\/p>\n<p>G\u0142\u00f3wn\u0105 autork\u0105 zbioru \u0107wicze\u0144 jest <strong>mgr<\/strong> <strong>Natalia Kocielnik &#8211;<\/strong>\u00a0<strong>psycholog, psycholog sportu, trenerka TUS i terapeutka SI<\/strong> w przedszkolach w Warszawie. W ka\u017cdym obszarze skupia si\u0119 na podej\u015bciu \u015brodowiskowym i poza spotkaniami z podopiecznymi, wsp\u00f3\u0142pracuj tak\u017ce z rodzicami, trenerami, gronem pedagogicznym.<\/p>","protected":false},"excerpt":{"rendered":"<p class=\"p1\">Poznaj 18 anga\u017cuj\u0105cych \u0107wicze\u0144 rozwijaj\u0105cych <strong>emocje<\/strong> i <strong>kompetencje spo\u0142eczne u dzieci<\/strong>!<\/p>\n<p class=\"p1\">","protected":false},"featured_media":25209,"template":"","meta":{"site-sidebar-layout":"default","site-content-layout":"","ast-site-content-layout":"default","site-content-style":"default","site-sidebar-style":"default","ast-global-header-display":"","ast-banner-title-visibility":"","ast-main-header-display":"","ast-hfb-above-header-display":"","ast-hfb-below-header-display":"","ast-hfb-mobile-header-display":"","site-post-title":"","ast-breadcrumbs-content":"","ast-featured-img":"","footer-sml-layout":"","ast-disable-related-posts":"","theme-transparent-header-meta":"default","adv-header-id-meta":"","stick-header-meta":"","header-above-stick-meta":"","header-main-stick-meta":"","header-below-stick-meta":"","astra-migrate-meta-layouts":"set","ast-page-background-enabled":"default","ast-page-background-meta":{"desktop":{"background-color":"","background-image":"","background-repeat":"repeat","background-position":"center center","background-size":"auto","background-attachment":"scroll","background-type":"","background-media":"","overlay-type":"","overlay-color":"","overlay-opacity":"","overlay-gradient":""},"tablet":{"background-color":"","background-image":"","background-repeat":"repeat","background-position":"center center","background-size":"auto","background-attachment":"scroll","background-type":"","background-media":"","overlay-type":"","overlay-color":"","overlay-opacity":"","overlay-gradient":""},"mobile":{"background-color":"","background-image":"","background-repeat":"repeat","background-position":"center center","background-size":"auto","background-attachment":"scroll","background-type":"","background-media":"","overlay-type":"","overlay-color":"","overlay-opacity":"","overlay-gradient":""}},"ast-content-background-meta":{"desktop":{"background-color":"var(--ast-global-color-5)","background-image":"","background-repeat":"repeat","background-position":"center center","background-size":"auto","background-attachment":"scroll","background-type":"","background-media":"","overlay-type":"","overlay-color":"","overlay-opacity":"","overlay-gradient":""},"tablet":{"background-color":"var(--ast-global-color-5)","background-image":"","background-repeat":"repeat","background-position":"center center","background-size":"auto","background-attachment":"scroll","background-type":"","background-media":"","overlay-type":"","overlay-color":"","overlay-opacity":"","overlay-gradient":""},"mobile":{"background-color":"var(--ast-global-color-5)","background-image":"","background-repeat":"repeat","background-position":"center center","background-size":"auto","background-attachment":"scroll","background-type":"","background-media":"","overlay-type":"","overlay-color":"","overlay-opacity":"","overlay-gradient":""}}},"product_brand":[],"product_cat":[23,34],"product_tag":[],"class_list":{"0":"post-24858","1":"product","2":"type-product","3":"status-publish","4":"has-post-thumbnail","6":"product_cat-ebook","7":"product_cat-produkty","8":"desktop-align-center","9":"tablet-align-left","10":"mobile-align-left","12":"first","13":"instock","14":"downloadable","15":"virtual","16":"purchasable","17":"product-type-simple"},"yoast_head":"<!-- This site is optimized with the Yoast SEO plugin v27.4 - https:\/\/yoast.com\/product\/yoast-seo-wordpress\/ -->\n<title>Ebook Zeszyt \u0106wicze\u0144 Ma\u0142ego Sportowca<\/title>\n<meta name=\"description\" content=\"Poznaj 20 anga\u017cuj\u0105cych \u0107wicze\u0144 rozwijaj\u0105cych emocje i kompetencje spo\u0142eczne u dzieci! Do wykorzystania przez rodzic\u00f3w, nauczycieli, psycholog\u00f3w.\" \/>\n<meta name=\"robots\" content=\"index, follow, max-snippet:-1, max-image-preview:large, max-video-preview:-1\" \/>\n<link rel=\"canonical\" href=\"https:\/\/kartysportowca.pl\/en\/product\/malysportowiec\/\" \/>\n<meta property=\"og:locale\" content=\"en_US\" \/>\n<meta property=\"og:type\" content=\"article\" \/>\n<meta property=\"og:title\" content=\"Ebook Zeszyt \u0106wicze\u0144 Ma\u0142ego Sportowca\" \/>\n<meta property=\"og:description\" content=\"Poznaj 20 anga\u017cuj\u0105cych \u0107wicze\u0144 rozwijaj\u0105cych emocje i kompetencje spo\u0142eczne u dzieci! Do wykorzystania przez rodzic\u00f3w, nauczycieli, psycholog\u00f3w.\" \/>\n<meta property=\"og:url\" content=\"https:\/\/kartysportowca.pl\/en\/product\/malysportowiec\/\" \/>\n<meta property=\"article:publisher\" content=\"https:\/\/www.facebook.com\/kartysportowca\" \/>\n<meta property=\"article:modified_time\" content=\"2026-02-16T16:49:45+00:00\" \/>\n<meta property=\"og:image\" content=\"https:\/\/kartysportowca.pl\/wp-content\/uploads\/2025\/08\/okladki-produkty-sklep-1.png\" \/>\n\t<meta property=\"og:image:width\" content=\"1080\" \/>\n\t<meta property=\"og:image:height\" content=\"1080\" \/>\n\t<meta property=\"og:image:type\" content=\"image\/png\" \/>\n<meta name=\"twitter:card\" content=\"summary_large_image\" \/>\n<meta name=\"twitter:label1\" content=\"Est. reading time\" \/>\n\t<meta name=\"twitter:data1\" content=\"1 minute\" \/>\n<script type=\"application\/ld+json\" class=\"yoast-schema-graph\">{\"@context\":\"https:\\\/\\\/schema.org\",\"@graph\":[{\"@type\":\"WebPage\",\"@id\":\"https:\\\/\\\/kartysportowca.pl\\\/produkt\\\/malysportowiec\\\/\",\"url\":\"https:\\\/\\\/kartysportowca.pl\\\/produkt\\\/malysportowiec\\\/\",\"name\":\"Ebook Zeszyt \u0106wicze\u0144 Ma\u0142ego Sportowca\",\"isPartOf\":{\"@id\":\"https:\\\/\\\/kartysportowca.pl\\\/#website\"},\"primaryImageOfPage\":{\"@id\":\"https:\\\/\\\/kartysportowca.pl\\\/produkt\\\/malysportowiec\\\/#primaryimage\"},\"image\":{\"@id\":\"https:\\\/\\\/kartysportowca.pl\\\/produkt\\\/malysportowiec\\\/#primaryimage\"},\"thumbnailUrl\":\"https:\\\/\\\/kartysportowca.pl\\\/wp-content\\\/uploads\\\/2025\\\/08\\\/okladki-produkty-sklep-1.png\",\"datePublished\":\"2025-08-25T19:55:07+00:00\",\"dateModified\":\"2026-02-16T16:49:45+00:00\",\"description\":\"Poznaj 20 anga\u017cuj\u0105cych \u0107wicze\u0144 rozwijaj\u0105cych emocje i kompetencje spo\u0142eczne u dzieci! Do wykorzystania przez rodzic\u00f3w, nauczycieli, psycholog\u00f3w.\",\"breadcrumb\":{\"@id\":\"https:\\\/\\\/kartysportowca.pl\\\/produkt\\\/malysportowiec\\\/#breadcrumb\"},\"inLanguage\":\"en-US\",\"potentialAction\":[{\"@type\":\"ReadAction\",\"target\":[\"https:\\\/\\\/kartysportowca.pl\\\/produkt\\\/malysportowiec\\\/\"]}]},{\"@type\":\"ImageObject\",\"inLanguage\":\"en-US\",\"@id\":\"https:\\\/\\\/kartysportowca.pl\\\/produkt\\\/malysportowiec\\\/#primaryimage\",\"url\":\"https:\\\/\\\/kartysportowca.pl\\\/wp-content\\\/uploads\\\/2025\\\/08\\\/okladki-produkty-sklep-1.png\",\"contentUrl\":\"https:\\\/\\\/kartysportowca.pl\\\/wp-content\\\/uploads\\\/2025\\\/08\\\/okladki-produkty-sklep-1.png\",\"width\":1080,\"height\":1080,\"caption\":\"psychologia sportu trening mentalny\"},{\"@type\":\"BreadcrumbList\",\"@id\":\"https:\\\/\\\/kartysportowca.pl\\\/produkt\\\/malysportowiec\\\/#breadcrumb\",\"itemListElement\":[{\"@type\":\"ListItem\",\"position\":1,\"name\":\"Strona g\u0142\u00f3wna\",\"item\":\"https:\\\/\\\/kartysportowca.pl\\\/\"},{\"@type\":\"ListItem\",\"position\":2,\"name\":\"Sklep\",\"item\":\"https:\\\/\\\/kartysportowca.pl\\\/sklep\\\/\"},{\"@type\":\"ListItem\",\"position\":3,\"name\":\"Zeszyt \u0107wicze\u0144 Ma\u0142ego Sportowca (ebook)\"}]},{\"@type\":\"WebSite\",\"@id\":\"https:\\\/\\\/kartysportowca.pl\\\/#website\",\"url\":\"https:\\\/\\\/kartysportowca.pl\\\/\",\"name\":\"Karty Sportowca\",\"description\":\"\",\"publisher\":{\"@id\":\"https:\\\/\\\/kartysportowca.pl\\\/#organization\"},\"potentialAction\":[{\"@type\":\"SearchAction\",\"target\":{\"@type\":\"EntryPoint\",\"urlTemplate\":\"https:\\\/\\\/kartysportowca.pl\\\/?s={search_term_string}\"},\"query-input\":{\"@type\":\"PropertyValueSpecification\",\"valueRequired\":true,\"valueName\":\"search_term_string\"}}],\"inLanguage\":\"en-US\"},{\"@type\":\"Organization\",\"@id\":\"https:\\\/\\\/kartysportowca.pl\\\/#organization\",\"name\":\"Karty Sportowca\",\"url\":\"https:\\\/\\\/kartysportowca.pl\\\/\",\"logo\":{\"@type\":\"ImageObject\",\"inLanguage\":\"en-US\",\"@id\":\"https:\\\/\\\/kartysportowca.pl\\\/#\\\/schema\\\/logo\\\/image\\\/\",\"url\":\"https:\\\/\\\/kartysportowca.pl\\\/wp-content\\\/uploads\\\/2021\\\/03\\\/logo_karty_sportowca.png\",\"contentUrl\":\"https:\\\/\\\/kartysportowca.pl\\\/wp-content\\\/uploads\\\/2021\\\/03\\\/logo_karty_sportowca.png\",\"width\":800,\"height\":274,\"caption\":\"Karty Sportowca\"},\"image\":{\"@id\":\"https:\\\/\\\/kartysportowca.pl\\\/#\\\/schema\\\/logo\\\/image\\\/\"},\"sameAs\":[\"https:\\\/\\\/www.facebook.com\\\/kartysportowca\",\"https:\\\/\\\/www.instagram.com\\\/kartysportowca\\\/\",\"https:\\\/\\\/pl.linkedin.com\\\/company\\\/karty-sportowca\"]}]}<\/script>\n<!-- \/ Yoast SEO plugin. -->","yoast_head_json":{"title":"Ebook Zeszyt \u0106wicze\u0144 Ma\u0142ego Sportowca","description":"Poznaj 20 anga\u017cuj\u0105cych \u0107wicze\u0144 rozwijaj\u0105cych emocje i kompetencje spo\u0142eczne u dzieci! Do wykorzystania przez rodzic\u00f3w, nauczycieli, psycholog\u00f3w.","robots":{"index":"index","follow":"follow","max-snippet":"max-snippet:-1","max-image-preview":"max-image-preview:large","max-video-preview":"max-video-preview:-1"},"canonical":"https:\/\/kartysportowca.pl\/en\/product\/malysportowiec\/","og_locale":"en_US","og_type":"article","og_title":"Ebook Zeszyt \u0106wicze\u0144 Ma\u0142ego Sportowca","og_description":"Poznaj 20 anga\u017cuj\u0105cych \u0107wicze\u0144 rozwijaj\u0105cych emocje i kompetencje spo\u0142eczne u dzieci! Do wykorzystania przez rodzic\u00f3w, nauczycieli, psycholog\u00f3w.","og_url":"https:\/\/kartysportowca.pl\/en\/product\/malysportowiec\/","article_publisher":"https:\/\/www.facebook.com\/kartysportowca","article_modified_time":"2026-02-16T16:49:45+00:00","og_image":[{"width":1080,"height":1080,"url":"https:\/\/kartysportowca.pl\/wp-content\/uploads\/2025\/08\/okladki-produkty-sklep-1.png","type":"image\/png"}],"twitter_card":"summary_large_image","twitter_misc":{"Est. reading time":"1 minute"},"schema":{"@context":"https:\/\/schema.org","@graph":[{"@type":"WebPage","@id":"https:\/\/kartysportowca.pl\/produkt\/malysportowiec\/","url":"https:\/\/kartysportowca.pl\/produkt\/malysportowiec\/","name":"Ebook Zeszyt \u0106wicze\u0144 Ma\u0142ego Sportowca","isPartOf":{"@id":"https:\/\/kartysportowca.pl\/#website"},"primaryImageOfPage":{"@id":"https:\/\/kartysportowca.pl\/produkt\/malysportowiec\/#primaryimage"},"image":{"@id":"https:\/\/kartysportowca.pl\/produkt\/malysportowiec\/#primaryimage"},"thumbnailUrl":"https:\/\/kartysportowca.pl\/wp-content\/uploads\/2025\/08\/okladki-produkty-sklep-1.png","datePublished":"2025-08-25T19:55:07+00:00","dateModified":"2026-02-16T16:49:45+00:00","description":"Poznaj 20 anga\u017cuj\u0105cych \u0107wicze\u0144 rozwijaj\u0105cych emocje i kompetencje spo\u0142eczne u dzieci! Do wykorzystania przez rodzic\u00f3w, nauczycieli, psycholog\u00f3w.","breadcrumb":{"@id":"https:\/\/kartysportowca.pl\/produkt\/malysportowiec\/#breadcrumb"},"inLanguage":"en-US","potentialAction":[{"@type":"ReadAction","target":["https:\/\/kartysportowca.pl\/produkt\/malysportowiec\/"]}]},{"@type":"ImageObject","inLanguage":"en-US","@id":"https:\/\/kartysportowca.pl\/produkt\/malysportowiec\/#primaryimage","url":"https:\/\/kartysportowca.pl\/wp-content\/uploads\/2025\/08\/okladki-produkty-sklep-1.png","contentUrl":"https:\/\/kartysportowca.pl\/wp-content\/uploads\/2025\/08\/okladki-produkty-sklep-1.png","width":1080,"height":1080,"caption":"psychologia sportu trening mentalny"},{"@type":"BreadcrumbList","@id":"https:\/\/kartysportowca.pl\/produkt\/malysportowiec\/#breadcrumb","itemListElement":[{"@type":"ListItem","position":1,"name":"Strona g\u0142\u00f3wna","item":"https:\/\/kartysportowca.pl\/"},{"@type":"ListItem","position":2,"name":"Sklep","item":"https:\/\/kartysportowca.pl\/sklep\/"},{"@type":"ListItem","position":3,"name":"Zeszyt \u0107wicze\u0144 Ma\u0142ego Sportowca (ebook)"}]},{"@type":"WebSite","@id":"https:\/\/kartysportowca.pl\/#website","url":"https:\/\/kartysportowca.pl\/","name":"Karty Sportowca","description":"","publisher":{"@id":"https:\/\/kartysportowca.pl\/#organization"},"potentialAction":[{"@type":"SearchAction","target":{"@type":"EntryPoint","urlTemplate":"https:\/\/kartysportowca.pl\/?s={search_term_string}"},"query-input":{"@type":"PropertyValueSpecification","valueRequired":true,"valueName":"search_term_string"}}],"inLanguage":"en-US"},{"@type":"Organization","@id":"https:\/\/kartysportowca.pl\/#organization","name":"Karty Sportowca","url":"https:\/\/kartysportowca.pl\/","logo":{"@type":"ImageObject","inLanguage":"en-US","@id":"https:\/\/kartysportowca.pl\/#\/schema\/logo\/image\/","url":"https:\/\/kartysportowca.pl\/wp-content\/uploads\/2021\/03\/logo_karty_sportowca.png","contentUrl":"https:\/\/kartysportowca.pl\/wp-content\/uploads\/2021\/03\/logo_karty_sportowca.png","width":800,"height":274,"caption":"Karty Sportowca"},"image":{"@id":"https:\/\/kartysportowca.pl\/#\/schema\/logo\/image\/"},"sameAs":["https:\/\/www.facebook.com\/kartysportowca","https:\/\/www.instagram.com\/kartysportowca\/","https:\/\/pl.linkedin.com\/company\/karty-sportowca"]}]}},"_links":{"self":[{"href":"https:\/\/kartysportowca.pl\/en\/wp-json\/wp\/v2\/product\/24858","targetHints":{"allow":["GET"]}}],"collection":[{"href":"https:\/\/kartysportowca.pl\/en\/wp-json\/wp\/v2\/product"}],"about":[{"href":"https:\/\/kartysportowca.pl\/en\/wp-json\/wp\/v2\/types\/product"}],"wp:featuredmedia":[{"embeddable":true,"href":"https:\/\/kartysportowca.pl\/en\/wp-json\/wp\/v2\/media\/25209"}],"wp:attachment":[{"href":"https:\/\/kartysportowca.pl\/en\/wp-json\/wp\/v2\/media?parent=24858"}],"wp:term":[{"taxonomy":"product_brand","embeddable":true,"href":"https:\/\/kartysportowca.pl\/en\/wp-json\/wp\/v2\/product_brand?post=24858"},{"taxonomy":"product_cat","embeddable":true,"href":"https:\/\/kartysportowca.pl\/en\/wp-json\/wp\/v2\/product_cat?post=24858"},{"taxonomy":"product_tag","embeddable":true,"href":"https:\/\/kartysportowca.pl\/en\/wp-json\/wp\/v2\/product_tag?post=24858"}],"curies":[{"name":"wp","href":"https:\/\/api.w.org\/{rel}","templated":true}]}}