{"id":25293,"date":"2025-10-24T13:26:03","date_gmt":"2025-10-24T11:26:03","guid":{"rendered":"https:\/\/kartysportowca.pl\/?post_type=product&#038;p=25293"},"modified":"2026-03-09T18:12:09","modified_gmt":"2026-03-09T17:12:09","slug":"odzywianie","status":"publish","type":"product","link":"https:\/\/kartysportowca.pl\/en\/product\/odzywianie\/","title":{"rendered":"Szkolenie &#8211; Zaburzenia od\u017cywiania w sporcie"},"content":{"rendered":"<p class=\"p1\">Sportowcy nale\u017c\u0105 do grupy ryzyka, je\u015bli chodzi o zaburzenia od\u017cywiania.<\/p>\n<p class=\"p1\">\u2753Dlaczego tak jest? I jak wspiera\u0107 ich zdrowy rozw\u00f3j w sferze sportu?<\/p>\n<p class=\"p1\">\u2753Jakie sygna\u0142y powinny niepokoi\u0107 psychologa, trenera?<span class=\"Apple-converted-space\">\u00a0<\/span><\/p>\n<p>&nbsp;<\/p>\n<p class=\"p1\"><strong>Na szkoleniu uczestnicy dowiedz\u0105 si\u0119 m.in.:<\/strong><\/p>\n<p class=\"p1\">\u2705 jak wygl\u0105da transdiagnostyczne podej\u015bcie do zaburze\u0144 od\u017cywiania<span class=\"Apple-converted-space\">\u00a0<\/span><\/p>\n<p class=\"p1\">\u2705 jak dzia\u0142aj\u0105 b\u0142\u0119dne ko\u0142a objaw\u00f3w<\/p>\n<p class=\"p1\">\u2705 jakie mechanizmy podtrzymuj\u0105 problem<\/p>\n<p class=\"p1\">\u2705 jakie s\u0105 zwi\u0105zki pomi\u0119dzy sportem a zaburzeniami od\u017cywiania<span class=\"Apple-converted-space\">\u00a0<\/span><\/p>\n<p class=\"p1\">\u2705 jak wspiera\u0107 zawodnik\u00f3w, klient\u00f3w w \u015bwiadomym dbaniu o swoje zdrowie &#8211; fizyczne oraz psychiczne<\/p>\n<p>&nbsp;<\/p>\n<p class=\"p1\"><strong>Na szkoleniu pojawi si\u0119 sporo praktycznych metod pracy wraz z ich odniesieniem do teorii oraz konkretnych przypadk\u00f3w.<span class=\"Apple-converted-space\">\u00a0<\/span><\/strong><\/p>\n<p class=\"p1\"><strong>Serdecznie zapraszamy psycholog\u00f3w oraz student\u00f3w psychologii.<\/strong><\/p>\n<p>&nbsp;<\/p>\n<p><b>Co oferujemy?<\/b><\/p>\n<ul>\n<li>Rzeteln\u0105 wiedz\u0119,<\/li>\n<li>Praktyczne wskaz\u00f3wki i techniki pracy,<\/li>\n<li>Materia\u0142y w PDF z najwa\u017cniejszymi informacjami oraz spisem prezentowanych technik,<\/li>\n<li>Certyfikat uczestnictwa.<\/li>\n<\/ul>\n<p><span style=\"font-weight: 400;\">\u00a0<\/span><\/p>\n<p><strong>O prowadz\u0105cej:<\/strong><\/p>\n<p><strong><span lang=\"EN-US\"><img decoding=\"async\" class=\"wp-image-7296 alignleft\" src=\"https:\/\/kartysportowca.pl\/wp-content\/uploads\/2021\/08\/ALEKSANDRA-GNACEK-psycholog-psychoterapeutka-poznawczo-behawioralna.jpg\" alt=\"\" width=\"160\" height=\"160\" srcset=\"https:\/\/kartysportowca.pl\/wp-content\/uploads\/2021\/08\/ALEKSANDRA-GNACEK-psycholog-psychoterapeutka-poznawczo-behawioralna.jpg 400w, https:\/\/kartysportowca.pl\/wp-content\/uploads\/2021\/08\/ALEKSANDRA-GNACEK-psycholog-psychoterapeutka-poznawczo-behawioralna-100x100.jpg 100w, https:\/\/kartysportowca.pl\/wp-content\/uploads\/2021\/08\/ALEKSANDRA-GNACEK-psycholog-psychoterapeutka-poznawczo-behawioralna-300x300.jpg 300w, https:\/\/kartysportowca.pl\/wp-content\/uploads\/2021\/08\/ALEKSANDRA-GNACEK-psycholog-psychoterapeutka-poznawczo-behawioralna-150x150.jpg 150w, https:\/\/kartysportowca.pl\/wp-content\/uploads\/2021\/08\/ALEKSANDRA-GNACEK-psycholog-psychoterapeutka-poznawczo-behawioralna-75x75.jpg 75w, https:\/\/kartysportowca.pl\/wp-content\/uploads\/2021\/08\/ALEKSANDRA-GNACEK-psycholog-psychoterapeutka-poznawczo-behawioralna-66x66.jpg 66w, https:\/\/kartysportowca.pl\/wp-content\/uploads\/2021\/08\/ALEKSANDRA-GNACEK-psycholog-psychoterapeutka-poznawczo-behawioralna-200x200.jpg 200w\" sizes=\"(max-width: 160px) 100vw, 160px\" \/><\/span><\/strong><\/p>\n<p><strong>Aleksandra Gnacek<\/strong> \u2013 psycholog, certyfikowana terapeutka poznawczo-behawioralna (Certyfikat Polskiego Towarzystwa Terapii Poznawczej i Behawioralnej). Autorka artyku\u0142\u00f3w o tematyce zwi\u0105zanej ze zdrowiem psychicznym, psychoterapi\u0105 i zaburzeniami funkcji poznawczych. Prowadzi szkolenia i webinary. Autorka ksi\u0105\u017cek do rehabilitacji proces\u00f3w poznawczych.<\/p>\n<p>Do\u015bwiadczenie zawodowe zdobywa\u0142a m.in. w plac\u00f3wce opieku\u0144czo-wychowawczej, oddziale rehabilitacji neurologicznej, poradni zdrowia psychicznego, w oddziale psychiatrycznym stacjonarnym i dziennym oraz w \u015brodowiskowym domu samopomocy. Wsp\u00f3\u0142prowadzi\u0142a grupy terapeutyczne dla dzieci i m\u0142odzie\u017cy.<\/p>\n<p>Specjalizuje si\u0119 w\u00a0indywidualnej terapii os\u00f3b doros\u0142ych. Prowadzi prywatn\u0105 praktyk\u0119 \u2013 stacjonarnie oraz online:<\/p>\n<ul>\n<li>kwestiazmiany.pl<\/li>\n<li>facebook.com\/KwestiaZmiany<\/li>\n<\/ul>\n<p>Obecnie wsp\u00f3\u0142tworzy aplikacj\u0119 do rehabilitacji proces\u00f3w poznawczych dla doros\u0142ych pacjent\u00f3w po udarach i urazach m\u00f3zgu.<\/p>\n<ul>\n<li>https:\/\/abastroke.com\/<\/li>\n<\/ul>\n<div>\n<p class=\"Domylne\">\n<\/div>\n<p>&nbsp;<\/p>\n<p>&nbsp;<\/p>\n<p>&nbsp;<\/p>\n<p><em>Op\u0142ata wpisowa podlega zwrotowi\u00a0w przypadku odwo\u0142ania lub prze\u0142o\u017cenia terminu szkolenia. W przypadku dokonania zapisu i nieuczestniczenia w szkoleniu, op\u0142ata nie podlega zwrotowi. Szkolenie\u00a0<span style=\"text-decoration: underline;\">nie<\/span> jest nagrywane.<\/em><\/p>\n<p>&nbsp;<\/p>","protected":false},"excerpt":{"rendered":"<p><span style=\"font-weight: 400;\"><strong>Termin:<\/strong> 30 maja (sobota), w godzinach 9-12:00<\/span><\/p>\n<p><strong>Miejsce<\/strong>: Online, na platformie Zoom (link wy\u015blemy na e-mail podany w zam\u00f3wieniu, dzie\u0144 przed szkoleniem).<\/p>\n<p>&nbsp;<\/p>\n<p>&nbsp;<\/p>","protected":false},"featured_media":24443,"template":"","meta":{"site-sidebar-layout":"default","site-content-layout":"","ast-site-content-layout":"default","site-content-style":"default","site-sidebar-style":"default","ast-global-header-display":"","ast-banner-title-visibility":"","ast-main-header-display":"","ast-hfb-above-header-display":"","ast-hfb-below-header-display":"","ast-hfb-mobile-header-display":"","site-post-title":"","ast-breadcrumbs-content":"","ast-featured-img":"","footer-sml-layout":"","ast-disable-related-posts":"","theme-transparent-header-meta":"default","adv-header-id-meta":"","stick-header-meta":"","header-above-stick-meta":"","header-main-stick-meta":"","header-below-stick-meta":"","astra-migrate-meta-layouts":"set","ast-page-background-enabled":"default","ast-page-background-meta":{"desktop":{"background-color":"","background-image":"","background-repeat":"repeat","background-position":"center center","background-size":"auto","background-attachment":"scroll","background-type":"","background-media":"","overlay-type":"","overlay-color":"","overlay-opacity":"","overlay-gradient":""},"tablet":{"background-color":"","background-image":"","background-repeat":"repeat","background-position":"center center","background-size":"auto","background-attachment":"scroll","background-type":"","background-media":"","overlay-type":"","overlay-color":"","overlay-opacity":"","overlay-gradient":""},"mobile":{"background-color":"","background-image":"","background-repeat":"repeat","background-position":"center center","background-size":"auto","background-attachment":"scroll","background-type":"","background-media":"","overlay-type":"","overlay-color":"","overlay-opacity":"","overlay-gradient":""}},"ast-content-background-meta":{"desktop":{"background-color":"var(--ast-global-color-5)","background-image":"","background-repeat":"repeat","background-position":"center center","background-size":"auto","background-attachment":"scroll","background-type":"","background-media":"","overlay-type":"","overlay-color":"","overlay-opacity":"","overlay-gradient":""},"tablet":{"background-color":"var(--ast-global-color-5)","background-image":"","background-repeat":"repeat","background-position":"center center","background-size":"auto","background-attachment":"scroll","background-type":"","background-media":"","overlay-type":"","overlay-color":"","overlay-opacity":"","overlay-gradient":""},"mobile":{"background-color":"var(--ast-global-color-5)","background-image":"","background-repeat":"repeat","background-position":"center center","background-size":"auto","background-attachment":"scroll","background-type":"","background-media":"","overlay-type":"","overlay-color":"","overlay-opacity":"","overlay-gradient":""}}},"product_brand":[],"product_cat":[35,24],"product_tag":[25],"class_list":{"0":"post-25293","1":"product","2":"type-product","3":"status-publish","4":"has-post-thumbnail","6":"product_cat-szkolenia","7":"product_cat-szkolenie","8":"product_tag-szkolenie","9":"desktop-align-center","10":"tablet-align-left","11":"mobile-align-left","13":"first","14":"instock","15":"virtual","16":"purchasable","17":"product-type-simple"},"yoast_head":"<!-- This site is optimized with the Yoast SEO plugin v27.4 - https:\/\/yoast.com\/product\/yoast-seo-wordpress\/ -->\n<title>Szkolenie - zaburzenia od\u017cywiania w sporcie<\/title>\n<meta name=\"description\" content=\"Dowiedz si\u0119, jak psycholog mo\u017ce pracowa\u0107 ze sportowcami, kt\u00f3rzy cierpi\u0105 na zaburzenia od\u017cywiania, poznaj konkretne techniki i narz\u0119dzia.\" \/>\n<meta name=\"robots\" content=\"index, follow, max-snippet:-1, max-image-preview:large, max-video-preview:-1\" \/>\n<link rel=\"canonical\" href=\"https:\/\/kartysportowca.pl\/en\/product\/odzywianie\/\" \/>\n<meta property=\"og:locale\" content=\"en_US\" \/>\n<meta property=\"og:type\" content=\"article\" \/>\n<meta property=\"og:title\" content=\"Szkolenie - zaburzenia od\u017cywiania w sporcie\" \/>\n<meta property=\"og:description\" content=\"Dowiedz si\u0119, jak psycholog mo\u017ce pracowa\u0107 ze sportowcami, kt\u00f3rzy cierpi\u0105 na zaburzenia od\u017cywiania, poznaj konkretne techniki i narz\u0119dzia.\" \/>\n<meta property=\"og:url\" content=\"https:\/\/kartysportowca.pl\/en\/product\/odzywianie\/\" \/>\n<meta property=\"article:publisher\" content=\"https:\/\/www.facebook.com\/kartysportowca\" \/>\n<meta property=\"article:modified_time\" content=\"2026-03-09T17:12:09+00:00\" \/>\n<meta property=\"og:image\" content=\"https:\/\/kartysportowca.pl\/wp-content\/uploads\/2021\/08\/zaburzenia-odzywiania-1.png\" \/>\n\t<meta property=\"og:image:width\" content=\"1080\" \/>\n\t<meta property=\"og:image:height\" content=\"1080\" \/>\n\t<meta property=\"og:image:type\" content=\"image\/png\" \/>\n<meta name=\"twitter:card\" content=\"summary_large_image\" \/>\n<meta name=\"twitter:label1\" content=\"Est. reading time\" \/>\n\t<meta name=\"twitter:data1\" content=\"2 minutes\" \/>\n<script type=\"application\/ld+json\" class=\"yoast-schema-graph\">{\"@context\":\"https:\\\/\\\/schema.org\",\"@graph\":[{\"@type\":\"WebPage\",\"@id\":\"https:\\\/\\\/kartysportowca.pl\\\/produkt\\\/odzywianie\\\/\",\"url\":\"https:\\\/\\\/kartysportowca.pl\\\/produkt\\\/odzywianie\\\/\",\"name\":\"Szkolenie - zaburzenia od\u017cywiania w sporcie\",\"isPartOf\":{\"@id\":\"https:\\\/\\\/kartysportowca.pl\\\/#website\"},\"primaryImageOfPage\":{\"@id\":\"https:\\\/\\\/kartysportowca.pl\\\/produkt\\\/odzywianie\\\/#primaryimage\"},\"image\":{\"@id\":\"https:\\\/\\\/kartysportowca.pl\\\/produkt\\\/odzywianie\\\/#primaryimage\"},\"thumbnailUrl\":\"https:\\\/\\\/kartysportowca.pl\\\/wp-content\\\/uploads\\\/2021\\\/08\\\/zaburzenia-odzywiania-1.png\",\"datePublished\":\"2025-10-24T11:26:03+00:00\",\"dateModified\":\"2026-03-09T17:12:09+00:00\",\"description\":\"Dowiedz si\u0119, jak psycholog mo\u017ce pracowa\u0107 ze sportowcami, kt\u00f3rzy cierpi\u0105 na zaburzenia od\u017cywiania, poznaj konkretne techniki i narz\u0119dzia.\",\"breadcrumb\":{\"@id\":\"https:\\\/\\\/kartysportowca.pl\\\/produkt\\\/odzywianie\\\/#breadcrumb\"},\"inLanguage\":\"en-US\",\"potentialAction\":[{\"@type\":\"ReadAction\",\"target\":[\"https:\\\/\\\/kartysportowca.pl\\\/produkt\\\/odzywianie\\\/\"]}]},{\"@type\":\"ImageObject\",\"inLanguage\":\"en-US\",\"@id\":\"https:\\\/\\\/kartysportowca.pl\\\/produkt\\\/odzywianie\\\/#primaryimage\",\"url\":\"https:\\\/\\\/kartysportowca.pl\\\/wp-content\\\/uploads\\\/2021\\\/08\\\/zaburzenia-odzywiania-1.png\",\"contentUrl\":\"https:\\\/\\\/kartysportowca.pl\\\/wp-content\\\/uploads\\\/2021\\\/08\\\/zaburzenia-odzywiania-1.png\",\"width\":1080,\"height\":1080,\"caption\":\"zaburzenia od\u017cywiania psychologia sportu\"},{\"@type\":\"BreadcrumbList\",\"@id\":\"https:\\\/\\\/kartysportowca.pl\\\/produkt\\\/odzywianie\\\/#breadcrumb\",\"itemListElement\":[{\"@type\":\"ListItem\",\"position\":1,\"name\":\"Strona g\u0142\u00f3wna\",\"item\":\"https:\\\/\\\/kartysportowca.pl\\\/\"},{\"@type\":\"ListItem\",\"position\":2,\"name\":\"Sklep\",\"item\":\"https:\\\/\\\/kartysportowca.pl\\\/sklep\\\/\"},{\"@type\":\"ListItem\",\"position\":3,\"name\":\"Szkolenie &#8211; Zaburzenia od\u017cywiania w sporcie\"}]},{\"@type\":\"WebSite\",\"@id\":\"https:\\\/\\\/kartysportowca.pl\\\/#website\",\"url\":\"https:\\\/\\\/kartysportowca.pl\\\/\",\"name\":\"Karty Sportowca\",\"description\":\"\",\"publisher\":{\"@id\":\"https:\\\/\\\/kartysportowca.pl\\\/#organization\"},\"potentialAction\":[{\"@type\":\"SearchAction\",\"target\":{\"@type\":\"EntryPoint\",\"urlTemplate\":\"https:\\\/\\\/kartysportowca.pl\\\/?s={search_term_string}\"},\"query-input\":{\"@type\":\"PropertyValueSpecification\",\"valueRequired\":true,\"valueName\":\"search_term_string\"}}],\"inLanguage\":\"en-US\"},{\"@type\":\"Organization\",\"@id\":\"https:\\\/\\\/kartysportowca.pl\\\/#organization\",\"name\":\"Karty Sportowca\",\"url\":\"https:\\\/\\\/kartysportowca.pl\\\/\",\"logo\":{\"@type\":\"ImageObject\",\"inLanguage\":\"en-US\",\"@id\":\"https:\\\/\\\/kartysportowca.pl\\\/#\\\/schema\\\/logo\\\/image\\\/\",\"url\":\"https:\\\/\\\/kartysportowca.pl\\\/wp-content\\\/uploads\\\/2021\\\/03\\\/logo_karty_sportowca.png\",\"contentUrl\":\"https:\\\/\\\/kartysportowca.pl\\\/wp-content\\\/uploads\\\/2021\\\/03\\\/logo_karty_sportowca.png\",\"width\":800,\"height\":274,\"caption\":\"Karty Sportowca\"},\"image\":{\"@id\":\"https:\\\/\\\/kartysportowca.pl\\\/#\\\/schema\\\/logo\\\/image\\\/\"},\"sameAs\":[\"https:\\\/\\\/www.facebook.com\\\/kartysportowca\",\"https:\\\/\\\/www.instagram.com\\\/kartysportowca\\\/\",\"https:\\\/\\\/pl.linkedin.com\\\/company\\\/karty-sportowca\"]}]}<\/script>\n<!-- \/ Yoast SEO plugin. -->","yoast_head_json":{"title":"Szkolenie - zaburzenia od\u017cywiania w sporcie","description":"Dowiedz si\u0119, jak psycholog mo\u017ce pracowa\u0107 ze sportowcami, kt\u00f3rzy cierpi\u0105 na zaburzenia od\u017cywiania, poznaj konkretne techniki i narz\u0119dzia.","robots":{"index":"index","follow":"follow","max-snippet":"max-snippet:-1","max-image-preview":"max-image-preview:large","max-video-preview":"max-video-preview:-1"},"canonical":"https:\/\/kartysportowca.pl\/en\/product\/odzywianie\/","og_locale":"en_US","og_type":"article","og_title":"Szkolenie - zaburzenia od\u017cywiania w sporcie","og_description":"Dowiedz si\u0119, jak psycholog mo\u017ce pracowa\u0107 ze sportowcami, kt\u00f3rzy cierpi\u0105 na zaburzenia od\u017cywiania, poznaj konkretne techniki i narz\u0119dzia.","og_url":"https:\/\/kartysportowca.pl\/en\/product\/odzywianie\/","article_publisher":"https:\/\/www.facebook.com\/kartysportowca","article_modified_time":"2026-03-09T17:12:09+00:00","og_image":[{"width":1080,"height":1080,"url":"https:\/\/kartysportowca.pl\/wp-content\/uploads\/2021\/08\/zaburzenia-odzywiania-1.png","type":"image\/png"}],"twitter_card":"summary_large_image","twitter_misc":{"Est. reading time":"2 minutes"},"schema":{"@context":"https:\/\/schema.org","@graph":[{"@type":"WebPage","@id":"https:\/\/kartysportowca.pl\/produkt\/odzywianie\/","url":"https:\/\/kartysportowca.pl\/produkt\/odzywianie\/","name":"Szkolenie - zaburzenia od\u017cywiania w sporcie","isPartOf":{"@id":"https:\/\/kartysportowca.pl\/#website"},"primaryImageOfPage":{"@id":"https:\/\/kartysportowca.pl\/produkt\/odzywianie\/#primaryimage"},"image":{"@id":"https:\/\/kartysportowca.pl\/produkt\/odzywianie\/#primaryimage"},"thumbnailUrl":"https:\/\/kartysportowca.pl\/wp-content\/uploads\/2021\/08\/zaburzenia-odzywiania-1.png","datePublished":"2025-10-24T11:26:03+00:00","dateModified":"2026-03-09T17:12:09+00:00","description":"Dowiedz si\u0119, jak psycholog mo\u017ce pracowa\u0107 ze sportowcami, kt\u00f3rzy cierpi\u0105 na zaburzenia od\u017cywiania, poznaj konkretne techniki i narz\u0119dzia.","breadcrumb":{"@id":"https:\/\/kartysportowca.pl\/produkt\/odzywianie\/#breadcrumb"},"inLanguage":"en-US","potentialAction":[{"@type":"ReadAction","target":["https:\/\/kartysportowca.pl\/produkt\/odzywianie\/"]}]},{"@type":"ImageObject","inLanguage":"en-US","@id":"https:\/\/kartysportowca.pl\/produkt\/odzywianie\/#primaryimage","url":"https:\/\/kartysportowca.pl\/wp-content\/uploads\/2021\/08\/zaburzenia-odzywiania-1.png","contentUrl":"https:\/\/kartysportowca.pl\/wp-content\/uploads\/2021\/08\/zaburzenia-odzywiania-1.png","width":1080,"height":1080,"caption":"zaburzenia od\u017cywiania psychologia sportu"},{"@type":"BreadcrumbList","@id":"https:\/\/kartysportowca.pl\/produkt\/odzywianie\/#breadcrumb","itemListElement":[{"@type":"ListItem","position":1,"name":"Strona g\u0142\u00f3wna","item":"https:\/\/kartysportowca.pl\/"},{"@type":"ListItem","position":2,"name":"Sklep","item":"https:\/\/kartysportowca.pl\/sklep\/"},{"@type":"ListItem","position":3,"name":"Szkolenie &#8211; Zaburzenia od\u017cywiania w sporcie"}]},{"@type":"WebSite","@id":"https:\/\/kartysportowca.pl\/#website","url":"https:\/\/kartysportowca.pl\/","name":"Karty Sportowca","description":"","publisher":{"@id":"https:\/\/kartysportowca.pl\/#organization"},"potentialAction":[{"@type":"SearchAction","target":{"@type":"EntryPoint","urlTemplate":"https:\/\/kartysportowca.pl\/?s={search_term_string}"},"query-input":{"@type":"PropertyValueSpecification","valueRequired":true,"valueName":"search_term_string"}}],"inLanguage":"en-US"},{"@type":"Organization","@id":"https:\/\/kartysportowca.pl\/#organization","name":"Karty Sportowca","url":"https:\/\/kartysportowca.pl\/","logo":{"@type":"ImageObject","inLanguage":"en-US","@id":"https:\/\/kartysportowca.pl\/#\/schema\/logo\/image\/","url":"https:\/\/kartysportowca.pl\/wp-content\/uploads\/2021\/03\/logo_karty_sportowca.png","contentUrl":"https:\/\/kartysportowca.pl\/wp-content\/uploads\/2021\/03\/logo_karty_sportowca.png","width":800,"height":274,"caption":"Karty Sportowca"},"image":{"@id":"https:\/\/kartysportowca.pl\/#\/schema\/logo\/image\/"},"sameAs":["https:\/\/www.facebook.com\/kartysportowca","https:\/\/www.instagram.com\/kartysportowca\/","https:\/\/pl.linkedin.com\/company\/karty-sportowca"]}]}},"_links":{"self":[{"href":"https:\/\/kartysportowca.pl\/en\/wp-json\/wp\/v2\/product\/25293","targetHints":{"allow":["GET"]}}],"collection":[{"href":"https:\/\/kartysportowca.pl\/en\/wp-json\/wp\/v2\/product"}],"about":[{"href":"https:\/\/kartysportowca.pl\/en\/wp-json\/wp\/v2\/types\/product"}],"wp:featuredmedia":[{"embeddable":true,"href":"https:\/\/kartysportowca.pl\/en\/wp-json\/wp\/v2\/media\/24443"}],"wp:attachment":[{"href":"https:\/\/kartysportowca.pl\/en\/wp-json\/wp\/v2\/media?parent=25293"}],"wp:term":[{"taxonomy":"product_brand","embeddable":true,"href":"https:\/\/kartysportowca.pl\/en\/wp-json\/wp\/v2\/product_brand?post=25293"},{"taxonomy":"product_cat","embeddable":true,"href":"https:\/\/kartysportowca.pl\/en\/wp-json\/wp\/v2\/product_cat?post=25293"},{"taxonomy":"product_tag","embeddable":true,"href":"https:\/\/kartysportowca.pl\/en\/wp-json\/wp\/v2\/product_tag?post=25293"}],"curies":[{"name":"wp","href":"https:\/\/api.w.org\/{rel}","templated":true}]}}